{"id":2056,"date":"2021-03-26T07:52:18","date_gmt":"2021-03-26T05:52:18","guid":{"rendered":"https:\/\/lamoixina.com\/cartes\/"},"modified":"2022-01-03T16:38:41","modified_gmt":"2022-01-03T14:38:41","slug":"cartas","status":"publish","type":"page","link":"https:\/\/lamoixina.com\/es\/cartas\/","title":{"rendered":"LAS CARTAS"},"content":{"rendered":"<div class=\"wpb-content-wrapper\"><p>[vc_section css=\u00bb.vc_custom_1608470815549{margin-top: 0px !important;margin-right: 0px !important;margin-bottom: 0px !important;margin-left: 0px !important;border-top-width: 0px !important;border-right-width: 0px !important;border-bottom-width: 0px !important;border-left-width: 0px !important;padding-top: 0px !important;padding-right: 0px !important;padding-bottom: 0px !important;padding-left: 0px !important;background-color: #ffffff !important;}\u00bb][vc_row full_width=\u00bbstretch_row_content_no_spaces\u00bb gap=\u00bb5&#8243; equal_height=\u00bbyes\u00bb css=\u00bb.vc_custom_1616738579585{margin-top: 0px !important;margin-right: 0px !important;margin-bottom: 0px !important;margin-left: 0px !important;border-top-width: 0px !important;border-right-width: 0px !important;border-bottom-width: 0px !important;border-left-width: 0px !important;padding-top: 0px !important;padding-right: 0px !important;padding-bottom: 0px !important;padding-left: 0px !important;background-color: #ffffff !important;background-position: 0 0 !important;background-repeat: no-repeat !important;}\u00bb][vc_column width=\u00bb1\/3&#8243; css=\u00bb.vc_custom_1616738544322{margin-top: 0px !important;margin-right: 0px !important;margin-bottom: 0px !important;margin-left: 0px !important;border-top-width: 0px !important;border-right-width: 0px !important;border-bottom-width: 0px !important;border-left-width: 0px !important;padding-top: 20% !important;padding-right: 5% !important;padding-bottom: 20% !important;padding-left: 5% !important;background-color: #937570 !important;}\u00bb]<div id=\"ultimate-heading-344269f1a3ed51299\" class=\"uvc-heading ult-adjust-bottom-margin ultimate-heading-344269f1a3ed51299 uvc-7561 \" data-hspacer=\"no_spacer\"  data-halign=\"left\" style=\"text-align:left\"><div class=\"uvc-heading-spacer no_spacer\" style=\"top\"><\/div><div class=\"uvc-main-heading ult-responsive\"  data-ultimate-target='.uvc-heading.ultimate-heading-344269f1a3ed51299 h3'  data-responsive-json-new='{\"font-size\":\"desktop:45px;tablet:45px;tablet_portrait:25px;mobile_landscape:24px;mobile:24px;\",\"line-height\":\"\"}' ><h3 style=\"--font-weight:theme;color:#66321d;\">CARTAS<br \/>\nRESTAURANTE<\/h3><\/div><\/div>[vc_icon type=\u00bbthe7&#8243; icon_the7=\u00bbicomoon-the7-font-the7-plus-04&#8243; color=\u00bbcustom\u00bb css_animation=\u00bbnone\u00bb custom_color=\u00bb#674c41&#8243; css=\u00bb.vc_custom_1616761889735{margin-top: 5px !important;margin-bottom: 0px !important;margin-left: -15px !important;border-bottom-width: 0px !important;padding-bottom: 0px !important;}\u00bb link=\u00bburl:https%3A%2F%2Flamoixina.com%2Fes%2Fcartas-restaurante%2F|title:MEN%C3%9A%20DIARI\u00bb][\/vc_column][vc_column css_animation=\u00bbnone\u00bb width=\u00bb1\/3&#8243; css=\u00bb.vc_custom_1616738553923{margin-top: 0px !important;margin-right: 0px !important;margin-bottom: 0px !important;margin-left: 0px !important;border-top-width: 0px !important;border-right-width: 0px !important;border-bottom-width: 0px !important;border-left-width: 0px !important;padding-top: 20% !important;padding-right: 5% !important;padding-bottom: 20% !important;padding-left: 5% !important;background-color: #c98f7a !important;background-position: 0 0 !important;background-repeat: no-repeat !important;}\u00bb]<div id=\"ultimate-heading-811969f1a3ed512fd\" class=\"uvc-heading ult-adjust-bottom-margin ultimate-heading-811969f1a3ed512fd uvc-8038 \" data-hspacer=\"no_spacer\"  data-halign=\"left\" style=\"text-align:left\"><div class=\"uvc-heading-spacer no_spacer\" style=\"top\"><\/div><div class=\"uvc-main-heading ult-responsive\"  data-ultimate-target='.uvc-heading.ultimate-heading-811969f1a3ed512fd h3'  data-responsive-json-new='{\"font-size\":\"desktop:45px;tablet:45px;tablet_portrait:25px;mobile_landscape:24px;mobile:24px;\",\"line-height\":\"\"}' ><h3 style=\"--font-weight:theme;color:#66321d;\">CARTAS<br \/>\nTERRAZA \/ BAR<\/h3><\/div><\/div>[vc_icon type=\u00bbthe7&#8243; icon_the7=\u00bbicomoon-the7-font-the7-plus-04&#8243; color=\u00bbcustom\u00bb css_animation=\u00bbnone\u00bb custom_color=\u00bb#674c41&#8243; css=\u00bb.vc_custom_1616738651763{margin-top: 5px !important;margin-bottom: 0px !important;margin-left: -15px !important;border-bottom-width: 0px !important;padding-bottom: 0px !important;}\u00bb link=\u00bburl:https%3A%2F%2Flamoixina.com%2Fterrassa-bar%2F|title:MEN%C3%9A%20DIARI\u00bb][\/vc_column][vc_column width=\u00bb1\/3&#8243; css=\u00bb.vc_custom_1641220719244{margin-top: 0px !important;margin-right: 0px !important;margin-bottom: 0px !important;margin-left: 0px !important;border-top-width: 0px !important;border-right-width: 0px !important;border-bottom-width: 0px !important;border-left-width: 0px !important;padding-top: 20% !important;padding-right: 5% !important;padding-bottom: 20% !important;padding-left: 5% !important;background-color: #c9a082 !important;}\u00bb offset=\u00bbvc_hidden-lg vc_hidden-md vc_hidden-sm vc_hidden-xs\u00bb]<div id=\"ultimate-heading-983969f1a3ed51345\" class=\"uvc-heading ult-adjust-bottom-margin ultimate-heading-983969f1a3ed51345 uvc-874 \" data-hspacer=\"no_spacer\"  data-halign=\"left\" style=\"text-align:left\"><div class=\"uvc-heading-spacer no_spacer\" style=\"top\"><\/div><div class=\"uvc-main-heading ult-responsive\"  data-ultimate-target='.uvc-heading.ultimate-heading-983969f1a3ed51345 h3'  data-responsive-json-new='{\"font-size\":\"desktop:45px;tablet:45px;tablet_portrait:25px;mobile_landscape:24px;mobile:24px;\",\"line-height\":\"\"}' ><h3 style=\"--font-weight:theme;color:#66321d;\">CARTAS<br \/>\nPARA LLEVAR<\/h3><\/div><\/div>[vc_icon type=\u00bbthe7&#8243; icon_the7=\u00bbicomoon-the7-font-the7-plus-04&#8243; color=\u00bbcustom\u00bb css_animation=\u00bbnone\u00bb custom_color=\u00bb#674c41&#8243; css=\u00bb.vc_custom_1616738661871{margin-top: 5px !important;margin-bottom: 0px !important;margin-left: -15px !important;border-bottom-width: 0px !important;padding-bottom: 0px !important;}\u00bb link=\u00bburl:https%3A%2F%2Flamoixina.com%2Fper-emportar%2F|title:MEN%C3%9A%20DIARI\u00bb][\/vc_column][\/vc_row][\/vc_section]<\/p>\n<\/div>","protected":false},"excerpt":{"rendered":"<p>[vc_section css=\u00bb.vc_custom_1608470815549{margin-top: 0px !important;margin-right: 0px !important;margin-bottom: 0px !important;margin-left: 0px !important;border-top-width: 0px !important;border-right-width: 0px !important;border-bottom-width: 0px !important;border-left-width: 0px !important;padding-top: 0px !important;padding-right: 0px !important;padding-bottom: 0px !important;padding-left: 0px !important;background-color: #ffffff !important;}\u00bb][vc_row full_width=\u00bbstretch_row_content_no_spaces\u00bb gap=\u00bb5&#8243; equal_height=\u00bbyes\u00bb css=\u00bb.vc_custom_1616738579585{margin-top: 0px !important;margin-right: 0px !important;margin-bottom: 0px !important;margin-left: 0px !important;border-top-width: 0px !important;border-right-width: 0px !important;border-bottom-width: 0px !important;border-left-width: 0px !important;padding-top: 0px !important;padding-right: 0px !important;padding-bottom: 0px !important;padding-left: 0px&hellip;<\/p>\n","protected":false},"author":1,"featured_media":0,"parent":0,"menu_order":0,"comment_status":"closed","ping_status":"closed","template":"","meta":{"footnotes":""},"class_list":["post-2056","page","type-page","status-publish","hentry","description-off"],"yoast_head":"<!-- This site is optimized with the Yoast SEO plugin v27.2 - https:\/\/yoast.com\/product\/yoast-seo-wordpress\/ -->\n<title>Cartas del restaurante La Moixina Olot | Consulta nuestros platos<\/title>\n<meta name=\"description\" content=\"Cartas y men\u00fas del restaurante la Moixina: men\u00fa diario, carta del restaurante, men\u00fa degustaci\u00f3n, men\u00fa de temporada, vinos...\" \/>\n<meta name=\"robots\" content=\"index, follow, max-snippet:-1, max-image-preview:large, max-video-preview:-1\" \/>\n<link rel=\"canonical\" href=\"https:\/\/lamoixina.com\/es\/cartas\/\" \/>\n<meta property=\"og:locale\" content=\"es_ES\" \/>\n<meta property=\"og:type\" content=\"article\" \/>\n<meta property=\"og:title\" content=\"Cartas del restaurante La Moixina Olot | Consulta nuestros platos\" \/>\n<meta property=\"og:description\" content=\"Cartas y men\u00fas del restaurante la Moixina: men\u00fa diario, carta del restaurante, men\u00fa degustaci\u00f3n, men\u00fa de temporada, vinos...\" \/>\n<meta property=\"og:url\" content=\"https:\/\/lamoixina.com\/es\/cartas\/\" \/>\n<meta property=\"og:site_name\" content=\"La Moixina\" \/>\n<meta property=\"article:modified_time\" content=\"2022-01-03T14:38:41+00:00\" \/>\n<meta name=\"twitter:card\" content=\"summary_large_image\" \/>\n<meta name=\"twitter:label1\" content=\"Tiempo de lectura\" \/>\n\t<meta name=\"twitter:data1\" content=\"2 minutos\" \/>\n<script type=\"application\/ld+json\" class=\"yoast-schema-graph\">{\"@context\":\"https:\/\/schema.org\",\"@graph\":[{\"@type\":\"WebPage\",\"@id\":\"https:\/\/lamoixina.com\/es\/cartas\/\",\"url\":\"https:\/\/lamoixina.com\/es\/cartas\/\",\"name\":\"Cartas del restaurante La Moixina Olot | Consulta nuestros platos\",\"isPartOf\":{\"@id\":\"https:\/\/lamoixina.com\/es\/#website\"},\"datePublished\":\"2021-03-26T05:52:18+00:00\",\"dateModified\":\"2022-01-03T14:38:41+00:00\",\"description\":\"Cartas y men\u00fas del restaurante la Moixina: men\u00fa diario, carta del restaurante, men\u00fa degustaci\u00f3n, men\u00fa de temporada, vinos...\",\"breadcrumb\":{\"@id\":\"https:\/\/lamoixina.com\/es\/cartas\/#breadcrumb\"},\"inLanguage\":\"es\",\"potentialAction\":[{\"@type\":\"ReadAction\",\"target\":[\"https:\/\/lamoixina.com\/es\/cartas\/\"]}]},{\"@type\":\"BreadcrumbList\",\"@id\":\"https:\/\/lamoixina.com\/es\/cartas\/#breadcrumb\",\"itemListElement\":[{\"@type\":\"ListItem\",\"position\":1,\"name\":\"Inici\",\"item\":\"https:\/\/lamoixina.com\/es\/\"},{\"@type\":\"ListItem\",\"position\":2,\"name\":\"LAS CARTAS\"}]},{\"@type\":\"WebSite\",\"@id\":\"https:\/\/lamoixina.com\/es\/#website\",\"url\":\"https:\/\/lamoixina.com\/es\/\",\"name\":\"La Moixina\",\"description\":\"Restaurant Olot de Cuina Volc\u00e0nica\",\"publisher\":{\"@id\":\"https:\/\/lamoixina.com\/es\/#organization\"},\"potentialAction\":[{\"@type\":\"SearchAction\",\"target\":{\"@type\":\"EntryPoint\",\"urlTemplate\":\"https:\/\/lamoixina.com\/es\/?s={search_term_string}\"},\"query-input\":{\"@type\":\"PropertyValueSpecification\",\"valueRequired\":true,\"valueName\":\"search_term_string\"}}],\"inLanguage\":\"es\"},{\"@type\":\"Organization\",\"@id\":\"https:\/\/lamoixina.com\/es\/#organization\",\"name\":\"La Moixina\",\"url\":\"https:\/\/lamoixina.com\/es\/\",\"logo\":{\"@type\":\"ImageObject\",\"inLanguage\":\"es\",\"@id\":\"https:\/\/lamoixina.com\/es\/#\/schema\/logo\/image\/\",\"url\":\"https:\/\/lamoixina.com\/wp-content\/uploads\/2020\/12\/MoixinaM@2.png\",\"contentUrl\":\"https:\/\/lamoixina.com\/wp-content\/uploads\/2020\/12\/MoixinaM@2.png\",\"width\":300,\"height\":140,\"caption\":\"La Moixina\"},\"image\":{\"@id\":\"https:\/\/lamoixina.com\/es\/#\/schema\/logo\/image\/\"}}]}<\/script>\n<!-- \/ Yoast SEO plugin. -->","yoast_head_json":{"title":"Cartas del restaurante La Moixina Olot | Consulta nuestros platos","description":"Cartas y men\u00fas del restaurante la Moixina: men\u00fa diario, carta del restaurante, men\u00fa degustaci\u00f3n, men\u00fa de temporada, vinos...","robots":{"index":"index","follow":"follow","max-snippet":"max-snippet:-1","max-image-preview":"max-image-preview:large","max-video-preview":"max-video-preview:-1"},"canonical":"https:\/\/lamoixina.com\/es\/cartas\/","og_locale":"es_ES","og_type":"article","og_title":"Cartas del restaurante La Moixina Olot | Consulta nuestros platos","og_description":"Cartas y men\u00fas del restaurante la Moixina: men\u00fa diario, carta del restaurante, men\u00fa degustaci\u00f3n, men\u00fa de temporada, vinos...","og_url":"https:\/\/lamoixina.com\/es\/cartas\/","og_site_name":"La Moixina","article_modified_time":"2022-01-03T14:38:41+00:00","twitter_card":"summary_large_image","twitter_misc":{"Tiempo de lectura":"2 minutos"},"schema":{"@context":"https:\/\/schema.org","@graph":[{"@type":"WebPage","@id":"https:\/\/lamoixina.com\/es\/cartas\/","url":"https:\/\/lamoixina.com\/es\/cartas\/","name":"Cartas del restaurante La Moixina Olot | Consulta nuestros platos","isPartOf":{"@id":"https:\/\/lamoixina.com\/es\/#website"},"datePublished":"2021-03-26T05:52:18+00:00","dateModified":"2022-01-03T14:38:41+00:00","description":"Cartas y men\u00fas del restaurante la Moixina: men\u00fa diario, carta del restaurante, men\u00fa degustaci\u00f3n, men\u00fa de temporada, vinos...","breadcrumb":{"@id":"https:\/\/lamoixina.com\/es\/cartas\/#breadcrumb"},"inLanguage":"es","potentialAction":[{"@type":"ReadAction","target":["https:\/\/lamoixina.com\/es\/cartas\/"]}]},{"@type":"BreadcrumbList","@id":"https:\/\/lamoixina.com\/es\/cartas\/#breadcrumb","itemListElement":[{"@type":"ListItem","position":1,"name":"Inici","item":"https:\/\/lamoixina.com\/es\/"},{"@type":"ListItem","position":2,"name":"LAS CARTAS"}]},{"@type":"WebSite","@id":"https:\/\/lamoixina.com\/es\/#website","url":"https:\/\/lamoixina.com\/es\/","name":"La Moixina","description":"Restaurant Olot de Cuina Volc\u00e0nica","publisher":{"@id":"https:\/\/lamoixina.com\/es\/#organization"},"potentialAction":[{"@type":"SearchAction","target":{"@type":"EntryPoint","urlTemplate":"https:\/\/lamoixina.com\/es\/?s={search_term_string}"},"query-input":{"@type":"PropertyValueSpecification","valueRequired":true,"valueName":"search_term_string"}}],"inLanguage":"es"},{"@type":"Organization","@id":"https:\/\/lamoixina.com\/es\/#organization","name":"La Moixina","url":"https:\/\/lamoixina.com\/es\/","logo":{"@type":"ImageObject","inLanguage":"es","@id":"https:\/\/lamoixina.com\/es\/#\/schema\/logo\/image\/","url":"https:\/\/lamoixina.com\/wp-content\/uploads\/2020\/12\/MoixinaM@2.png","contentUrl":"https:\/\/lamoixina.com\/wp-content\/uploads\/2020\/12\/MoixinaM@2.png","width":300,"height":140,"caption":"La Moixina"},"image":{"@id":"https:\/\/lamoixina.com\/es\/#\/schema\/logo\/image\/"}}]}},"_links":{"self":[{"href":"https:\/\/lamoixina.com\/es\/wp-json\/wp\/v2\/pages\/2056","targetHints":{"allow":["GET"]}}],"collection":[{"href":"https:\/\/lamoixina.com\/es\/wp-json\/wp\/v2\/pages"}],"about":[{"href":"https:\/\/lamoixina.com\/es\/wp-json\/wp\/v2\/types\/page"}],"author":[{"embeddable":true,"href":"https:\/\/lamoixina.com\/es\/wp-json\/wp\/v2\/users\/1"}],"replies":[{"embeddable":true,"href":"https:\/\/lamoixina.com\/es\/wp-json\/wp\/v2\/comments?post=2056"}],"version-history":[{"count":6,"href":"https:\/\/lamoixina.com\/es\/wp-json\/wp\/v2\/pages\/2056\/revisions"}],"predecessor-version":[{"id":2693,"href":"https:\/\/lamoixina.com\/es\/wp-json\/wp\/v2\/pages\/2056\/revisions\/2693"}],"wp:attachment":[{"href":"https:\/\/lamoixina.com\/es\/wp-json\/wp\/v2\/media?parent=2056"}],"curies":[{"name":"wp","href":"https:\/\/api.w.org\/{rel}","templated":true}]}}