{"id":2061,"date":"2021-02-08T13:09:06","date_gmt":"2021-02-08T11:09:06","guid":{"rendered":"https:\/\/lamoixina.com\/cartes-restaurant\/"},"modified":"2026-02-20T15:09:28","modified_gmt":"2026-02-20T13:09:28","slug":"cartas-restaurante","status":"publish","type":"page","link":"https:\/\/lamoixina.com\/es\/cartas-restaurante\/","title":{"rendered":"CARTAS RESTAURANTE LA MOXINA"},"content":{"rendered":"<div class=\"wpb-content-wrapper\"><p>[vc_section css=\u00bb.vc_custom_1608470815549{margin-top: 0px !important;margin-right: 0px !important;margin-bottom: 0px !important;margin-left: 0px !important;border-top-width: 0px !important;border-right-width: 0px !important;border-bottom-width: 0px !important;border-left-width: 0px !important;padding-top: 0px !important;padding-right: 0px !important;padding-bottom: 0px !important;padding-left: 0px !important;background-color: #ffffff !important;}\u00bb][vc_row full_width=\u00bbstretch_row_content_no_spaces\u00bb gap=\u00bb5&#8243; equal_height=\u00bbyes\u00bb css=\u00bb.vc_custom_1612883275348{margin-top: 0px !important;margin-right: 0px !important;margin-bottom: 0px !important;margin-left: 0px !important;border-top-width: 0px !important;border-right-width: 0px !important;border-bottom-width: 0px !important;border-left-width: 0px !important;padding-top: 0px !important;padding-right: 0px !important;padding-bottom: 0px !important;padding-left: 0px !important;background-color: #ffffff !important;background-position: 0 0 !important;background-repeat: no-repeat !important;}\u00bb][vc_column width=\u00bb1\/3&#8243; css=\u00bb.vc_custom_1613663612458{margin-top: 0px !important;margin-right: 0px !important;margin-bottom: 0px !important;margin-left: 0px !important;border-top-width: 0px !important;border-right-width: 0px !important;border-bottom-width: 0px !important;border-left-width: 0px !important;padding-top: 0px !important;padding-right: 0px !important;padding-bottom: 0px !important;padding-left: 0px !important;background-color: #95493c !important;}\u00bb][vc_row_inner css=\u00bb.vc_custom_1612879683473{margin-top: 0px !important;margin-right: 0px !important;margin-bottom: 0px !important;margin-left: 0px !important;border-top-width: 0px !important;border-right-width: 0px !important;border-bottom-width: 0px !important;border-left-width: 0px !important;padding-top: 0px !important;padding-right: 0px !important;padding-bottom: 0px !important;padding-left: 0px !important;}\u00bb][vc_column_inner css=\u00bb.vc_custom_1615932073481{margin-top: 0px !important;margin-right: 0px !important;margin-bottom: 0px !important;margin-left: 0px !important;border-top-width: 0px !important;border-right-width: 0px !important;border-bottom-width: 0px !important;border-left-width: 0px !important;padding-top: 10% !important;padding-right: 5% !important;padding-bottom: 10% !important;padding-left: 5% !important;}\u00bb]<div id=\"ultimate-heading-1556a04aab12214f\" class=\"uvc-heading ult-adjust-bottom-margin ultimate-heading-1556a04aab12214f uvc-9921 \" data-hspacer=\"no_spacer\"  data-halign=\"left\" style=\"text-align:left\"><div class=\"uvc-heading-spacer no_spacer\" style=\"top\"><\/div><div class=\"uvc-main-heading ult-responsive\"  data-ultimate-target='.uvc-heading.ultimate-heading-1556a04aab12214f h2'  data-responsive-json-new='{\"font-size\":\"desktop:60px;tablet:50px;tablet_portrait:50px;mobile_landscape:50px;mobile:40px;\",\"line-height\":\"\"}' ><h2 style=\"--font-weight:theme;color:#ffffff;\">RESTAURANTE<\/h2><\/div><div class=\"uvc-sub-heading ult-responsive\"  data-ultimate-target='.uvc-heading.ultimate-heading-1556a04aab12214f .uvc-sub-heading '  data-responsive-json-new='{\"font-size\":\"desktop:20px;mobile:18px;\",\"line-height\":\"desktop:21px;mobile:19px;\"}'  style=\"font-weight:normal;color:#ffffff;\">En los comedores interiores del restaurante y en la carpa exterior podremos serviros nuestros platos de la carta y men\u00fas especiales. Siempre apostando por una cocina volc\u00e1nica y de proximidad.<\/p>\n<p><strong>HORARIOS<\/strong><\/p>\n<p>Mediod\u00edas de lunes a viernes.<br \/>\nNoches de los jueves, viernes y s\u00e1bado.<br \/>\nMartes cerrado.<\/div><\/div>[\/vc_column_inner][\/vc_row_inner][\/vc_column][vc_column css_animation=\u00bbnone\u00bb width=\u00bb2\/3&#8243; css=\u00bb.vc_custom_1612878815935{margin-top: 0px !important;margin-right: 0px !important;margin-bottom: 0px !important;margin-left: 0px !important;border-top-width: 0px !important;border-right-width: 0px !important;border-bottom-width: 0px !important;border-left-width: 0px !important;padding-top: 0px !important;padding-right: 0px !important;padding-bottom: 0px !important;padding-left: 0px !important;background-position: 0 0 !important;background-repeat: no-repeat !important;}\u00bb][vc_row_inner equal_height=\u00bbyes\u00bb css=\u00bb.vc_custom_1612967585461{margin-bottom: 3px !important;}\u00bb][vc_column_inner width=\u00bb1\/2&#8243; css=\u00bb.vc_custom_1612883530858{padding-right: 5% !important;padding-left: 7% !important;background-color: #ca7557 !important;}\u00bb offset=\u00bbvc_col-xs-6&#8243;]<div id=\"ultimate-heading-31086a04aab1221b5\" class=\"uvc-heading ult-adjust-bottom-margin ultimate-heading-31086a04aab1221b5 uvc-2849 \" data-hspacer=\"no_spacer\"  data-halign=\"left\" style=\"text-align:left\"><div class=\"uvc-heading-spacer no_spacer\" style=\"top\"><\/div><div class=\"uvc-main-heading ult-responsive\"  data-ultimate-target='.uvc-heading.ultimate-heading-31086a04aab1221b5 h3'  data-responsive-json-new='{\"font-size\":\"desktop:45px;tablet:45px;tablet_portrait:25px;mobile_landscape:24px;mobile:24px;\",\"line-height\":\"\"}' ><h3 style=\"--font-weight:theme;color:#66321d;\">LA<br \/>\nCARTA<\/h3><\/div><\/div>[vc_icon type=\u00bbthe7&#8243; icon_the7=\u00bbicomoon-the7-font-the7-plus-04&#8243; color=\u00bbcustom\u00bb align=\u00bbright\u00bb css_animation=\u00bbnone\u00bb css=\u00bb.vc_custom_1616759733258{margin-top: 5px !important;margin-bottom: 0px !important;margin-left: -15px !important;border-bottom-width: 0px !important;padding-bottom: 0px !important;}\u00bb custom_color=\u00bb#674c41&#8243; link=\u00bburl:https%3A%2F%2Flamoixina.com%2Fes%2Fcartes-restaurant%2Fla-carta%2F|title:LA%20CARTA\u00bb][\/vc_column_inner][vc_column_inner width=\u00bb1\/2&#8243; css=\u00bb.vc_custom_1612883536875{padding-right: 5% !important;padding-left: 7% !important;background-color: #e8c097 !important;}\u00bb offset=\u00bbvc_col-xs-6&#8243;]<div id=\"ultimate-heading-84756a04aab122209\" class=\"uvc-heading ult-adjust-bottom-margin ultimate-heading-84756a04aab122209 uvc-2351 \" data-hspacer=\"no_spacer\"  data-halign=\"left\" style=\"text-align:left\"><div class=\"uvc-heading-spacer no_spacer\" style=\"top\"><\/div><div class=\"uvc-main-heading ult-responsive\"  data-ultimate-target='.uvc-heading.ultimate-heading-84756a04aab122209 h3'  data-responsive-json-new='{\"font-size\":\"desktop:45px;tablet:45px;tablet_portrait:25px;mobile_landscape:24px;mobile:24px;\",\"line-height\":\"\"}' ><h3 style=\"--font-weight:theme;color:#66321d;\">MEN\u00da<br \/>\nDIARIO<\/h3><\/div><div class=\"uvc-sub-heading ult-responsive\"  data-ultimate-target='.uvc-heading.ultimate-heading-84756a04aab122209 .uvc-sub-heading '  data-responsive-json-new='{\"font-size\":\"\",\"line-height\":\"\"}'  style=\"font-weight:normal;color:#674c41;\">24,30 \u20ac \/ IVA incluido<\/p>\n<p>Mediod\u00edas de lunes, jueves y viernes.<br \/>\n*** Excepto festivos y puentes ***<\/div><\/div>[vc_icon type=\u00bbthe7&#8243; icon_the7=\u00bbicomoon-the7-font-the7-plus-04&#8243; color=\u00bbcustom\u00bb align=\u00bbright\u00bb css_animation=\u00bbnone\u00bb css=\u00bb.vc_custom_1760523558300{margin-top: 5px !important;margin-bottom: 0px !important;margin-left: -15px !important;border-bottom-width: 0px !important;padding-bottom: 0px !important;}\u00bb custom_color=\u00bb#674c41&#8243; link=\u00bburl:https%3A%2F%2Flamoixina.com%2Fes%2Fcartas-restaurante%2Fmenu-diario%2F|title:Men%C3%BA%20Diario\u00bb][\/vc_column_inner][\/vc_row_inner][vc_row_inner equal_height=\u00bbyes\u00bb css=\u00bb.vc_custom_1612967591174{margin-top: 3px !important;margin-bottom: 3px !important;}\u00bb][vc_column_inner width=\u00bb1\/2&#8243; css=\u00bb.vc_custom_1612883620716{padding-right: 5% !important;padding-left: 7% !important;background-color: #e8c097 !important;}\u00bb offset=\u00bbvc_col-xs-6&#8243;]<div id=\"ultimate-heading-37296a04aab122252\" class=\"uvc-heading ult-adjust-bottom-margin ultimate-heading-37296a04aab122252 uvc-2504 \" data-hspacer=\"no_spacer\"  data-halign=\"left\" style=\"text-align:left\"><div class=\"uvc-heading-spacer no_spacer\" style=\"top\"><\/div><div class=\"uvc-main-heading ult-responsive\"  data-ultimate-target='.uvc-heading.ultimate-heading-37296a04aab122252 h3'  data-responsive-json-new='{\"font-size\":\"desktop:45px;tablet:45px;tablet_portrait:25px;mobile_landscape:24px;mobile:24px;\",\"line-height\":\"\"}' ><h3 style=\"--font-weight:theme;color:#66321d;\">MEN\u00da<br \/>\nTEMPORADA<\/h3><\/div><div class=\"uvc-sub-heading ult-responsive\"  data-ultimate-target='.uvc-heading.ultimate-heading-37296a04aab122252 .uvc-sub-heading '  data-responsive-json-new='{\"font-size\":\"\",\"line-height\":\"\"}'  style=\"font-weight:normal;color:#674c41;\">39,00 \u20ac \/ IVA incluido<\/div><\/div>[vc_icon type=\u00bbthe7&#8243; icon_the7=\u00bbicomoon-the7-font-the7-plus-04&#8243; color=\u00bbcustom\u00bb align=\u00bbright\u00bb css_animation=\u00bbnone\u00bb css=\u00bb.vc_custom_1616761193387{margin-top: 5px !important;margin-bottom: 0px !important;margin-left: -15px !important;border-bottom-width: 0px !important;padding-bottom: 0px !important;}\u00bb custom_color=\u00bb#674c41&#8243; link=\u00bburl:https%3A%2F%2Flamoixina.com%2Fes%2Fcartas-restaurante%2Fmenu-temporada%2F|title:Men%C3%BA%20Temporada\u00bb][\/vc_column_inner][vc_column_inner width=\u00bb1\/2&#8243; css=\u00bb.vc_custom_1724053028503{padding-right: 5% !important;padding-left: 7% !important;background-color: #ca7557 !important;}\u00bb offset=\u00bbvc_col-xs-6&#8243;]<div id=\"ultimate-heading-39316a04aab122299\" class=\"uvc-heading ult-adjust-bottom-margin ultimate-heading-39316a04aab122299 uvc-3642 \" data-hspacer=\"no_spacer\"  data-halign=\"left\" style=\"text-align:left\"><div class=\"uvc-heading-spacer no_spacer\" style=\"top\"><\/div><div class=\"uvc-main-heading ult-responsive\"  data-ultimate-target='.uvc-heading.ultimate-heading-39316a04aab122299 h3'  data-responsive-json-new='{\"font-size\":\"desktop:45px;tablet:45px;tablet_portrait:25px;mobile_landscape:24px;mobile:24px;\",\"line-height\":\"\"}' ><h3 style=\"--font-weight:theme;color:#66321d;\">MEN\u00da<br \/>\nDEGUSTACI\u00d3N<\/h3><\/div><div class=\"uvc-sub-heading ult-responsive\"  data-ultimate-target='.uvc-heading.ultimate-heading-39316a04aab122299 .uvc-sub-heading '  data-responsive-json-new='{\"font-size\":\"\",\"line-height\":\"\"}'  style=\"font-weight:normal;color:#674c41;\">59,00 \u20ac \/ IVA incluido<\/div><\/div>[vc_icon type=\u00bbthe7&#8243; icon_the7=\u00bbicomoon-the7-font-the7-plus-04&#8243; color=\u00bbcustom\u00bb align=\u00bbright\u00bb css_animation=\u00bbnone\u00bb css=\u00bb.vc_custom_1616762465293{margin-top: 5px !important;margin-bottom: 0px !important;margin-left: -15px !important;border-bottom-width: 0px !important;padding-bottom: 0px !important;}\u00bb custom_color=\u00bb#674c41&#8243; link=\u00bburl:https%3A%2F%2Flamoixina.com%2Fes%2Fcartas-restaurante%2Fmenu-degustacion%2F|title:Men%C3%BA%20Degustaci%C3%B3n\u00bb][\/vc_column_inner][\/vc_row_inner][vc_row_inner equal_height=\u00bbyes\u00bb css=\u00bb.vc_custom_1612967637157{margin-top: 3px !important;}\u00bb][vc_column_inner width=\u00bb1\/2&#8243; css=\u00bb.vc_custom_1724053035117{padding-right: 5% !important;padding-left: 7% !important;background-color: #ca7557 !important;}\u00bb]<div id=\"ultimate-heading-28296a04aab1222df\" class=\"uvc-heading ult-adjust-bottom-margin ultimate-heading-28296a04aab1222df uvc-3714 \" data-hspacer=\"no_spacer\"  data-halign=\"left\" style=\"text-align:left\"><div class=\"uvc-heading-spacer no_spacer\" style=\"top\"><\/div><div class=\"uvc-main-heading ult-responsive\"  data-ultimate-target='.uvc-heading.ultimate-heading-28296a04aab1222df h3'  data-responsive-json-new='{\"font-size\":\"desktop:45px;tablet:45px;tablet_portrait:25px;mobile_landscape:24px;mobile:24px;\",\"line-height\":\"\"}' ><h3 style=\"--font-weight:theme;color:#66321d;\">CARTA<br \/>\nINFANTIL<\/h3><\/div><\/div>[vc_icon type=\u00bbthe7&#8243; icon_the7=\u00bbicomoon-the7-font-the7-plus-04&#8243; color=\u00bbcustom\u00bb align=\u00bbright\u00bb css_animation=\u00bbnone\u00bb css=\u00bb.vc_custom_1771572123456{margin-top: 5px !important;margin-bottom: 0px !important;margin-left: -15px !important;border-bottom-width: 0px !important;padding-bottom: 0px !important;}\u00bb custom_color=\u00bb#674c41&#8243; link=\u00bburl:https%3A%2F%2Flamoixina.com%2Fes%2Fcartas-restaurante%2Fcarta-infantil%2F|title:EL%20CELLER\u00bb][\/vc_column_inner][vc_column_inner width=\u00bb1\/2&#8243; css=\u00bb.vc_custom_1724053043317{padding-right: 5% !important;padding-left: 7% !important;background-color: #e5b076 !important;}\u00bb]<div id=\"ultimate-heading-88376a04aab122323\" class=\"uvc-heading ult-adjust-bottom-margin ultimate-heading-88376a04aab122323 uvc-5232 \" data-hspacer=\"no_spacer\"  data-halign=\"left\" style=\"text-align:left\"><div class=\"uvc-heading-spacer no_spacer\" style=\"top\"><\/div><div class=\"uvc-main-heading ult-responsive\"  data-ultimate-target='.uvc-heading.ultimate-heading-88376a04aab122323 h3'  data-responsive-json-new='{\"font-size\":\"desktop:45px;tablet:45px;tablet_portrait:25px;mobile_landscape:24px;mobile:24px;\",\"line-height\":\"\"}' ><h3 style=\"--font-weight:theme;color:#66321d;\">LA<br \/>\nBODEGA<\/h3><\/div><\/div>[vc_icon type=\u00bbthe7&#8243; icon_the7=\u00bbicomoon-the7-font-the7-plus-04&#8243; color=\u00bbcustom\u00bb align=\u00bbright\u00bb css_animation=\u00bbnone\u00bb css=\u00bb.vc_custom_1616763053242{margin-top: 5px !important;margin-bottom: 0px !important;margin-left: -15px !important;border-bottom-width: 0px !important;padding-bottom: 0px !important;}\u00bb custom_color=\u00bb#674c41&#8243; link=\u00bburl:https%3A%2F%2Flamoixina.com%2Fes%2Fcartas-restaurante%2Fbodega%2F|title:EL%20CELLER\u00bb][\/vc_column_inner][\/vc_row_inner][\/vc_column][\/vc_row][\/vc_section]<\/p>\n<\/div>","protected":false},"excerpt":{"rendered":"<p>[vc_section css=\u00bb.vc_custom_1608470815549{margin-top: 0px !important;margin-right: 0px !important;margin-bottom: 0px !important;margin-left: 0px !important;border-top-width: 0px !important;border-right-width: 0px !important;border-bottom-width: 0px !important;border-left-width: 0px !important;padding-top: 0px !important;padding-right: 0px !important;padding-bottom: 0px !important;padding-left: 0px !important;background-color: #ffffff !important;}\u00bb][vc_row full_width=\u00bbstretch_row_content_no_spaces\u00bb gap=\u00bb5&#8243; equal_height=\u00bbyes\u00bb css=\u00bb.vc_custom_1612883275348{margin-top: 0px !important;margin-right: 0px !important;margin-bottom: 0px !important;margin-left: 0px !important;border-top-width: 0px !important;border-right-width: 0px !important;border-bottom-width: 0px !important;border-left-width: 0px !important;padding-top: 0px !important;padding-right: 0px !important;padding-bottom: 0px !important;padding-left: 0px&hellip;<\/p>\n","protected":false},"author":1,"featured_media":0,"parent":0,"menu_order":0,"comment_status":"closed","ping_status":"closed","template":"","meta":{"footnotes":""},"class_list":["post-2061","page","type-page","status-publish","hentry","description-off"],"yoast_head":"<!-- This site is optimized with the Yoast SEO plugin v27.2 - https:\/\/yoast.com\/product\/yoast-seo-wordpress\/ -->\n<title>Carta del restaurant La Moixina Olot | Consulta els nostres plats<\/title>\n<meta name=\"description\" content=\"Totes les cartes i men\u00fas del restaurant la Moixina a un clic: men\u00fa diari, carta del restaurant, men\u00fa degustaci\u00f3, men\u00fa de temporada, vins...\" \/>\n<meta name=\"robots\" content=\"index, follow, max-snippet:-1, max-image-preview:large, max-video-preview:-1\" \/>\n<link rel=\"canonical\" href=\"https:\/\/lamoixina.com\/es\/cartas-restaurante\/\" \/>\n<meta property=\"og:locale\" content=\"es_ES\" \/>\n<meta property=\"og:type\" content=\"article\" \/>\n<meta property=\"og:title\" content=\"Carta del restaurant La Moixina Olot | Consulta els nostres plats\" \/>\n<meta property=\"og:description\" content=\"Totes les cartes i men\u00fas del restaurant la Moixina a un clic: men\u00fa diari, carta del restaurant, men\u00fa degustaci\u00f3, men\u00fa de temporada, vins...\" \/>\n<meta property=\"og:url\" content=\"https:\/\/lamoixina.com\/es\/cartas-restaurante\/\" \/>\n<meta property=\"og:site_name\" content=\"La Moixina\" \/>\n<meta property=\"article:modified_time\" content=\"2026-02-20T13:09:28+00:00\" \/>\n<meta name=\"twitter:card\" content=\"summary_large_image\" \/>\n<meta name=\"twitter:label1\" content=\"Tiempo de lectura\" \/>\n\t<meta name=\"twitter:data1\" content=\"3 minutos\" \/>\n<script type=\"application\/ld+json\" class=\"yoast-schema-graph\">{\"@context\":\"https:\/\/schema.org\",\"@graph\":[{\"@type\":\"WebPage\",\"@id\":\"https:\/\/lamoixina.com\/es\/cartas-restaurante\/\",\"url\":\"https:\/\/lamoixina.com\/es\/cartas-restaurante\/\",\"name\":\"Carta del restaurant La Moixina Olot | Consulta els nostres plats\",\"isPartOf\":{\"@id\":\"https:\/\/lamoixina.com\/es\/#website\"},\"datePublished\":\"2021-02-08T11:09:06+00:00\",\"dateModified\":\"2026-02-20T13:09:28+00:00\",\"description\":\"Totes les cartes i men\u00fas del restaurant la Moixina a un clic: men\u00fa diari, carta del restaurant, men\u00fa degustaci\u00f3, men\u00fa de temporada, vins...\",\"breadcrumb\":{\"@id\":\"https:\/\/lamoixina.com\/es\/cartas-restaurante\/#breadcrumb\"},\"inLanguage\":\"es\",\"potentialAction\":[{\"@type\":\"ReadAction\",\"target\":[\"https:\/\/lamoixina.com\/es\/cartas-restaurante\/\"]}]},{\"@type\":\"BreadcrumbList\",\"@id\":\"https:\/\/lamoixina.com\/es\/cartas-restaurante\/#breadcrumb\",\"itemListElement\":[{\"@type\":\"ListItem\",\"position\":1,\"name\":\"Inici\",\"item\":\"https:\/\/lamoixina.com\/es\/\"},{\"@type\":\"ListItem\",\"position\":2,\"name\":\"CARTAS RESTAURANTE LA MOXINA\"}]},{\"@type\":\"WebSite\",\"@id\":\"https:\/\/lamoixina.com\/es\/#website\",\"url\":\"https:\/\/lamoixina.com\/es\/\",\"name\":\"La Moixina\",\"description\":\"Restaurant Olot de Cuina Volc\u00e0nica\",\"publisher\":{\"@id\":\"https:\/\/lamoixina.com\/es\/#organization\"},\"potentialAction\":[{\"@type\":\"SearchAction\",\"target\":{\"@type\":\"EntryPoint\",\"urlTemplate\":\"https:\/\/lamoixina.com\/es\/?s={search_term_string}\"},\"query-input\":{\"@type\":\"PropertyValueSpecification\",\"valueRequired\":true,\"valueName\":\"search_term_string\"}}],\"inLanguage\":\"es\"},{\"@type\":\"Organization\",\"@id\":\"https:\/\/lamoixina.com\/es\/#organization\",\"name\":\"La Moixina\",\"url\":\"https:\/\/lamoixina.com\/es\/\",\"logo\":{\"@type\":\"ImageObject\",\"inLanguage\":\"es\",\"@id\":\"https:\/\/lamoixina.com\/es\/#\/schema\/logo\/image\/\",\"url\":\"https:\/\/lamoixina.com\/wp-content\/uploads\/2020\/12\/MoixinaM@2.png\",\"contentUrl\":\"https:\/\/lamoixina.com\/wp-content\/uploads\/2020\/12\/MoixinaM@2.png\",\"width\":300,\"height\":140,\"caption\":\"La Moixina\"},\"image\":{\"@id\":\"https:\/\/lamoixina.com\/es\/#\/schema\/logo\/image\/\"}}]}<\/script>\n<!-- \/ Yoast SEO plugin. -->","yoast_head_json":{"title":"Carta del restaurant La Moixina Olot | Consulta els nostres plats","description":"Totes les cartes i men\u00fas del restaurant la Moixina a un clic: men\u00fa diari, carta del restaurant, men\u00fa degustaci\u00f3, men\u00fa de temporada, vins...","robots":{"index":"index","follow":"follow","max-snippet":"max-snippet:-1","max-image-preview":"max-image-preview:large","max-video-preview":"max-video-preview:-1"},"canonical":"https:\/\/lamoixina.com\/es\/cartas-restaurante\/","og_locale":"es_ES","og_type":"article","og_title":"Carta del restaurant La Moixina Olot | Consulta els nostres plats","og_description":"Totes les cartes i men\u00fas del restaurant la Moixina a un clic: men\u00fa diari, carta del restaurant, men\u00fa degustaci\u00f3, men\u00fa de temporada, vins...","og_url":"https:\/\/lamoixina.com\/es\/cartas-restaurante\/","og_site_name":"La Moixina","article_modified_time":"2026-02-20T13:09:28+00:00","twitter_card":"summary_large_image","twitter_misc":{"Tiempo de lectura":"3 minutos"},"schema":{"@context":"https:\/\/schema.org","@graph":[{"@type":"WebPage","@id":"https:\/\/lamoixina.com\/es\/cartas-restaurante\/","url":"https:\/\/lamoixina.com\/es\/cartas-restaurante\/","name":"Carta del restaurant La Moixina Olot | Consulta els nostres plats","isPartOf":{"@id":"https:\/\/lamoixina.com\/es\/#website"},"datePublished":"2021-02-08T11:09:06+00:00","dateModified":"2026-02-20T13:09:28+00:00","description":"Totes les cartes i men\u00fas del restaurant la Moixina a un clic: men\u00fa diari, carta del restaurant, men\u00fa degustaci\u00f3, men\u00fa de temporada, vins...","breadcrumb":{"@id":"https:\/\/lamoixina.com\/es\/cartas-restaurante\/#breadcrumb"},"inLanguage":"es","potentialAction":[{"@type":"ReadAction","target":["https:\/\/lamoixina.com\/es\/cartas-restaurante\/"]}]},{"@type":"BreadcrumbList","@id":"https:\/\/lamoixina.com\/es\/cartas-restaurante\/#breadcrumb","itemListElement":[{"@type":"ListItem","position":1,"name":"Inici","item":"https:\/\/lamoixina.com\/es\/"},{"@type":"ListItem","position":2,"name":"CARTAS RESTAURANTE LA MOXINA"}]},{"@type":"WebSite","@id":"https:\/\/lamoixina.com\/es\/#website","url":"https:\/\/lamoixina.com\/es\/","name":"La Moixina","description":"Restaurant Olot de Cuina Volc\u00e0nica","publisher":{"@id":"https:\/\/lamoixina.com\/es\/#organization"},"potentialAction":[{"@type":"SearchAction","target":{"@type":"EntryPoint","urlTemplate":"https:\/\/lamoixina.com\/es\/?s={search_term_string}"},"query-input":{"@type":"PropertyValueSpecification","valueRequired":true,"valueName":"search_term_string"}}],"inLanguage":"es"},{"@type":"Organization","@id":"https:\/\/lamoixina.com\/es\/#organization","name":"La Moixina","url":"https:\/\/lamoixina.com\/es\/","logo":{"@type":"ImageObject","inLanguage":"es","@id":"https:\/\/lamoixina.com\/es\/#\/schema\/logo\/image\/","url":"https:\/\/lamoixina.com\/wp-content\/uploads\/2020\/12\/MoixinaM@2.png","contentUrl":"https:\/\/lamoixina.com\/wp-content\/uploads\/2020\/12\/MoixinaM@2.png","width":300,"height":140,"caption":"La Moixina"},"image":{"@id":"https:\/\/lamoixina.com\/es\/#\/schema\/logo\/image\/"}}]}},"_links":{"self":[{"href":"https:\/\/lamoixina.com\/es\/wp-json\/wp\/v2\/pages\/2061","targetHints":{"allow":["GET"]}}],"collection":[{"href":"https:\/\/lamoixina.com\/es\/wp-json\/wp\/v2\/pages"}],"about":[{"href":"https:\/\/lamoixina.com\/es\/wp-json\/wp\/v2\/types\/page"}],"author":[{"embeddable":true,"href":"https:\/\/lamoixina.com\/es\/wp-json\/wp\/v2\/users\/1"}],"replies":[{"embeddable":true,"href":"https:\/\/lamoixina.com\/es\/wp-json\/wp\/v2\/comments?post=2061"}],"version-history":[{"count":58,"href":"https:\/\/lamoixina.com\/es\/wp-json\/wp\/v2\/pages\/2061\/revisions"}],"predecessor-version":[{"id":3699,"href":"https:\/\/lamoixina.com\/es\/wp-json\/wp\/v2\/pages\/2061\/revisions\/3699"}],"wp:attachment":[{"href":"https:\/\/lamoixina.com\/es\/wp-json\/wp\/v2\/media?parent=2061"}],"curies":[{"name":"wp","href":"https:\/\/api.w.org\/{rel}","templated":true}]}}