{"id":2110,"date":"2021-03-12T07:49:31","date_gmt":"2021-03-12T05:49:31","guid":{"rendered":"https:\/\/lamoixina.com\/restaurant-moixina-olot\/"},"modified":"2023-07-12T09:18:36","modified_gmt":"2023-07-12T07:18:36","slug":"restaurante-moixina-olot","status":"publish","type":"page","link":"https:\/\/lamoixina.com\/es\/restaurante-moixina-olot\/","title":{"rendered":"Restaurante La Moixina Olot"},"content":{"rendered":"<div class=\"wpb-content-wrapper\"><p>[vc_row full_width=\u00bbstretch_row_content_no_spaces\u00bb css=\u00bb.vc_custom_1615528869409{margin-top: 0px !important;margin-right: 0px !important;margin-bottom: 0px !important;margin-left: 0px !important;border-top-width: 0px !important;border-right-width: 0px !important;border-bottom-width: 0px !important;border-left-width: 0px !important;padding-top: 0px !important;padding-right: 0px !important;padding-bottom: 0px !important;padding-left: 0px !important;background-color: #ece9e1 !important;}\u00bb][vc_column width=\u00bb1\/3&#8243; css=\u00bb.vc_custom_1615528881719{margin-top: 0px !important;margin-right: 0px !important;margin-bottom: 0px !important;margin-left: 0px !important;border-top-width: 0px !important;border-right-width: 0px !important;border-bottom-width: 0px !important;border-left-width: 0px !important;padding-top: 0px !important;padding-right: 0px !important;padding-bottom: 0px !important;padding-left: 0px !important;}\u00bb offset=\u00bbvc_col-xs-4&#8243;][\/vc_column][vc_column width=\u00bb2\/3&#8243; offset=\u00bbvc_col-xs-8&#8243; css=\u00bb.vc_custom_1615528895030{margin-top: 0px !important;margin-right: 0px !important;margin-bottom: 0px !important;margin-left: 0px !important;border-top-width: 0px !important;border-right-width: 0px !important;border-bottom-width: 0px !important;border-left-width: 0px !important;padding-top: 0px !important;padding-right: 0px !important;padding-bottom: 0px !important;padding-left: 0px !important;}\u00bb][vc_single_image image=\u00bb2111&#8243; img_size=\u00bbfull\u00bb css=\u00bb.vc_custom_1615529776640{margin-top: 0px !important;margin-bottom: 0px !important;border-top-width: 0px !important;border-bottom-width: 0px !important;padding-top: 0px !important;padding-bottom: 0px !important;}\u00bb][\/vc_column][\/vc_row][vc_row full_width=\u00bbstretch_row_content_no_spaces\u00bb css=\u00bb.vc_custom_1614255512118{margin-top: 0px !important;border-top-width: 0px !important;padding-top: 0px !important;}\u00bb][vc_column css=\u00bb.vc_custom_1615644730876{margin-top: 0px !important;margin-bottom: 0px !important;border-top-width: 0px !important;border-bottom-width: 0px !important;padding-top: 0px !important;padding-bottom: 0px !important;}\u00bb][vc_row_inner][vc_column_inner width=\u00bb1\/6&#8243;][\/vc_column_inner][vc_column_inner width=\u00bb2\/3&#8243; css=\u00bb.vc_custom_1615644991618{padding-right: 3% !important;padding-left: 3% !important;}\u00bb]<div id=\"ultimate-heading-580169f3012f28039\" class=\"uvc-heading ult-adjust-bottom-margin ultimate-heading-580169f3012f28039 uvc-3985 \" data-hspacer=\"no_spacer\"  data-halign=\"left\" style=\"text-align:left\"><div class=\"uvc-heading-spacer no_spacer\" style=\"top\"><\/div><div class=\"uvc-main-heading ult-responsive\"  data-ultimate-target='.uvc-heading.ultimate-heading-580169f3012f28039 h2'  data-responsive-json-new='{\"font-size\":\"desktop:120px;tablet:100px;tablet_portrait:60px;mobile_landscape:60px;mobile:45px;\",\"line-height\":\"\"}' ><h2 style=\"--font-weight:theme;color:#593324;\">NUESTRA COCINA<\/h2><\/div><\/div>[\/vc_column_inner][vc_column_inner width=\u00bb1\/6&#8243;][\/vc_column_inner][\/vc_row_inner][vc_row_inner content_placement=\u00bbmiddle\u00bb css=\u00bb.vc_custom_1615646228202{margin-top: 0px !important;border-top-width: 0px !important;padding-top: 0px !important;background-position: 0 0 !important;background-repeat: no-repeat !important;}\u00bb][vc_column_inner width=\u00bb1\/3&#8243; offset=\u00bbvc_col-xs-9&#8243; css=\u00bb.vc_custom_1615646112050{margin-top: 0px !important;border-top-width: 0px !important;padding-top: 0px !important;}\u00bb][vc_single_image image=\u00bb2113&#8243; img_size=\u00bbmedium\u00bb css=\u00bb.vc_custom_1615645223933{margin-top: 0px !important;margin-bottom: 0px !important;border-bottom-width: 0px !important;padding-top: 0px !important;padding-bottom: 0px !important;}\u00bb][\/vc_column_inner][vc_column_inner width=\u00bb2\/3&#8243; css=\u00bb.vc_custom_1615646210481{margin-top: 0px !important;border-top-width: 0px !important;padding-top: 0px !important;padding-right: 10% !important;padding-left: 10% !important;background-position: 0 0 !important;background-repeat: no-repeat !important;}\u00bb offset=\u00bbvc_col-xs-12&#8243;]<div id=\"ultimate-heading-864669f3012f28096\" class=\"uvc-heading ult-adjust-bottom-margin ultimate-heading-864669f3012f28096 uvc-6944 \" data-hspacer=\"no_spacer\"  data-halign=\"left\" style=\"text-align:left\"><div class=\"uvc-heading-spacer no_spacer\" style=\"top\"><\/div><div class=\"uvc-sub-heading ult-responsive\"  data-ultimate-target='.uvc-heading.ultimate-heading-864669f3012f28096 .uvc-sub-heading '  data-responsive-json-new='{\"font-size\":\"desktop:25px;mobile:20px;\",\"line-height\":\"desktop:30px;mobile:25px;\"}'  style=\"font-weight:normal;margin-top:0px;\"><\/p>\n<div class=\"page\" title=\"Page 1\">\n<div class=\"section\">\n<div class=\"layoutArea\">\n<div class=\"column\">\n<p><strong>El restaurante la Moixina abri\u00f3 en 1890. En la actualidad, os ofrecemos una cocina tradicional catalana puesta al d\u00eda.<\/strong><\/p>\n<p>En nuestros platos, encontrar\u00e9is tradici\u00f3n y respeto hacia una cocina catalana y cercana. Con cada mordisco descubrir\u00e9is todo el sabor de los productos seleccionados cuidadosamente. Y si os ha gustado, nada mejor que mojar un poco pan, como se ha hecho siempre.<\/p>\n<p>Formamos parte del colectivo de <a href=\"https:\/\/www.cuinavolcanica.cat\/ca\/restaurants\/restaurant-font-moixina\" target=\"_blank\" rel=\"noopener\">Cocina Volc\u00e1nica <\/a>que promueve la elaboraci\u00f3n de platos con productos t\u00edpicos de la Garrotxa. Trabajamos con productores locales del magn\u00edfico entorno que tenemos y, siempre que nos sea posible, elaboramos nuestros platos con productos de proximidad.<\/p>\n<\/div>\n<\/div>\n<\/div>\n<\/div>\n<p><\/div><\/div>[\/vc_column_inner][\/vc_row_inner][vc_row_inner css=\u00bb.vc_custom_1615645808114{background-position: 0 0 !important;background-repeat: no-repeat !important;}\u00bb][vc_column_inner width=\u00bb1\/4&#8243;][\/vc_column_inner][vc_column_inner width=\u00bb3\/4&#8243; css=\u00bb.vc_custom_1615645922899{margin-top: -70px !important;border-top-width: 0px !important;padding-top: 0px !important;background-color: #d3a44d !important;background-position: 0 0 !important;background-repeat: no-repeat !important;}\u00bb][vc_single_image image=\u00bb2114&#8243; img_size=\u00bbfull\u00bb css=\u00bb.vc_custom_1615645767118{margin-top: 0px !important;margin-bottom: 0px !important;margin-left: 0px !important;border-top-width: 0px !important;border-bottom-width: 0px !important;border-left-width: 0px !important;padding-top: 0px !important;padding-right: 40% !important;padding-bottom: 0px !important;padding-left: 0px !important;}\u00bb][\/vc_column_inner][\/vc_row_inner][vc_row_inner][vc_column_inner width=\u00bb1\/6&#8243;][\/vc_column_inner][vc_column_inner width=\u00bb2\/3&#8243; css=\u00bb.vc_custom_1615644991618{padding-right: 3% !important;padding-left: 3% !important;}\u00bb]<div id=\"ultimate-heading-353469f3012f280cd\" class=\"uvc-heading ult-adjust-bottom-margin ultimate-heading-353469f3012f280cd uvc-4318 \" data-hspacer=\"no_spacer\"  data-halign=\"center\" style=\"text-align:center\"><div class=\"uvc-heading-spacer no_spacer\" style=\"top\"><\/div><div class=\"uvc-main-heading ult-responsive\"  data-ultimate-target='.uvc-heading.ultimate-heading-353469f3012f280cd h2'  data-responsive-json-new='{\"font-size\":\"desktop:120px;tablet:100px;tablet_portrait:70px;mobile_landscape:60px;mobile:45px;\",\"line-height\":\"\"}' ><h2 style=\"--font-weight:theme;color:#593324;\">ESPACIOS<\/h2><\/div><\/div>[\/vc_column_inner][vc_column_inner width=\u00bb1\/6&#8243;][\/vc_column_inner][\/vc_row_inner][vc_row_inner equal_height=\u00bbyes\u00bb content_placement=\u00bbmiddle\u00bb css=\u00bb.vc_custom_1615647090637{margin-top: 0px !important;margin-right: 0px !important;margin-bottom: 0px !important;margin-left: 0px !important;border-top-width: 0px !important;border-right-width: 0px !important;border-bottom-width: 0px !important;border-left-width: 0px !important;padding-top: 0px !important;padding-right: 0px !important;padding-bottom: 0px !important;padding-left: 0px !important;}\u00bb][vc_column_inner width=\u00bb1\/2&#8243; css=\u00bb.vc_custom_1616697191306{margin-top: 0px !important;margin-right: 0px !important;margin-bottom: 0px !important;margin-left: 0px !important;border-top-width: 0px !important;border-right-width: 0px !important;border-bottom-width: 0px !important;border-left-width: 0px !important;padding-top: 0px !important;padding-right: 0px !important;padding-bottom: 0px !important;padding-left: 0px !important;}\u00bb offset=\u00bbvc_col-xs-6&#8243;][vc_single_image image=\u00bb2121&#8243; img_size=\u00bb1200&#215;1200&#8243; css=\u00bb.vc_custom_1616697208463{margin-top: 0px !important;margin-right: 0px !important;margin-bottom: 0px !important;margin-left: 0px !important;border-top-width: 0px !important;border-right-width: 0px !important;border-bottom-width: 0px !important;border-left-width: 0px !important;padding-top: 0px !important;padding-right: 0px !important;padding-bottom: 0px !important;padding-left: 0px !important;}\u00bb][\/vc_column_inner][vc_column_inner width=\u00bb1\/2&#8243; css=\u00bb.vc_custom_1615907765243{margin-top: 0px !important;margin-right: 0px !important;margin-bottom: 0px !important;margin-left: 0px !important;border-top-width: 0px !important;border-right-width: 0px !important;border-bottom-width: 0px !important;border-left-width: 0px !important;padding-top: 0px !important;padding-right: 0px !important;padding-bottom: 0px !important;padding-left: 0px !important;background-color: #f3ecdc !important;}\u00bb offset=\u00bbvc_col-xs-6&#8243;]<div id=\"ultimate-heading-355369f3012f2814e\" class=\"uvc-heading ult-adjust-bottom-margin ultimate-heading-355369f3012f2814e uvc-6797 \" data-hspacer=\"no_spacer\"  data-halign=\"center\" style=\"text-align:center\"><div class=\"uvc-heading-spacer no_spacer\" style=\"top\"><\/div><div class=\"uvc-main-heading ult-responsive\"  data-ultimate-target='.uvc-heading.ultimate-heading-355369f3012f2814e h3'  data-responsive-json-new='{\"font-size\":\"desktop:60px;tablet:60px;tablet_portrait:45px;mobile_landscape:35px;mobile:23px;\",\"line-height\":\"\"}' ><h3 style=\"--font-weight:theme;color:#936c45;\">COMEDOR<br \/>\nLA FONT<\/h3><\/div><div class=\"uvc-sub-heading ult-responsive\"  data-ultimate-target='.uvc-heading.ultimate-heading-355369f3012f2814e .uvc-sub-heading '  data-responsive-json-new='{\"font-size\":\"mobile:15px;\",\"line-height\":\"mobile:17px;\"}'  style=\"font-weight:normal;margin-top:15px;\">El m\u00e1s tradicional e hist\u00f3rico.<\/div><\/div>[\/vc_column_inner][\/vc_row_inner][vc_row_inner equal_height=\u00bbyes\u00bb content_placement=\u00bbmiddle\u00bb css=\u00bb.vc_custom_1615907729333{margin-top: 0px !important;margin-right: 0px !important;margin-bottom: 0px !important;margin-left: 0px !important;border-top-width: 0px !important;border-right-width: 0px !important;border-bottom-width: 0px !important;border-left-width: 0px !important;padding-top: 0px !important;padding-right: 0px !important;padding-bottom: 0px !important;padding-left: 0px !important;}\u00bb][vc_column_inner width=\u00bb1\/2&#8243; css=\u00bb.vc_custom_1615907785116{margin-top: 0px !important;margin-right: 0px !important;margin-bottom: 0px !important;margin-left: 0px !important;border-top-width: 0px !important;border-right-width: 0px !important;border-bottom-width: 0px !important;border-left-width: 0px !important;padding-top: 0px !important;padding-right: 0px !important;padding-bottom: 0px !important;padding-left: 0px !important;background-color: #e7bc80 !important;}\u00bb offset=\u00bbvc_col-xs-6&#8243;]<div id=\"ultimate-heading-220769f3012f281a4\" class=\"uvc-heading ult-adjust-bottom-margin ultimate-heading-220769f3012f281a4 uvc-2471 \" data-hspacer=\"no_spacer\"  data-halign=\"center\" style=\"text-align:center\"><div class=\"uvc-heading-spacer no_spacer\" style=\"top\"><\/div><div class=\"uvc-main-heading ult-responsive\"  data-ultimate-target='.uvc-heading.ultimate-heading-220769f3012f281a4 h3'  data-responsive-json-new='{\"font-size\":\"desktop:60px;tablet:60px;tablet_portrait:45px;mobile_landscape:35px;mobile:23px;\",\"line-height\":\"\"}' ><h3 style=\"--font-weight:theme;color:#936c45;\">COMEDOR<br \/>\nDE LOS PINTORES<\/h3><\/div><div class=\"uvc-sub-heading ult-responsive\"  data-ultimate-target='.uvc-heading.ultimate-heading-220769f3012f281a4 .uvc-sub-heading '  data-responsive-json-new='{\"font-size\":\"mobile:15px;\",\"line-height\":\"mobile:17px;\"}'  style=\"font-weight:normal;margin-top:15px;\">Amplio, moderno y con grandes ventanales.<\/div><\/div>[\/vc_column_inner][vc_column_inner width=\u00bb1\/2&#8243; css=\u00bb.vc_custom_1615907793835{margin-top: 0px !important;margin-right: 0px !important;margin-bottom: 0px !important;margin-left: 0px !important;border-top-width: 0px !important;border-right-width: 0px !important;border-bottom-width: 0px !important;border-left-width: 0px !important;padding-top: 0px !important;padding-right: 0px !important;padding-bottom: 0px !important;padding-left: 0px !important;}\u00bb offset=\u00bbvc_col-xs-6&#8243;][vc_single_image image=\u00bb2122&#8243; img_size=\u00bbfull\u00bb css=\u00bb.vc_custom_1616740082689{margin-top: 0px !important;margin-right: 0px !important;margin-bottom: 0px !important;margin-left: 0px !important;border-top-width: 0px !important;border-right-width: 0px !important;border-bottom-width: 0px !important;border-left-width: 0px !important;padding-top: 0px !important;padding-right: 0px !important;padding-bottom: 0px !important;padding-left: 0px !important;}\u00bb][\/vc_column_inner][\/vc_row_inner][vc_row_inner equal_height=\u00bbyes\u00bb content_placement=\u00bbmiddle\u00bb][vc_column_inner width=\u00bb1\/2&#8243; css=\u00bb.vc_custom_1615907966754{margin-top: 0px !important;margin-right: 0px !important;margin-bottom: 0px !important;margin-left: 0px !important;border-top-width: 0px !important;border-right-width: 0px !important;border-bottom-width: 0px !important;border-left-width: 0px !important;padding-top: 0px !important;padding-right: 0px !important;padding-bottom: 0px !important;padding-left: 0px !important;}\u00bb offset=\u00bbvc_col-xs-6&#8243;][vc_single_image image=\u00bb2123&#8243; img_size=\u00bbfull\u00bb css=\u00bb.vc_custom_1616740097503{margin-top: 0px !important;margin-right: 0px !important;margin-bottom: 0px !important;margin-left: 0px !important;border-top-width: 0px !important;border-right-width: 0px !important;border-bottom-width: 0px !important;border-left-width: 0px !important;padding-top: 0px !important;padding-right: 0px !important;padding-bottom: 0px !important;padding-left: 0px !important;}\u00bb][\/vc_column_inner][vc_column_inner width=\u00bb1\/2&#8243; css=\u00bb.vc_custom_1615907971347{margin-top: 0px !important;margin-right: 0px !important;margin-bottom: 0px !important;margin-left: 0px !important;border-top-width: 0px !important;border-right-width: 0px !important;border-bottom-width: 0px !important;border-left-width: 0px !important;padding-top: 0px !important;padding-right: 0px !important;padding-bottom: 0px !important;padding-left: 0px !important;background-color: #f7eed8 !important;}\u00bb offset=\u00bbvc_col-xs-6&#8243;]<div id=\"ultimate-heading-368669f3012f281ef\" class=\"uvc-heading ult-adjust-bottom-margin ultimate-heading-368669f3012f281ef uvc-6012 \" data-hspacer=\"no_spacer\"  data-halign=\"center\" style=\"text-align:center\"><div class=\"uvc-heading-spacer no_spacer\" style=\"top\"><\/div><div class=\"uvc-main-heading ult-responsive\"  data-ultimate-target='.uvc-heading.ultimate-heading-368669f3012f281ef h3'  data-responsive-json-new='{\"font-size\":\"desktop:60px;tablet:60px;tablet_portrait:45px;mobile_landscape:35px;mobile:23px;\",\"line-height\":\"\"}' ><h3 style=\"--font-weight:theme;color:#936c45;\">COMEDOR<br \/>\nCARPA<\/h3><\/div><div class=\"uvc-sub-heading ult-responsive\"  data-ultimate-target='.uvc-heading.ultimate-heading-368669f3012f281ef .uvc-sub-heading '  data-responsive-json-new='{\"font-size\":\"mobile:15px;\",\"line-height\":\"mobile:17px;\"}'  style=\"font-weight:normal;margin-top:0px;\">Carpa fija en el exterior del restaurante, en medio de la naturaleza.<\/div><\/div>[\/vc_column_inner][\/vc_row_inner][\/vc_column][\/vc_row]<\/p>\n<\/div>","protected":false},"excerpt":{"rendered":"<p>[vc_row full_width=\u00bbstretch_row_content_no_spaces\u00bb css=\u00bb.vc_custom_1615528869409{margin-top: 0px !important;margin-right: 0px !important;margin-bottom: 0px !important;margin-left: 0px !important;border-top-width: 0px !important;border-right-width: 0px !important;border-bottom-width: 0px !important;border-left-width: 0px !important;padding-top: 0px !important;padding-right: 0px !important;padding-bottom: 0px !important;padding-left: 0px !important;background-color: #ece9e1 !important;}\u00bb][vc_column width=\u00bb1\/3&#8243; css=\u00bb.vc_custom_1615528881719{margin-top: 0px !important;margin-right: 0px !important;margin-bottom: 0px !important;margin-left: 0px !important;border-top-width: 0px !important;border-right-width: 0px !important;border-bottom-width: 0px !important;border-left-width: 0px !important;padding-top: 0px !important;padding-right: 0px !important;padding-bottom: 0px !important;padding-left: 0px !important;}\u00bb&hellip;<\/p>\n","protected":false},"author":1,"featured_media":0,"parent":0,"menu_order":0,"comment_status":"closed","ping_status":"closed","template":"","meta":{"footnotes":""},"class_list":["post-2110","page","type-page","status-publish","hentry","description-off"],"yoast_head":"<!-- This site is optimized with the Yoast SEO plugin v27.2 - https:\/\/yoast.com\/product\/yoast-seo-wordpress\/ -->\n<title>Restaurante en Olot de Cocina Volc\u00e1nica (Garrotxa, Girona) - La Moixina<\/title>\n<meta name=\"description\" content=\"La Moixina es un restaurante de Olot, Girona, de cocina catalana y cocina volc\u00e1nica. Restaurante con terraza exterior\" \/>\n<meta name=\"robots\" content=\"index, follow, max-snippet:-1, max-image-preview:large, max-video-preview:-1\" \/>\n<link rel=\"canonical\" href=\"https:\/\/lamoixina.com\/es\/restaurante-moixina-olot\/\" \/>\n<meta property=\"og:locale\" content=\"es_ES\" \/>\n<meta property=\"og:type\" content=\"article\" \/>\n<meta property=\"og:title\" content=\"Restaurante en Olot de Cocina Volc\u00e1nica (Garrotxa, Girona) - La Moixina\" \/>\n<meta property=\"og:description\" content=\"La Moixina es un restaurante de Olot, Girona, de cocina catalana y cocina volc\u00e1nica. Restaurante con terraza exterior\" \/>\n<meta property=\"og:url\" content=\"https:\/\/lamoixina.com\/es\/restaurante-moixina-olot\/\" \/>\n<meta property=\"og:site_name\" content=\"La Moixina\" \/>\n<meta property=\"article:modified_time\" content=\"2023-07-12T07:18:36+00:00\" \/>\n<meta name=\"twitter:card\" content=\"summary_large_image\" \/>\n<meta name=\"twitter:label1\" content=\"Tiempo de lectura\" \/>\n\t<meta name=\"twitter:data1\" content=\"4 minutos\" \/>\n<script type=\"application\/ld+json\" class=\"yoast-schema-graph\">{\"@context\":\"https:\/\/schema.org\",\"@graph\":[{\"@type\":\"WebPage\",\"@id\":\"https:\/\/lamoixina.com\/es\/restaurante-moixina-olot\/\",\"url\":\"https:\/\/lamoixina.com\/es\/restaurante-moixina-olot\/\",\"name\":\"Restaurante en Olot de Cocina Volc\u00e1nica (Garrotxa, Girona) - La Moixina\",\"isPartOf\":{\"@id\":\"https:\/\/lamoixina.com\/es\/#website\"},\"datePublished\":\"2021-03-12T05:49:31+00:00\",\"dateModified\":\"2023-07-12T07:18:36+00:00\",\"description\":\"La Moixina es un restaurante de Olot, Girona, de cocina catalana y cocina volc\u00e1nica. Restaurante con terraza exterior\",\"breadcrumb\":{\"@id\":\"https:\/\/lamoixina.com\/es\/restaurante-moixina-olot\/#breadcrumb\"},\"inLanguage\":\"es\",\"potentialAction\":[{\"@type\":\"ReadAction\",\"target\":[\"https:\/\/lamoixina.com\/es\/restaurante-moixina-olot\/\"]}]},{\"@type\":\"BreadcrumbList\",\"@id\":\"https:\/\/lamoixina.com\/es\/restaurante-moixina-olot\/#breadcrumb\",\"itemListElement\":[{\"@type\":\"ListItem\",\"position\":1,\"name\":\"Inici\",\"item\":\"https:\/\/lamoixina.com\/es\/\"},{\"@type\":\"ListItem\",\"position\":2,\"name\":\"Restaurante La Moixina Olot\"}]},{\"@type\":\"WebSite\",\"@id\":\"https:\/\/lamoixina.com\/es\/#website\",\"url\":\"https:\/\/lamoixina.com\/es\/\",\"name\":\"La Moixina\",\"description\":\"Restaurant Olot de Cuina Volc\u00e0nica\",\"publisher\":{\"@id\":\"https:\/\/lamoixina.com\/es\/#organization\"},\"potentialAction\":[{\"@type\":\"SearchAction\",\"target\":{\"@type\":\"EntryPoint\",\"urlTemplate\":\"https:\/\/lamoixina.com\/es\/?s={search_term_string}\"},\"query-input\":{\"@type\":\"PropertyValueSpecification\",\"valueRequired\":true,\"valueName\":\"search_term_string\"}}],\"inLanguage\":\"es\"},{\"@type\":\"Organization\",\"@id\":\"https:\/\/lamoixina.com\/es\/#organization\",\"name\":\"La Moixina\",\"url\":\"https:\/\/lamoixina.com\/es\/\",\"logo\":{\"@type\":\"ImageObject\",\"inLanguage\":\"es\",\"@id\":\"https:\/\/lamoixina.com\/es\/#\/schema\/logo\/image\/\",\"url\":\"https:\/\/lamoixina.com\/wp-content\/uploads\/2020\/12\/MoixinaM@2.png\",\"contentUrl\":\"https:\/\/lamoixina.com\/wp-content\/uploads\/2020\/12\/MoixinaM@2.png\",\"width\":300,\"height\":140,\"caption\":\"La Moixina\"},\"image\":{\"@id\":\"https:\/\/lamoixina.com\/es\/#\/schema\/logo\/image\/\"}}]}<\/script>\n<!-- \/ Yoast SEO plugin. -->","yoast_head_json":{"title":"Restaurante en Olot de Cocina Volc\u00e1nica (Garrotxa, Girona) - La Moixina","description":"La Moixina es un restaurante de Olot, Girona, de cocina catalana y cocina volc\u00e1nica. Restaurante con terraza exterior","robots":{"index":"index","follow":"follow","max-snippet":"max-snippet:-1","max-image-preview":"max-image-preview:large","max-video-preview":"max-video-preview:-1"},"canonical":"https:\/\/lamoixina.com\/es\/restaurante-moixina-olot\/","og_locale":"es_ES","og_type":"article","og_title":"Restaurante en Olot de Cocina Volc\u00e1nica (Garrotxa, Girona) - La Moixina","og_description":"La Moixina es un restaurante de Olot, Girona, de cocina catalana y cocina volc\u00e1nica. Restaurante con terraza exterior","og_url":"https:\/\/lamoixina.com\/es\/restaurante-moixina-olot\/","og_site_name":"La Moixina","article_modified_time":"2023-07-12T07:18:36+00:00","twitter_card":"summary_large_image","twitter_misc":{"Tiempo de lectura":"4 minutos"},"schema":{"@context":"https:\/\/schema.org","@graph":[{"@type":"WebPage","@id":"https:\/\/lamoixina.com\/es\/restaurante-moixina-olot\/","url":"https:\/\/lamoixina.com\/es\/restaurante-moixina-olot\/","name":"Restaurante en Olot de Cocina Volc\u00e1nica (Garrotxa, Girona) - La Moixina","isPartOf":{"@id":"https:\/\/lamoixina.com\/es\/#website"},"datePublished":"2021-03-12T05:49:31+00:00","dateModified":"2023-07-12T07:18:36+00:00","description":"La Moixina es un restaurante de Olot, Girona, de cocina catalana y cocina volc\u00e1nica. Restaurante con terraza exterior","breadcrumb":{"@id":"https:\/\/lamoixina.com\/es\/restaurante-moixina-olot\/#breadcrumb"},"inLanguage":"es","potentialAction":[{"@type":"ReadAction","target":["https:\/\/lamoixina.com\/es\/restaurante-moixina-olot\/"]}]},{"@type":"BreadcrumbList","@id":"https:\/\/lamoixina.com\/es\/restaurante-moixina-olot\/#breadcrumb","itemListElement":[{"@type":"ListItem","position":1,"name":"Inici","item":"https:\/\/lamoixina.com\/es\/"},{"@type":"ListItem","position":2,"name":"Restaurante La Moixina Olot"}]},{"@type":"WebSite","@id":"https:\/\/lamoixina.com\/es\/#website","url":"https:\/\/lamoixina.com\/es\/","name":"La Moixina","description":"Restaurant Olot de Cuina Volc\u00e0nica","publisher":{"@id":"https:\/\/lamoixina.com\/es\/#organization"},"potentialAction":[{"@type":"SearchAction","target":{"@type":"EntryPoint","urlTemplate":"https:\/\/lamoixina.com\/es\/?s={search_term_string}"},"query-input":{"@type":"PropertyValueSpecification","valueRequired":true,"valueName":"search_term_string"}}],"inLanguage":"es"},{"@type":"Organization","@id":"https:\/\/lamoixina.com\/es\/#organization","name":"La Moixina","url":"https:\/\/lamoixina.com\/es\/","logo":{"@type":"ImageObject","inLanguage":"es","@id":"https:\/\/lamoixina.com\/es\/#\/schema\/logo\/image\/","url":"https:\/\/lamoixina.com\/wp-content\/uploads\/2020\/12\/MoixinaM@2.png","contentUrl":"https:\/\/lamoixina.com\/wp-content\/uploads\/2020\/12\/MoixinaM@2.png","width":300,"height":140,"caption":"La Moixina"},"image":{"@id":"https:\/\/lamoixina.com\/es\/#\/schema\/logo\/image\/"}}]}},"_links":{"self":[{"href":"https:\/\/lamoixina.com\/es\/wp-json\/wp\/v2\/pages\/2110","targetHints":{"allow":["GET"]}}],"collection":[{"href":"https:\/\/lamoixina.com\/es\/wp-json\/wp\/v2\/pages"}],"about":[{"href":"https:\/\/lamoixina.com\/es\/wp-json\/wp\/v2\/types\/page"}],"author":[{"embeddable":true,"href":"https:\/\/lamoixina.com\/es\/wp-json\/wp\/v2\/users\/1"}],"replies":[{"embeddable":true,"href":"https:\/\/lamoixina.com\/es\/wp-json\/wp\/v2\/comments?post=2110"}],"version-history":[{"count":9,"href":"https:\/\/lamoixina.com\/es\/wp-json\/wp\/v2\/pages\/2110\/revisions"}],"predecessor-version":[{"id":3160,"href":"https:\/\/lamoixina.com\/es\/wp-json\/wp\/v2\/pages\/2110\/revisions\/3160"}],"wp:attachment":[{"href":"https:\/\/lamoixina.com\/es\/wp-json\/wp\/v2\/media?parent=2110"}],"curies":[{"name":"wp","href":"https:\/\/api.w.org\/{rel}","templated":true}]}}