{"id":2157,"date":"2021-02-14T19:29:36","date_gmt":"2021-02-14T17:29:36","guid":{"rendered":"https:\/\/lamoixina.com\/per-emportar\/"},"modified":"2021-09-03T14:38:52","modified_gmt":"2021-09-03T12:38:52","slug":"para-llevar","status":"publish","type":"page","link":"https:\/\/lamoixina.com\/es\/para-llevar\/","title":{"rendered":"PARA LLEVAR LA MOIXINA"},"content":{"rendered":"<div class=\"wpb-content-wrapper\"><p>[vc_section css=\u00bb.vc_custom_1608470815549{margin-top: 0px !important;margin-right: 0px !important;margin-bottom: 0px !important;margin-left: 0px !important;border-top-width: 0px !important;border-right-width: 0px !important;border-bottom-width: 0px !important;border-left-width: 0px !important;padding-top: 0px !important;padding-right: 0px !important;padding-bottom: 0px !important;padding-left: 0px !important;background-color: #ffffff !important;}\u00bb][vc_row full_width=\u00bbstretch_row_content_no_spaces\u00bb gap=\u00bb5&#8243; equal_height=\u00bbyes\u00bb css=\u00bb.vc_custom_1612883275348{margin-top: 0px !important;margin-right: 0px !important;margin-bottom: 0px !important;margin-left: 0px !important;border-top-width: 0px !important;border-right-width: 0px !important;border-bottom-width: 0px !important;border-left-width: 0px !important;padding-top: 0px !important;padding-right: 0px !important;padding-bottom: 0px !important;padding-left: 0px !important;background-color: #ffffff !important;background-position: 0 0 !important;background-repeat: no-repeat !important;}\u00bb][vc_column width=\u00bb1\/3&#8243; css=\u00bb.vc_custom_1613663814494{margin-top: 0px !important;margin-right: 0px !important;margin-bottom: 0px !important;margin-left: 0px !important;border-top-width: 0px !important;border-right-width: 0px !important;border-bottom-width: 0px !important;border-left-width: 0px !important;padding-top: 0px !important;padding-right: 0px !important;padding-bottom: 0px !important;padding-left: 0px !important;background-color: #c9846a !important;}\u00bb][vc_row_inner css=\u00bb.vc_custom_1612879683473{margin-top: 0px !important;margin-right: 0px !important;margin-bottom: 0px !important;margin-left: 0px !important;border-top-width: 0px !important;border-right-width: 0px !important;border-bottom-width: 0px !important;border-left-width: 0px !important;padding-top: 0px !important;padding-right: 0px !important;padding-bottom: 0px !important;padding-left: 0px !important;}\u00bb][vc_column_inner css=\u00bb.vc_custom_1615932104291{margin-top: 0px !important;margin-right: 0px !important;margin-bottom: 0px !important;margin-left: 0px !important;border-top-width: 0px !important;border-right-width: 0px !important;border-bottom-width: 0px !important;border-left-width: 0px !important;padding-top: 10% !important;padding-right: 5% !important;padding-bottom: 10% !important;padding-left: 5% !important;}\u00bb]<div id=\"ultimate-heading-84736a049b44513e7\" class=\"uvc-heading ult-adjust-bottom-margin ultimate-heading-84736a049b44513e7 uvc-5692 \" data-hspacer=\"no_spacer\"  data-halign=\"left\" style=\"text-align:left\"><div class=\"uvc-heading-spacer no_spacer\" style=\"top\"><\/div><div class=\"uvc-main-heading ult-responsive\"  data-ultimate-target='.uvc-heading.ultimate-heading-84736a049b44513e7 h2'  data-responsive-json-new='{\"font-size\":\"desktop:55px;tablet:45px;tablet_portrait:45px;mobile_landscape:45px;mobile:40px;\",\"line-height\":\"\"}' ><h2 style=\"--font-weight:theme;color:#ffffff;\">PARA LLEVAR<\/h2><\/div><div class=\"uvc-sub-heading ult-responsive\"  data-ultimate-target='.uvc-heading.ultimate-heading-84736a049b44513e7 .uvc-sub-heading '  data-responsive-json-new='{\"font-size\":\"desktop:19px;mobile:18px;\",\"line-height\":\"\"}'  style=\"font-weight:normal;color:#ffffff;\">Elegid entre la gran variedad de<strong> platos para llevar<\/strong> y disfrutad de la cocina de <strong>la Moixina en casa<\/strong>!<\/p>\n<p>El servicio de <strong>comida para llevar de La Moixina<\/strong> est\u00e1 disponible todo el a\u00f1o, en horario de apertura del restaurante. Tanto aqu\u00ed como en casa, estamos a vuestra disposici\u00f3n!<\/div><\/div>[\/vc_column_inner][\/vc_row_inner][\/vc_column][vc_column width=\u00bb2\/3&#8243; css=\u00bb.vc_custom_1613663852764{margin-top: 0px !important;margin-right: 0px !important;margin-bottom: 0px !important;margin-left: 0px !important;border-top-width: 0px !important;border-right-width: 0px !important;border-bottom-width: 0px !important;border-left-width: 0px !important;padding-top: 0px !important;padding-right: 0px !important;padding-bottom: 0px !important;padding-left: 0px !important;}\u00bb][vc_row_inner equal_height=\u00bbyes\u00bb css=\u00bb.vc_custom_1612967585461{margin-bottom: 3px !important;}\u00bb][vc_column_inner width=\u00bb1\/2&#8243; css=\u00bb.vc_custom_1612883530858{padding-right: 5% !important;padding-left: 7% !important;background-color: #ca7557 !important;}\u00bb offset=\u00bbvc_col-xs-6&#8243;]<div id=\"ultimate-heading-4666a049b445144e\" class=\"uvc-heading ult-adjust-bottom-margin ultimate-heading-4666a049b445144e uvc-7034 \" data-hspacer=\"no_spacer\"  data-halign=\"left\" style=\"text-align:left\"><div class=\"uvc-heading-spacer no_spacer\" style=\"top\"><\/div><div class=\"uvc-main-heading ult-responsive\"  data-ultimate-target='.uvc-heading.ultimate-heading-4666a049b445144e h3'  data-responsive-json-new='{\"font-size\":\"desktop:45px;tablet:45px;tablet_portrait:25px;mobile_landscape:24px;mobile:24px;\",\"line-height\":\"\"}' ><h3 style=\"--font-weight:theme;color:#66321d;\">PLATOS<br \/>\nPARA LLEVAR<\/h3><\/div><div class=\"uvc-sub-heading ult-responsive\"  data-ultimate-target='.uvc-heading.ultimate-heading-4666a049b445144e .uvc-sub-heading '  data-responsive-json-new='{\"font-size\":\"\",\"line-height\":\"\"}'  style=\"font-weight:normal;color:#674c41;\">de verano<\/div><\/div>[vc_icon type=\u00bbthe7&#8243; icon_the7=\u00bbicomoon-the7-font-the7-plus-04&#8243; color=\u00bbcustom\u00bb align=\u00bbright\u00bb css_animation=\u00bbnone\u00bb custom_color=\u00bb#674c41&#8243; css=\u00bb.vc_custom_1616770107263{margin-top: 5px !important;margin-bottom: 0px !important;margin-left: -15px !important;border-bottom-width: 0px !important;padding-bottom: 0px !important;}\u00bb link=\u00bburl:https%3A%2F%2Flamoixina.com%2Fes%2Fpara-llevar%2Fplatos-para-llevar%2F|title:PLATS%20PER%20EMPORTAR\u00bb][\/vc_column_inner][vc_column_inner width=\u00bb1\/2&#8243; css=\u00bb.vc_custom_1612883536875{padding-right: 5% !important;padding-left: 7% !important;background-color: #e8c097 !important;}\u00bb offset=\u00bbvc_col-xs-6&#8243;]<div id=\"ultimate-heading-73796a049b44514a3\" class=\"uvc-heading ult-adjust-bottom-margin ultimate-heading-73796a049b44514a3 uvc-1075 \" data-hspacer=\"no_spacer\"  data-halign=\"left\" style=\"text-align:left\"><div class=\"uvc-heading-spacer no_spacer\" style=\"top\"><\/div><div class=\"uvc-main-heading ult-responsive\"  data-ultimate-target='.uvc-heading.ultimate-heading-73796a049b44514a3 h3'  data-responsive-json-new='{\"font-size\":\"desktop:45px;tablet:45px;tablet_portrait:25px;mobile_landscape:24px;mobile:24px;\",\"line-height\":\"\"}' ><h3 style=\"--font-weight:theme;color:#66321d;\">MEN\u00da<br \/>\nDIARIO<\/h3><\/div><div class=\"uvc-sub-heading ult-responsive\"  data-ultimate-target='.uvc-heading.ultimate-heading-73796a049b44514a3 .uvc-sub-heading '  data-responsive-json-new='{\"font-size\":\"\",\"line-height\":\"\"}'  style=\"font-weight:normal;color:#674c41;\">para\u00a0 llevar \/ 14,50 \u20ac (lun &#8211; vie)<\/div><\/div>[vc_icon type=\u00bbthe7&#8243; icon_the7=\u00bbicomoon-the7-font-the7-plus-04&#8243; color=\u00bbcustom\u00bb align=\u00bbright\u00bb css_animation=\u00bbnone\u00bb custom_color=\u00bb#674c41&#8243; css=\u00bb.vc_custom_1616768288691{margin-top: 5px !important;margin-bottom: 0px !important;margin-left: -15px !important;border-bottom-width: 0px !important;padding-bottom: 0px !important;}\u00bb link=\u00bburl:https%3A%2F%2Flamoixina.com%2Fes%2Fpara-llevar%2Fmenu-diario-para-llevar%2F|title:MEN%C3%9A%20DIARI\u00bb][\/vc_column_inner][\/vc_row_inner][vc_row_inner equal_height=\u00bbyes\u00bb css=\u00bb.vc_custom_1612967637157{margin-top: 3px !important;}\u00bb][vc_column_inner css=\u00bb.vc_custom_1613324976372{padding-right: 5% !important;padding-left: 7% !important;background-color: #e5a969 !important;}\u00bb offset=\u00bbvc_col-xs-6&#8243;]<div id=\"ultimate-heading-42046a049b44514ec\" class=\"uvc-heading ult-adjust-bottom-margin ultimate-heading-42046a049b44514ec uvc-2509 \" data-hspacer=\"no_spacer\"  data-halign=\"left\" style=\"text-align:left\"><div class=\"uvc-heading-spacer no_spacer\" style=\"top\"><\/div><div class=\"uvc-main-heading ult-responsive\"  data-ultimate-target='.uvc-heading.ultimate-heading-42046a049b44514ec h3'  data-responsive-json-new='{\"font-size\":\"desktop:45px;tablet:45px;tablet_portrait:25px;mobile_landscape:24px;mobile:24px;\",\"line-height\":\"\"}' ><h3 style=\"--font-weight:theme;color:#66321d;\">BOCADILLOS<br \/>\nY CAF\u00c9S<\/h3><\/div><div class=\"uvc-sub-heading ult-responsive\"  data-ultimate-target='.uvc-heading.ultimate-heading-42046a049b44514ec .uvc-sub-heading '  data-responsive-json-new='{\"font-size\":\"\",\"line-height\":\"\"}'  style=\"font-weight:normal;color:#674c41;\">TAKE AWAY<\/div><\/div>[vc_icon type=\u00bbthe7&#8243; icon_the7=\u00bbicomoon-the7-font-the7-plus-04&#8243; color=\u00bbcustom\u00bb align=\u00bbright\u00bb css_animation=\u00bbnone\u00bb custom_color=\u00bb#674c41&#8243; css=\u00bb.vc_custom_1613325621397{margin-top: 5px !important;margin-bottom: 0px !important;margin-left: -15px !important;border-bottom-width: 0px !important;padding-bottom: 0px !important;}\u00bb link=\u00bburl:https%3A%2F%2Flamoixina.com%2Fcarta-menus%2Fentrepans%2F|title:TERRASSA%20ENTREPANS\u00bb][\/vc_column_inner][\/vc_row_inner][\/vc_column][\/vc_row][\/vc_section]<\/p>\n<\/div>","protected":false},"excerpt":{"rendered":"<p>[vc_section css=\u00bb.vc_custom_1608470815549{margin-top: 0px !important;margin-right: 0px !important;margin-bottom: 0px !important;margin-left: 0px !important;border-top-width: 0px !important;border-right-width: 0px !important;border-bottom-width: 0px !important;border-left-width: 0px !important;padding-top: 0px !important;padding-right: 0px !important;padding-bottom: 0px !important;padding-left: 0px !important;background-color: #ffffff !important;}\u00bb][vc_row full_width=\u00bbstretch_row_content_no_spaces\u00bb gap=\u00bb5&#8243; equal_height=\u00bbyes\u00bb css=\u00bb.vc_custom_1612883275348{margin-top: 0px !important;margin-right: 0px !important;margin-bottom: 0px !important;margin-left: 0px !important;border-top-width: 0px !important;border-right-width: 0px !important;border-bottom-width: 0px !important;border-left-width: 0px !important;padding-top: 0px !important;padding-right: 0px !important;padding-bottom: 0px !important;padding-left: 0px&hellip;<\/p>\n","protected":false},"author":1,"featured_media":0,"parent":0,"menu_order":0,"comment_status":"closed","ping_status":"closed","template":"","meta":{"footnotes":""},"class_list":["post-2157","page","type-page","status-publish","hentry","description-off"],"yoast_head":"<!-- This site is optimized with the Yoast SEO plugin v27.2 - https:\/\/yoast.com\/product\/yoast-seo-wordpress\/ -->\n<title>La Moixina Per Emportar | Consulta els plats per emportar del restaurant<\/title>\n<meta name=\"description\" content=\"Plats i men\u00fas per emportar de la Moixina, restaurant a Olot (Garrotxa). Recollida al nostre restaurant. Trucan&#039;s 972 261 000\" \/>\n<meta name=\"robots\" content=\"index, follow, max-snippet:-1, max-image-preview:large, max-video-preview:-1\" \/>\n<link rel=\"canonical\" href=\"https:\/\/lamoixina.com\/es\/para-llevar\/\" \/>\n<meta property=\"og:locale\" content=\"es_ES\" \/>\n<meta property=\"og:type\" content=\"article\" \/>\n<meta property=\"og:title\" content=\"La Moixina Per Emportar | Consulta els plats per emportar del restaurant\" \/>\n<meta property=\"og:description\" content=\"Plats i men\u00fas per emportar de la Moixina, restaurant a Olot (Garrotxa). Recollida al nostre restaurant. Trucan&#039;s 972 261 000\" \/>\n<meta property=\"og:url\" content=\"https:\/\/lamoixina.com\/es\/para-llevar\/\" \/>\n<meta property=\"og:site_name\" content=\"La Moixina\" \/>\n<meta property=\"article:modified_time\" content=\"2021-09-03T12:38:52+00:00\" \/>\n<meta name=\"twitter:card\" content=\"summary_large_image\" \/>\n<meta name=\"twitter:label1\" content=\"Tiempo de lectura\" \/>\n\t<meta name=\"twitter:data1\" content=\"2 minutos\" \/>\n<script type=\"application\/ld+json\" class=\"yoast-schema-graph\">{\"@context\":\"https:\/\/schema.org\",\"@graph\":[{\"@type\":\"WebPage\",\"@id\":\"https:\/\/lamoixina.com\/es\/para-llevar\/\",\"url\":\"https:\/\/lamoixina.com\/es\/para-llevar\/\",\"name\":\"La Moixina Per Emportar | Consulta els plats per emportar del restaurant\",\"isPartOf\":{\"@id\":\"https:\/\/lamoixina.com\/es\/#website\"},\"datePublished\":\"2021-02-14T17:29:36+00:00\",\"dateModified\":\"2021-09-03T12:38:52+00:00\",\"description\":\"Plats i men\u00fas per emportar de la Moixina, restaurant a Olot (Garrotxa). Recollida al nostre restaurant. Trucan's 972 261 000\",\"breadcrumb\":{\"@id\":\"https:\/\/lamoixina.com\/es\/para-llevar\/#breadcrumb\"},\"inLanguage\":\"es\",\"potentialAction\":[{\"@type\":\"ReadAction\",\"target\":[\"https:\/\/lamoixina.com\/es\/para-llevar\/\"]}]},{\"@type\":\"BreadcrumbList\",\"@id\":\"https:\/\/lamoixina.com\/es\/para-llevar\/#breadcrumb\",\"itemListElement\":[{\"@type\":\"ListItem\",\"position\":1,\"name\":\"Inici\",\"item\":\"https:\/\/lamoixina.com\/es\/\"},{\"@type\":\"ListItem\",\"position\":2,\"name\":\"PARA LLEVAR LA MOIXINA\"}]},{\"@type\":\"WebSite\",\"@id\":\"https:\/\/lamoixina.com\/es\/#website\",\"url\":\"https:\/\/lamoixina.com\/es\/\",\"name\":\"La Moixina\",\"description\":\"Restaurant Olot de Cuina Volc\u00e0nica\",\"publisher\":{\"@id\":\"https:\/\/lamoixina.com\/es\/#organization\"},\"potentialAction\":[{\"@type\":\"SearchAction\",\"target\":{\"@type\":\"EntryPoint\",\"urlTemplate\":\"https:\/\/lamoixina.com\/es\/?s={search_term_string}\"},\"query-input\":{\"@type\":\"PropertyValueSpecification\",\"valueRequired\":true,\"valueName\":\"search_term_string\"}}],\"inLanguage\":\"es\"},{\"@type\":\"Organization\",\"@id\":\"https:\/\/lamoixina.com\/es\/#organization\",\"name\":\"La Moixina\",\"url\":\"https:\/\/lamoixina.com\/es\/\",\"logo\":{\"@type\":\"ImageObject\",\"inLanguage\":\"es\",\"@id\":\"https:\/\/lamoixina.com\/es\/#\/schema\/logo\/image\/\",\"url\":\"https:\/\/lamoixina.com\/wp-content\/uploads\/2020\/12\/MoixinaM@2.png\",\"contentUrl\":\"https:\/\/lamoixina.com\/wp-content\/uploads\/2020\/12\/MoixinaM@2.png\",\"width\":300,\"height\":140,\"caption\":\"La Moixina\"},\"image\":{\"@id\":\"https:\/\/lamoixina.com\/es\/#\/schema\/logo\/image\/\"}}]}<\/script>\n<!-- \/ Yoast SEO plugin. -->","yoast_head_json":{"title":"La Moixina Per Emportar | Consulta els plats per emportar del restaurant","description":"Plats i men\u00fas per emportar de la Moixina, restaurant a Olot (Garrotxa). Recollida al nostre restaurant. Trucan's 972 261 000","robots":{"index":"index","follow":"follow","max-snippet":"max-snippet:-1","max-image-preview":"max-image-preview:large","max-video-preview":"max-video-preview:-1"},"canonical":"https:\/\/lamoixina.com\/es\/para-llevar\/","og_locale":"es_ES","og_type":"article","og_title":"La Moixina Per Emportar | Consulta els plats per emportar del restaurant","og_description":"Plats i men\u00fas per emportar de la Moixina, restaurant a Olot (Garrotxa). Recollida al nostre restaurant. Trucan's 972 261 000","og_url":"https:\/\/lamoixina.com\/es\/para-llevar\/","og_site_name":"La Moixina","article_modified_time":"2021-09-03T12:38:52+00:00","twitter_card":"summary_large_image","twitter_misc":{"Tiempo de lectura":"2 minutos"},"schema":{"@context":"https:\/\/schema.org","@graph":[{"@type":"WebPage","@id":"https:\/\/lamoixina.com\/es\/para-llevar\/","url":"https:\/\/lamoixina.com\/es\/para-llevar\/","name":"La Moixina Per Emportar | Consulta els plats per emportar del restaurant","isPartOf":{"@id":"https:\/\/lamoixina.com\/es\/#website"},"datePublished":"2021-02-14T17:29:36+00:00","dateModified":"2021-09-03T12:38:52+00:00","description":"Plats i men\u00fas per emportar de la Moixina, restaurant a Olot (Garrotxa). Recollida al nostre restaurant. Trucan's 972 261 000","breadcrumb":{"@id":"https:\/\/lamoixina.com\/es\/para-llevar\/#breadcrumb"},"inLanguage":"es","potentialAction":[{"@type":"ReadAction","target":["https:\/\/lamoixina.com\/es\/para-llevar\/"]}]},{"@type":"BreadcrumbList","@id":"https:\/\/lamoixina.com\/es\/para-llevar\/#breadcrumb","itemListElement":[{"@type":"ListItem","position":1,"name":"Inici","item":"https:\/\/lamoixina.com\/es\/"},{"@type":"ListItem","position":2,"name":"PARA LLEVAR LA MOIXINA"}]},{"@type":"WebSite","@id":"https:\/\/lamoixina.com\/es\/#website","url":"https:\/\/lamoixina.com\/es\/","name":"La Moixina","description":"Restaurant Olot de Cuina Volc\u00e0nica","publisher":{"@id":"https:\/\/lamoixina.com\/es\/#organization"},"potentialAction":[{"@type":"SearchAction","target":{"@type":"EntryPoint","urlTemplate":"https:\/\/lamoixina.com\/es\/?s={search_term_string}"},"query-input":{"@type":"PropertyValueSpecification","valueRequired":true,"valueName":"search_term_string"}}],"inLanguage":"es"},{"@type":"Organization","@id":"https:\/\/lamoixina.com\/es\/#organization","name":"La Moixina","url":"https:\/\/lamoixina.com\/es\/","logo":{"@type":"ImageObject","inLanguage":"es","@id":"https:\/\/lamoixina.com\/es\/#\/schema\/logo\/image\/","url":"https:\/\/lamoixina.com\/wp-content\/uploads\/2020\/12\/MoixinaM@2.png","contentUrl":"https:\/\/lamoixina.com\/wp-content\/uploads\/2020\/12\/MoixinaM@2.png","width":300,"height":140,"caption":"La Moixina"},"image":{"@id":"https:\/\/lamoixina.com\/es\/#\/schema\/logo\/image\/"}}]}},"_links":{"self":[{"href":"https:\/\/lamoixina.com\/es\/wp-json\/wp\/v2\/pages\/2157","targetHints":{"allow":["GET"]}}],"collection":[{"href":"https:\/\/lamoixina.com\/es\/wp-json\/wp\/v2\/pages"}],"about":[{"href":"https:\/\/lamoixina.com\/es\/wp-json\/wp\/v2\/types\/page"}],"author":[{"embeddable":true,"href":"https:\/\/lamoixina.com\/es\/wp-json\/wp\/v2\/users\/1"}],"replies":[{"embeddable":true,"href":"https:\/\/lamoixina.com\/es\/wp-json\/wp\/v2\/comments?post=2157"}],"version-history":[{"count":9,"href":"https:\/\/lamoixina.com\/es\/wp-json\/wp\/v2\/pages\/2157\/revisions"}],"predecessor-version":[{"id":2592,"href":"https:\/\/lamoixina.com\/es\/wp-json\/wp\/v2\/pages\/2157\/revisions\/2592"}],"wp:attachment":[{"href":"https:\/\/lamoixina.com\/es\/wp-json\/wp\/v2\/media?parent=2157"}],"curies":[{"name":"wp","href":"https:\/\/api.w.org\/{rel}","templated":true}]}}