{"id":2208,"date":"2021-02-14T19:20:32","date_gmt":"2021-02-14T17:20:32","guid":{"rendered":"https:\/\/lamoixina.com\/terraza-bar\/ginebres-coctels\/"},"modified":"2024-08-26T11:29:16","modified_gmt":"2024-08-26T09:29:16","slug":"ginebras-cocteles","status":"publish","type":"page","link":"https:\/\/lamoixina.com\/es\/terraza-bar\/ginebras-cocteles\/","title":{"rendered":"Terraza ginebras y c\u00f3cteles"},"content":{"rendered":"<div class=\"wpb-content-wrapper\"><p>[vc_row full_width=\u00bbstretch_row_content_no_spaces\u00bb gap=\u00bb5&#8243; equal_height=\u00bbyes\u00bb css=\u00bb.vc_custom_1612978271544{margin-top: 0px !important;margin-right: 0px !important;margin-bottom: 0px !important;margin-left: 0px !important;border-top-width: 0px !important;border-right-width: 0px !important;border-bottom-width: 0px !important;border-left-width: 0px !important;padding-top: 0px !important;padding-right: 0px !important;padding-bottom: 0px !important;padding-left: 0px !important;background-color: #ffffff !important;background-position: 0 0 !important;background-repeat: no-repeat !important;}\u00bb][vc_column css=\u00bb.vc_custom_1617429642363{margin-top: 0px !important;margin-right: 0px !important;margin-bottom: 0px !important;margin-left: 0px !important;border-top-width: 0px !important;border-right-width: 0px !important;border-bottom-width: 0px !important;border-left-width: 0px !important;padding-top: 10% !important;padding-right: 5% !important;padding-bottom: 10% !important;padding-left: 5% !important;background-color: #593324 !important;}\u00bb]<div id=\"ultimate-heading-449569f50a88c6dd3\" class=\"uvc-heading ult-adjust-bottom-margin ultimate-heading-449569f50a88c6dd3 uvc-1824 \" data-hspacer=\"no_spacer\"  data-halign=\"center\" style=\"text-align:center\"><div class=\"uvc-heading-spacer no_spacer\" style=\"top\"><\/div><div class=\"uvc-main-heading ult-responsive\"  data-ultimate-target='.uvc-heading.ultimate-heading-449569f50a88c6dd3 h1'  data-responsive-json-new='{\"font-size\":\"desktop:60px;tablet:50px;tablet_portrait:50px;mobile_landscape:50px;mobile:40px;\",\"line-height\":\"\"}' ><h1 style=\"--font-weight:theme;color:#ffffff;\">GINEBRAS Y C\u00d3CTELES<\/h1><\/div><div class=\"uvc-sub-heading ult-responsive\"  data-ultimate-target='.uvc-heading.ultimate-heading-449569f50a88c6dd3 .uvc-sub-heading '  data-responsive-json-new='{\"font-size\":\"desktop:25px;mobile:20px;\",\"line-height\":\"\"}'  style=\"font-weight:normal;color:#ffffff;\">para tomar en la terraza del bar<\/div><\/div>[\/vc_column][\/vc_row][vc_row][vc_column css=\u00bb.vc_custom_1612977584073{padding-top: 5% !important;padding-bottom: 5% !important;}\u00bb]<div id=\"ultimate-heading-759569f50a88c6e32\" class=\"uvc-heading ult-adjust-bottom-margin ultimate-heading-759569f50a88c6e32 uvc-5952 \" data-hspacer=\"no_spacer\"  data-halign=\"center\" style=\"text-align:center\"><div class=\"uvc-heading-spacer no_spacer\" style=\"top\"><\/div><div class=\"uvc-main-heading ult-responsive\"  data-ultimate-target='.uvc-heading.ultimate-heading-759569f50a88c6e32 h3'  data-responsive-json-new='{\"font-size\":\"desktop:35px;tablet:35px;tablet_portrait:25px;mobile_landscape:35px;mobile:35px;\",\"line-height\":\"\"}' ><h3 style=\"--font-weight:theme;color:#674c41;\">GINT\u00d3NICS<\/h3><\/div><\/div>[vc_column_text css=\u00bb.vc_custom_1724664552472{padding-top: 3% !important;padding-right: 5% !important;padding-bottom: 3% !important;padding-left: 5% !important;}\u00bb]<\/p>\n<p style=\"text-align: center;\">Bombay\u00a0 \u2013 9,50 \u20ac<br \/>\nBeefeater \u2013 9,50 \u20ac<br \/>\nBombay Saphire\u00a0 \u2013 10,00 \u20ac<br \/>\nBrockmans \u2013 13,00 \u20ac<br \/>\nBullgog \u2013 12,00 \u20ac<br \/>\nCitadelle\u00a0 \u2013 12,00 \u20ac<br \/>\nG\u2019vine \u2013 14,00 \u20ac<br \/>\nGin Mare \u2013 14,00 \u20ac<br \/>\nHendrick\u2019s \u2013 13,00 \u20ac<br \/>\nJondpur \u2013 12,00 \u20ac<br \/>\nMartin Miler \u2013 12,00 \u20ac<br \/>\nNord\u00e9s \u2013 12,00 \u20ac<br \/>\nSeagram\u2019s \u2013 9,50 \u20ac<br \/>\nTanqueray \u2013 9,50 \u20ac<br \/>\nThe London n\u00ba 1 \u2013 13,00 \u20ac<br \/>\nVolc\u00e0nic \u2013 13,00 \u20ac<br \/>\nPuerto de Indias \u2013 10,00 \u20ac<\/p>\n<p>[\/vc_column_text]<div id=\"ultimate-heading-718569f50a88c6e74\" class=\"uvc-heading ult-adjust-bottom-margin ultimate-heading-718569f50a88c6e74 uvc-3981 \" data-hspacer=\"no_spacer\"  data-halign=\"center\" style=\"text-align:center\"><div class=\"uvc-heading-spacer no_spacer\" style=\"top\"><\/div><div class=\"uvc-main-heading ult-responsive\"  data-ultimate-target='.uvc-heading.ultimate-heading-718569f50a88c6e74 h3'  data-responsive-json-new='{\"font-size\":\"desktop:35px;tablet:35px;tablet_portrait:25px;mobile_landscape:35px;mobile:35px;\",\"line-height\":\"\"}' ><h3 style=\"--font-weight:theme;color:#674c41;\">C\u00d3CTELES<\/h3><\/div><\/div>[vc_column_text css=\u00bb.vc_custom_1724079197672{padding-top: 3% !important;padding-right: 5% !important;padding-bottom: 3% !important;padding-left: 5% !important;}\u00bb]<\/p>\n<p style=\"text-align: center;\">Ballenato: ron blanco, zumo de lim\u00f3n y ginger-ale &#8211; 8,50 \u20ac<br \/>\nBloody Mary: vodka, zumo de tomate, zumo de lim\u00f3n, sal, pimienta, tabasco- 8,50 \u20ac<br \/>\nCaipirinya: cachaza, lima, az\u00facar y hielo &#8211; 8,50 \u20ac<br \/>\nCaipiroska: vodka, lima, az\u00facar y hielo &#8211;\u00a0 8,50 \u20ac<br \/>\nGimlet: ginebra y lima &#8211; 8,50 \u20ac<br \/>\nMojito: ron blanco, jugo de lim\u00f3n, az\u00facar, sif\u00f3n, hojas de menta y hielo &#8211; 8,50 \u20ac<br \/>\nTequila Sunrise: tequila, zumo de naranja y granadina &#8211; 8,50 \u20ac<\/p>\n<p>[\/vc_column_text]<div id=\"ultimate-heading-250169f50a88c6eb1\" class=\"uvc-heading ult-adjust-bottom-margin ultimate-heading-250169f50a88c6eb1 uvc-3971 \" data-hspacer=\"no_spacer\"  data-halign=\"center\" style=\"text-align:center\"><div class=\"uvc-heading-spacer no_spacer\" style=\"top\"><\/div><div class=\"uvc-main-heading ult-responsive\"  data-ultimate-target='.uvc-heading.ultimate-heading-250169f50a88c6eb1 h3'  data-responsive-json-new='{\"font-size\":\"desktop:35px;tablet:35px;tablet_portrait:25px;mobile_landscape:35px;mobile:35px;\",\"line-height\":\"\"}' ><h3 style=\"--font-weight:theme;color:#674c41;\">C\u00d3CTELES SIN ALCOHOL<\/h3><\/div><\/div>[vc_column_text css=\u00bb.vc_custom_1724079265350{padding-top: 3% !important;padding-right: 5% !important;padding-bottom: 3% !important;padding-left: 5% !important;}\u00bb]<\/p>\n<p style=\"text-align: center;\">Marta: zumo de naranja, lima y ginger-ale &#8211; 7,90 \u20ac<br \/>\nMojito sin: lim\u00f3n, lima, hojas de menta, hielo y sif\u00f3n &#8211; 7,90 \u20ac<br \/>\nSant Francisco: zumo de naranja, zumo de lim\u00f3n, zumo de pi\u00f1a y granadina &#8211; 7,90 \u20ac<\/p>\n<p>[\/vc_column_text][\/vc_column][\/vc_row][vc_row full_width=\u00bbstretch_row_content_no_spaces\u00bb content_placement=\u00bbmiddle\u00bb css=\u00bb.vc_custom_1617430213813{background-color: #e2e2e2 !important;}\u00bb][vc_column]<div id=\"ultimate-heading-929969f50a88c6eee\" class=\"uvc-heading ult-adjust-bottom-margin ultimate-heading-929969f50a88c6eee uvc-28 \" data-hspacer=\"no_spacer\"  data-halign=\"center\" style=\"text-align:center\"><div class=\"uvc-heading-spacer no_spacer\" style=\"top\"><\/div><div class=\"uvc-main-heading ult-responsive\"  data-ultimate-target='.uvc-heading.ultimate-heading-929969f50a88c6eee h3'  data-responsive-json-new='{\"font-size\":\"desktop:35px;tablet:35px;tablet_portrait:25px;mobile_landscape:35px;mobile:35px;\",\"line-height\":\"\"}' ><h3 style=\"--font-weight:theme;color:#674c41;\">INFORMACI\u00d3N<\/h3><\/div><\/div>[vc_column_text css=\u00bb.vc_custom_1617430243384{padding-top: 3% !important;padding-right: 5% !important;padding-bottom: 3% !important;padding-left: 5% !important;}\u00bb]<\/p>\n<p style=\"text-align: center;\">Tenemos a su disposici\u00f3n la informaci\u00f3n de al\u00e9rgenos.<\/p>\n<p style=\"text-align: center;\">Rogamos que informen al camarero de sus alergias, intolerancias y preferencias alimentarias.<\/p>\n<p style=\"text-align: center;\"><b><img loading=\"lazy\" decoding=\"async\" class=\"alignbottom wp-image-1033\" src=\"https:\/\/lamoixina.com\/wp-content\/uploads\/2021\/02\/plats-cuina-volcanica-olot.png\" alt=\"\" width=\"20\" height=\"19\" \/><\/b>\u00a0Plato de Cuina Volc\u00e0nica\u00a0<img loading=\"lazy\" decoding=\"async\" class=\"size-medium wp-image-929 alignbottom\" src=\"https:\/\/lamoixina.com\/wp-content\/uploads\/2021\/02\/plats-sense-gluten-restaurant-olot.svg\" alt=\"\" width=\"20\" height=\"20\" \/>\u00a0Plato apto para vegetariano\u00a0<img loading=\"lazy\" decoding=\"async\" class=\"size-medium wp-image-935 alignbottom\" src=\"https:\/\/lamoixina.com\/wp-content\/uploads\/2021\/02\/plats-vegans-olot.svg\" alt=\"\" width=\"20\" height=\"20\" \/>\u00a0Plato apto para vegano<\/p>\n<p style=\"text-align: center;\">De jueves a domingo, a la terraza de la Moixina.<\/p>\n<p>[\/vc_column_text][vc_row_inner][vc_column_inner width=\u00bb1\/2&#8243;]<div class=\" ubtn-ctn-center \"><a class=\"ubtn-link ult-adjust-bottom-margin ubtn-center ubtn-large \" href=\"https:\/\/lamoixina.com\/es\/terraza-bar\/\" title=\"Carta i men\u00fas\" ><button type=\"button\" id=\"ubtn-3765\"  class=\"ubtn ult-adjust-bottom-margin ult-responsive ubtn-large ubtn-fade-bg  ulta-grow  ubtn-sep-icon ubtn-sep-icon-at-left  ubtn-center   tooltip-69f50a88c6f2a\"  data-hover=\"#ffffff\" data-border-color=\"\" data-bg=\"#593324\" data-hover-bg=\"#936055\" data-border-hover=\"\" data-shadow-hover=\"\" data-shadow-click=\"none\" data-shadow=\"\" data-shd-shadow=\"\"  data-ultimate-target='#ubtn-3765'  data-responsive-json-new='{\"font-size\":\"\",\"line-height\":\"\"}'  style=\"font-family:&#039;Montserrat&#039;;font-weight:300;border:none;background: #593324;color: #ffffff;\"><span class=\"ubtn-data ubtn-icon\"><i class=\"icomoon-the7-font-the7-arrow-28\" style=\"font-size:12px;color:#ffffff;\"><\/i><\/span><span class=\"ubtn-hover\" style=\"background-color:#936055\"><\/span><span class=\"ubtn-data ubtn-text \" >VUELVE A CARTA Y MEN\u00daS<\/span><\/button><\/a><\/div>[\/vc_column_inner][vc_column_inner width=\u00bb1\/2&#8243;][\/vc_column_inner][\/vc_row_inner][\/vc_column][\/vc_row]<\/p>\n<\/div>","protected":false},"excerpt":{"rendered":"<p>[vc_row full_width=\u00bbstretch_row_content_no_spaces\u00bb gap=\u00bb5&#8243; equal_height=\u00bbyes\u00bb css=\u00bb.vc_custom_1612978271544{margin-top: 0px !important;margin-right: 0px !important;margin-bottom: 0px !important;margin-left: 0px !important;border-top-width: 0px !important;border-right-width: 0px !important;border-bottom-width: 0px !important;border-left-width: 0px !important;padding-top: 0px !important;padding-right: 0px !important;padding-bottom: 0px !important;padding-left: 0px !important;background-color: #ffffff !important;background-position: 0 0 !important;background-repeat: no-repeat !important;}\u00bb][vc_column css=\u00bb.vc_custom_1617429642363{margin-top: 0px !important;margin-right: 0px !important;margin-bottom: 0px !important;margin-left: 0px !important;border-top-width: 0px !important;border-right-width: 0px !important;border-bottom-width: 0px !important;border-left-width: 0px !important;padding-top: 10% !important;padding-right:&hellip;<\/p>\n","protected":false},"author":1,"featured_media":0,"parent":2190,"menu_order":0,"comment_status":"closed","ping_status":"closed","template":"","meta":{"footnotes":""},"class_list":["post-2208","page","type-page","status-publish","hentry","description-off"],"yoast_head":"<!-- This site is optimized with the Yoast SEO plugin v27.2 - https:\/\/yoast.com\/product\/yoast-seo-wordpress\/ -->\n<title>Terraza ginebras y c\u00f3cteles - La Moixina<\/title>\n<meta name=\"robots\" content=\"index, follow, max-snippet:-1, max-image-preview:large, max-video-preview:-1\" \/>\n<link rel=\"canonical\" href=\"https:\/\/lamoixina.com\/es\/terraza-bar\/ginebras-cocteles\/\" \/>\n<meta property=\"og:locale\" content=\"es_ES\" \/>\n<meta property=\"og:type\" content=\"article\" \/>\n<meta property=\"og:title\" content=\"Terraza ginebras y c\u00f3cteles - La Moixina\" \/>\n<meta property=\"og:description\" content=\"[vc_row full_width=\u00bbstretch_row_content_no_spaces\u00bb gap=\u00bb5&#8243; equal_height=\u00bbyes\u00bb css=\u00bb.vc_custom_1612978271544{margin-top: 0px !important;margin-right: 0px !important;margin-bottom: 0px !important;margin-left: 0px !important;border-top-width: 0px !important;border-right-width: 0px !important;border-bottom-width: 0px !important;border-left-width: 0px !important;padding-top: 0px !important;padding-right: 0px !important;padding-bottom: 0px !important;padding-left: 0px !important;background-color: #ffffff !important;background-position: 0 0 !important;background-repeat: no-repeat !important;}\u00bb][vc_column css=\u00bb.vc_custom_1617429642363{margin-top: 0px !important;margin-right: 0px !important;margin-bottom: 0px !important;margin-left: 0px !important;border-top-width: 0px !important;border-right-width: 0px !important;border-bottom-width: 0px !important;border-left-width: 0px !important;padding-top: 10% !important;padding-right:&hellip;\" \/>\n<meta property=\"og:url\" content=\"https:\/\/lamoixina.com\/es\/terraza-bar\/ginebras-cocteles\/\" \/>\n<meta property=\"og:site_name\" content=\"La Moixina\" \/>\n<meta property=\"article:modified_time\" content=\"2024-08-26T09:29:16+00:00\" \/>\n<meta property=\"og:image\" content=\"https:\/\/lamoixina.com\/wp-content\/uploads\/2021\/02\/plats-cuina-volcanica-olot.png\" \/>\n<meta name=\"twitter:card\" content=\"summary_large_image\" \/>\n<meta name=\"twitter:label1\" content=\"Tiempo de lectura\" \/>\n\t<meta name=\"twitter:data1\" content=\"3 minutos\" \/>\n<script type=\"application\/ld+json\" class=\"yoast-schema-graph\">{\"@context\":\"https:\/\/schema.org\",\"@graph\":[{\"@type\":\"WebPage\",\"@id\":\"https:\/\/lamoixina.com\/es\/terraza-bar\/ginebras-cocteles\/\",\"url\":\"https:\/\/lamoixina.com\/es\/terraza-bar\/ginebras-cocteles\/\",\"name\":\"Terraza ginebras y c\u00f3cteles - La Moixina\",\"isPartOf\":{\"@id\":\"https:\/\/lamoixina.com\/es\/#website\"},\"primaryImageOfPage\":{\"@id\":\"https:\/\/lamoixina.com\/es\/terraza-bar\/ginebras-cocteles\/#primaryimage\"},\"image\":{\"@id\":\"https:\/\/lamoixina.com\/es\/terraza-bar\/ginebras-cocteles\/#primaryimage\"},\"thumbnailUrl\":\"https:\/\/lamoixina.com\/wp-content\/uploads\/2021\/02\/plats-cuina-volcanica-olot.png\",\"datePublished\":\"2021-02-14T17:20:32+00:00\",\"dateModified\":\"2024-08-26T09:29:16+00:00\",\"breadcrumb\":{\"@id\":\"https:\/\/lamoixina.com\/es\/terraza-bar\/ginebras-cocteles\/#breadcrumb\"},\"inLanguage\":\"es\",\"potentialAction\":[{\"@type\":\"ReadAction\",\"target\":[\"https:\/\/lamoixina.com\/es\/terraza-bar\/ginebras-cocteles\/\"]}]},{\"@type\":\"ImageObject\",\"inLanguage\":\"es\",\"@id\":\"https:\/\/lamoixina.com\/es\/terraza-bar\/ginebras-cocteles\/#primaryimage\",\"url\":\"https:\/\/lamoixina.com\/wp-content\/uploads\/2021\/02\/plats-cuina-volcanica-olot.png\",\"contentUrl\":\"https:\/\/lamoixina.com\/wp-content\/uploads\/2021\/02\/plats-cuina-volcanica-olot.png\"},{\"@type\":\"BreadcrumbList\",\"@id\":\"https:\/\/lamoixina.com\/es\/terraza-bar\/ginebras-cocteles\/#breadcrumb\",\"itemListElement\":[{\"@type\":\"ListItem\",\"position\":1,\"name\":\"Inici\",\"item\":\"https:\/\/lamoixina.com\/es\/\"},{\"@type\":\"ListItem\",\"position\":2,\"name\":\"TERRAZA BAR LA MOIXINA\",\"item\":\"https:\/\/lamoixina.com\/es\/terraza-bar\/\"},{\"@type\":\"ListItem\",\"position\":3,\"name\":\"Terraza ginebras y c\u00f3cteles\"}]},{\"@type\":\"WebSite\",\"@id\":\"https:\/\/lamoixina.com\/es\/#website\",\"url\":\"https:\/\/lamoixina.com\/es\/\",\"name\":\"La Moixina\",\"description\":\"Restaurant Olot de Cuina Volc\u00e0nica\",\"publisher\":{\"@id\":\"https:\/\/lamoixina.com\/es\/#organization\"},\"potentialAction\":[{\"@type\":\"SearchAction\",\"target\":{\"@type\":\"EntryPoint\",\"urlTemplate\":\"https:\/\/lamoixina.com\/es\/?s={search_term_string}\"},\"query-input\":{\"@type\":\"PropertyValueSpecification\",\"valueRequired\":true,\"valueName\":\"search_term_string\"}}],\"inLanguage\":\"es\"},{\"@type\":\"Organization\",\"@id\":\"https:\/\/lamoixina.com\/es\/#organization\",\"name\":\"La Moixina\",\"url\":\"https:\/\/lamoixina.com\/es\/\",\"logo\":{\"@type\":\"ImageObject\",\"inLanguage\":\"es\",\"@id\":\"https:\/\/lamoixina.com\/es\/#\/schema\/logo\/image\/\",\"url\":\"https:\/\/lamoixina.com\/wp-content\/uploads\/2020\/12\/MoixinaM@2.png\",\"contentUrl\":\"https:\/\/lamoixina.com\/wp-content\/uploads\/2020\/12\/MoixinaM@2.png\",\"width\":300,\"height\":140,\"caption\":\"La Moixina\"},\"image\":{\"@id\":\"https:\/\/lamoixina.com\/es\/#\/schema\/logo\/image\/\"}}]}<\/script>\n<!-- \/ Yoast SEO plugin. -->","yoast_head_json":{"title":"Terraza ginebras y c\u00f3cteles - La Moixina","robots":{"index":"index","follow":"follow","max-snippet":"max-snippet:-1","max-image-preview":"max-image-preview:large","max-video-preview":"max-video-preview:-1"},"canonical":"https:\/\/lamoixina.com\/es\/terraza-bar\/ginebras-cocteles\/","og_locale":"es_ES","og_type":"article","og_title":"Terraza ginebras y c\u00f3cteles - La Moixina","og_description":"[vc_row full_width=\u00bbstretch_row_content_no_spaces\u00bb gap=\u00bb5&#8243; equal_height=\u00bbyes\u00bb css=\u00bb.vc_custom_1612978271544{margin-top: 0px !important;margin-right: 0px !important;margin-bottom: 0px !important;margin-left: 0px !important;border-top-width: 0px !important;border-right-width: 0px !important;border-bottom-width: 0px !important;border-left-width: 0px !important;padding-top: 0px !important;padding-right: 0px !important;padding-bottom: 0px !important;padding-left: 0px !important;background-color: #ffffff !important;background-position: 0 0 !important;background-repeat: no-repeat !important;}\u00bb][vc_column css=\u00bb.vc_custom_1617429642363{margin-top: 0px !important;margin-right: 0px !important;margin-bottom: 0px !important;margin-left: 0px !important;border-top-width: 0px !important;border-right-width: 0px !important;border-bottom-width: 0px !important;border-left-width: 0px !important;padding-top: 10% !important;padding-right:&hellip;","og_url":"https:\/\/lamoixina.com\/es\/terraza-bar\/ginebras-cocteles\/","og_site_name":"La Moixina","article_modified_time":"2024-08-26T09:29:16+00:00","og_image":[{"url":"https:\/\/lamoixina.com\/wp-content\/uploads\/2021\/02\/plats-cuina-volcanica-olot.png","type":"","width":"","height":""}],"twitter_card":"summary_large_image","twitter_misc":{"Tiempo de lectura":"3 minutos"},"schema":{"@context":"https:\/\/schema.org","@graph":[{"@type":"WebPage","@id":"https:\/\/lamoixina.com\/es\/terraza-bar\/ginebras-cocteles\/","url":"https:\/\/lamoixina.com\/es\/terraza-bar\/ginebras-cocteles\/","name":"Terraza ginebras y c\u00f3cteles - La Moixina","isPartOf":{"@id":"https:\/\/lamoixina.com\/es\/#website"},"primaryImageOfPage":{"@id":"https:\/\/lamoixina.com\/es\/terraza-bar\/ginebras-cocteles\/#primaryimage"},"image":{"@id":"https:\/\/lamoixina.com\/es\/terraza-bar\/ginebras-cocteles\/#primaryimage"},"thumbnailUrl":"https:\/\/lamoixina.com\/wp-content\/uploads\/2021\/02\/plats-cuina-volcanica-olot.png","datePublished":"2021-02-14T17:20:32+00:00","dateModified":"2024-08-26T09:29:16+00:00","breadcrumb":{"@id":"https:\/\/lamoixina.com\/es\/terraza-bar\/ginebras-cocteles\/#breadcrumb"},"inLanguage":"es","potentialAction":[{"@type":"ReadAction","target":["https:\/\/lamoixina.com\/es\/terraza-bar\/ginebras-cocteles\/"]}]},{"@type":"ImageObject","inLanguage":"es","@id":"https:\/\/lamoixina.com\/es\/terraza-bar\/ginebras-cocteles\/#primaryimage","url":"https:\/\/lamoixina.com\/wp-content\/uploads\/2021\/02\/plats-cuina-volcanica-olot.png","contentUrl":"https:\/\/lamoixina.com\/wp-content\/uploads\/2021\/02\/plats-cuina-volcanica-olot.png"},{"@type":"BreadcrumbList","@id":"https:\/\/lamoixina.com\/es\/terraza-bar\/ginebras-cocteles\/#breadcrumb","itemListElement":[{"@type":"ListItem","position":1,"name":"Inici","item":"https:\/\/lamoixina.com\/es\/"},{"@type":"ListItem","position":2,"name":"TERRAZA BAR LA MOIXINA","item":"https:\/\/lamoixina.com\/es\/terraza-bar\/"},{"@type":"ListItem","position":3,"name":"Terraza ginebras y c\u00f3cteles"}]},{"@type":"WebSite","@id":"https:\/\/lamoixina.com\/es\/#website","url":"https:\/\/lamoixina.com\/es\/","name":"La Moixina","description":"Restaurant Olot de Cuina Volc\u00e0nica","publisher":{"@id":"https:\/\/lamoixina.com\/es\/#organization"},"potentialAction":[{"@type":"SearchAction","target":{"@type":"EntryPoint","urlTemplate":"https:\/\/lamoixina.com\/es\/?s={search_term_string}"},"query-input":{"@type":"PropertyValueSpecification","valueRequired":true,"valueName":"search_term_string"}}],"inLanguage":"es"},{"@type":"Organization","@id":"https:\/\/lamoixina.com\/es\/#organization","name":"La Moixina","url":"https:\/\/lamoixina.com\/es\/","logo":{"@type":"ImageObject","inLanguage":"es","@id":"https:\/\/lamoixina.com\/es\/#\/schema\/logo\/image\/","url":"https:\/\/lamoixina.com\/wp-content\/uploads\/2020\/12\/MoixinaM@2.png","contentUrl":"https:\/\/lamoixina.com\/wp-content\/uploads\/2020\/12\/MoixinaM@2.png","width":300,"height":140,"caption":"La Moixina"},"image":{"@id":"https:\/\/lamoixina.com\/es\/#\/schema\/logo\/image\/"}}]}},"_links":{"self":[{"href":"https:\/\/lamoixina.com\/es\/wp-json\/wp\/v2\/pages\/2208","targetHints":{"allow":["GET"]}}],"collection":[{"href":"https:\/\/lamoixina.com\/es\/wp-json\/wp\/v2\/pages"}],"about":[{"href":"https:\/\/lamoixina.com\/es\/wp-json\/wp\/v2\/types\/page"}],"author":[{"embeddable":true,"href":"https:\/\/lamoixina.com\/es\/wp-json\/wp\/v2\/users\/1"}],"replies":[{"embeddable":true,"href":"https:\/\/lamoixina.com\/es\/wp-json\/wp\/v2\/comments?post=2208"}],"version-history":[{"count":8,"href":"https:\/\/lamoixina.com\/es\/wp-json\/wp\/v2\/pages\/2208\/revisions"}],"predecessor-version":[{"id":3448,"href":"https:\/\/lamoixina.com\/es\/wp-json\/wp\/v2\/pages\/2208\/revisions\/3448"}],"up":[{"embeddable":true,"href":"https:\/\/lamoixina.com\/es\/wp-json\/wp\/v2\/pages\/2190"}],"wp:attachment":[{"href":"https:\/\/lamoixina.com\/es\/wp-json\/wp\/v2\/media?parent=2208"}],"curies":[{"name":"wp","href":"https:\/\/api.w.org\/{rel}","templated":true}]}}