{"id":2232,"date":"2020-10-14T15:32:05","date_gmt":"2020-10-14T13:32:05","guid":{"rendered":"https:\/\/lamoixina.com\/avis-legal\/"},"modified":"2021-04-03T08:43:32","modified_gmt":"2021-04-03T06:43:32","slug":"aviso-legal","status":"publish","type":"page","link":"https:\/\/lamoixina.com\/es\/aviso-legal\/","title":{"rendered":"Aviso legal"},"content":{"rendered":"<div class=\"wpb-content-wrapper\"><p>[vc_row css=\u00bb.vc_custom_1616491350158{margin-top: 30px !important;background-color: rgba(81,54,41,0.26) !important;*background-color: rgb(81,54,41) !important;}\u00bb][vc_column][vc_column_text]<\/p>\n<h1>AVISO LEGAL<\/h1>\n<p>[\/vc_column_text][\/vc_column][\/vc_row][vc_row][vc_column width=\u00bb1\/4&#8243;][vc_column_text]<\/p>\n<h2>DATOS IDENTIFICATIVOS<\/h2>\n<p>[\/vc_column_text][\/vc_column][vc_column width=\u00bb3\/4&#8243;][vc_column_text]De acuerdo con lo dispuesto en el art\u00edculo 10 de la Ley 34\/2002, de Servicios de la Sociedad de la Informaci\u00f3n y de Comercio Electr\u00f3nico, se informa a todos nuestros clientes, usuarios y visitantes en general, sobre la informaci\u00f3n legal relativa a la propietaria.<\/p>\n<p><span class=\"Estilo2\">RESTAURANT FONT MOIXINA<\/span><br \/>\nParatge de la Font Moixina s\/n 17800 (Olot)<br \/>\nT. +34 972261000 \u2013 F. +34 972269792[\/vc_column_text][\/vc_column][\/vc_row][vc_row][vc_column width=\u00bb1\/4&#8243;][vc_column_text]<\/p>\n<h2 data-fontsize=\"35\" data-lineheight=\"48\">POL\u00cdTICA DE PRIVACIDAD<\/h2>\n<p>[\/vc_column_text][\/vc_column][vc_column width=\u00bb3\/4&#8243;][vc_column_text]Toda comunicaci\u00f3n establecida con www.lamoixina.com sea cual sea el medio utilizado, incluyendo correos electr\u00f3nicos oa trav\u00e9s de los formularios presentes en este sitio web, supone la aceptaci\u00f3n y consentimiento expreso para que sus datos personales sean incorporados a ficheros, los cuales son titularidad de RESTAURANTE FONT MOIXINA<\/p>\n<p>Cualquier dato de car\u00e1cter personal ser\u00e1 tratado de acuerdo con lo dispuesto en la Ley Org\u00e1nica 15\/1999, de 13 de diciembre, de protecci\u00f3n de datos de car\u00e1cter personal.<\/p>\n<p>Por lo tanto, cualquier persona f\u00edsica o jur\u00eddica podr\u00e1 ejercer los derechos de acceso, rectificaci\u00f3n, cancelaci\u00f3n y oposici\u00f3n respecto a los datos que consten en los anteriormente mencionados ficheros, pudiendo revocar su consentimiento por escrito en el momento que crea oportuno.<\/p>\n<p>Para ejercer estos derechos, podr\u00e1 hacerlo a trav\u00e9s de la direcci\u00f3n de correo electr\u00f3nico <a href=\"mailto:info@lamoixina.com\">info@lamoixina.com<\/a> o mediante comunicaci\u00f3n por escrito dirigida a:<\/p>\n<p><span class=\"Estilo2\">RESTAURANT FONT MOIXINA<\/span><br \/>\nParatge de la Font Moixina s\/n 17800 (Olot)<br \/>\nT. +34 972261000 \u2013 F. +34 972269792[\/vc_column_text][\/vc_column][\/vc_row][vc_row css=\u00bb.vc_custom_1616491350158{margin-top: 30px !important;background-color: rgba(81,54,41,0.26) !important;*background-color: rgb(81,54,41) !important;}\u00bb][vc_column][vc_column_text]<\/p>\n<h1>POL\u00cdTICA DE COOKIES<\/h1>\n<p>[\/vc_column_text][\/vc_column][\/vc_row][vc_row][vc_column][vc_column_text]Una cookie es un peque\u00f1o archivo de texto que se almacena en su navegador cuando visita casi cualquier p\u00e1gina web. Su utilidad es que la web sea capaz de recordar su visita cuando vuelva a navegar por esta p\u00e1gina. Las cookies suelen almacenar informaci\u00f3n de car\u00e1cter t\u00e9cnico, preferencias personales, personalizaci\u00f3n de contenidos, estad\u00edsticas de uso, enlaces a redes sociales, acceso a cuentas de usuario, etc El objetivo de la cookie es adaptar el contenido de la web a su perfil y necesidades, sin cookies los servicios ofrecidos por cualquier p\u00e1gina ver\u00edan mermados notablemente.<\/p>\n<h3>COOKIES UTILIZADAS EN ESTE SITIO WEB<\/h3>\n<p>Siguiendo las directrices de la Agencia Espa\u00f1ola de Protecci\u00f3n de Datos procedemos a detallar el uso de cookies que hace esta web con el fin de informar con la m\u00e1xima exactitud posible.<\/p>\n<p>Este sitio web utiliza las cookies propias:<\/p>\n<p>Cookies de sesi\u00f3n, para garantizar que los usuarios que escriban comentarios en el blog sean humanos y no aplicaciones automatizadas. De esta manera se combate el spam.<\/p>\n<p>Este sitio web utiliza las siguientes cookies de terceros:<\/p>\n<p>Google Analytics: Almacena cookies para poder elaborar estad\u00edsticas sobre el tr\u00e1fico y volumen de visitas de esta web. Al utilizar este sitio web est\u00e1 consintiendo el tratamiento de informaci\u00f3n acerca de Usted por Google. Por lo tanto, el ejercicio de cualquier derecho en este sentido deber\u00e1 hacer comunicando directamente con Google. Redes sociales: Cada red social utiliza sus propias cookies para que usted pueda pinchar en botones del tipo Me gusta o Compartir.<\/p>\n<p>Desactivaci\u00f3n o eliminaci\u00f3n de cookies<\/p>\n<p>En cualquier momento podr\u00e1 ejercer su derecho de desactivaci\u00f3n o eliminaci\u00f3n de cookies de este sitio web.Este acciones se realizan de forma diferente en funci\u00f3n del navegador que utilice.<\/p>\n<p><strong>Notas adicionales<\/strong><\/p>\n<p>Ni esta web ni sus representantes legales se hacen responsables ni del contenido ni de la veracidad de las pol\u00edticas de privacidad que puedan tener los terceros mencionados en esta pol\u00edtica de cookies. Los navegadores web son las herramientas encargadas de almacenar las cookies y desde este lugar debe realizar su derecho a eliminaci\u00f3n o desactivaci\u00f3n de las mismas. Ni esta web ni sus representantes legales pueden garantizar la correcta o incorrecta manipulaci\u00f3n de las cookies por parte de dichos navegadores. En algunos casos es necesario instalar cookies para que el navegador no olvide su decisi\u00f3n de no aceptaci\u00f3n de las mismas. En el caso de las cookies de Google Analytics, esta empresa almacena las cookies en los servidores en Estados Unidos y se compromete a no compartirla con terceros, salvo en los casos en que sea necesario para el funcionamiento del sistema o cuando la ley obligue al efecto. Seg\u00fan Google no guarda su direcci\u00f3n IP. Google Inc. es una compa\u00f1\u00eda adherida al Acuerdo de Puerto Seguro que garantiza que todos los datos transferidos ser\u00e1n tratados con un nivel de protecci\u00f3n de acuerdo con la normativa europea. Puede consultar informaci\u00f3n detallada al respecto en este enlace .Si desea informaci\u00f3n sobre el uso que Google da a las cookies le adjuntamos este otro enlace. Para cualquier duda o consulta sobre esta pol\u00edtica de cookies no dude en comunicarse con nosotros a trav\u00e9s de la secci\u00f3n de contacto.<\/p>\n<h2>M\u00c1S INFO SOBRE LAS COOKIES<\/h2>\n<h3>\u00bfQU\u00c9 \u00c9S UNA COOKIE?<\/h3>\n<p>Una cookie es un archivo de texto inofensivo que se almacena en su navegador cuando visita casi cualquier p\u00e1gina web. La utilidad de la cookie es que la web sea capaz de recordar su visita cuando vuelva a navegar por esta p\u00e1gina. Aunque mucha gente no lo sabe las cookies llevan utilizando desde hace 20 a\u00f1os, cuando aparecieron los primeros navegadores para la World Wide Web.<\/p>\n<h3>\u00bfQU\u00c9 NO \u00c9S UNA COOKIE?<\/h3>\n<p>No es un virus, ni un troyano, ni un gusano, ni spam, ni spyware, ni abre ventanas pop-up.<\/p>\n<h3>\u00bfQU\u00c9 INFORMACI\u00d3N ALMACENA UNA COOKIE?<\/h3>\n<p>Las cookies no suelen almacenar informaci\u00f3n sensible sobre usted, como tarjetas de cr\u00e9dito o datos bancarios, fotograf\u00edas, su DNI o informaci\u00f3n personal, etc Los datos que guardan son de car\u00e1cter t\u00e9cnico, preferencias personales, personalizaci\u00f3n de contenidos, etc<\/p>\n<p>El servidor web no lo asocia a usted como persona si no en su navegador web. De hecho, si usted navega habitualmente con Internet Explorer y prueba a navegar por la misma web con Firefox o Chrome ver\u00e1 que la web no se da cuenta que es usted la misma persona que en realidad est\u00e1 asociando al navegador, no a la persona.<\/p>\n<h3>\u00bfQUE TIPO DE COOKIES HAY?<\/h3>\n<p>Cookies t\u00e9cnicas: Son las m\u00e1s elementales y permiten, entre otras cosas, saber cuando est\u00e1 navegando un humano o una aplicaci\u00f3n automatizada, cuando navega un usuario an\u00f3nimo y un registrado, tareas b\u00e1sicas para el funcionamiento de cualquier web din\u00e1mica.<br \/>\nCookies de an\u00e1lisis: Recogen informaci\u00f3n sobre el tipo de navegaci\u00f3n que est\u00e1 realizando, las secciones que m\u00e1s utiliza, productos consultados, franja horaria de uso, idioma, etc<br \/>\nCookies publicitarias: Muestran publicidad en funci\u00f3n de su navegaci\u00f3n, su pa\u00eds de procedencia, idioma, etc<\/p>\n<h3>\u00bfQUE SON LAS COOKIES PROPIAS Y DE TERCEROS?<\/h3>\n<p>Les cookies pr\u00f2pies s\u00f3n les generades per la p\u00e0gina que est\u00e0 visitant i les de tercers s\u00f3n les generades per serveis o prove\u00c3\u00afdors externs com Facebook, Twitter, Google, etc<\/p>\n<h3>\u00bfQUE PASSA SI DESACTIVO LAS COOKIES?<\/h3>\n<p>Porque entienda el alcance que puede tener desactivar las cookies le mostramos unos ejemplos:<\/p>\n<p>No podr\u00e1 compartir contenidos de esta web en Facebook, Twitter o cualquier otra red social.<br \/>\nEl sitio web no podr\u00e1 adaptar los contenidos a sus preferencias personales, como suele ocurrir en las tiendas en l\u00ednea.<br \/>\nNo podr\u00e1 acceder al \u00e1rea personal de esta web, tales como Mi cuenta, o Mi perfil o Mis pedidos.<br \/>\nTiendas online: Le ser\u00e1 imposible realizar compras online, deber\u00e1n ser telef\u00f3nicas o visitando la tienda f\u00edsica si es que dispone de ella.<br \/>\nNo ser\u00e1 posible personalizar sus preferencias geogr\u00e1ficas como franja horaria, divisa o idioma.<br \/>\nEl sitio web no podr\u00e1 realizar anal\u00edticas web sobre visitantes y tr\u00e1fico en la web, lo que dificultar\u00e1 que la web sea competitiva.<br \/>\nNo podr\u00e1 escribir en el blog, no podr\u00e1 subir fotos, publicar comentarios, valorar o puntuar contenidos. La web tampoco podr\u00e1 saber si usted es un humano o una aplicaci\u00f3n automatizada que publica spam.<br \/>\nNo se podr\u00e1 mostrar publicidad sectorizada, lo que reducir\u00e1 los ingresos publicitarios de la web.<br \/>\nTodas las redes sociales utilizan cookies, si las desactiva no podr\u00e1 utilizar ninguna red social.<\/p>\n<h3>\u00bfSE PUEDEN ELIMINAR LAS COOKIES?<\/h3>\n<p>S\u00ed. No s\u00f3lo eliminar, tambi\u00e9n bloquear, de forma general o particular para un dominio espec\u00edfico.<\/p>\n<p>Para eliminar las cookies de un sitio web tiene que ir a la configuraci\u00f3n de su navegador y all\u00ed podr\u00e1 buscar las asociadas al dominio en cuesti\u00f3n y proceder a su eliminaci\u00f3n.<\/p>\n<h3>CONFIGURACI\u00d3N DE COOKIES PARA LOS NAVEGADORES M\u00c1S POPULARES<\/h3>\n<p>A continuaci\u00f3n le indicamos c\u00f3mo acceder a una cookie determinada del navegador Chrome. Nota: estos pasos pueden variar en funci\u00f3n de la versi\u00f3n del navegador:<\/p>\n<p>Vaya a Configuraci\u00f3n o Preferencias mediante el men\u00fa Archivo o bien pulsando el icono de personalizaci\u00f3n que aparece arriba a la derecha. Ver\u00e1 diferentes secciones, pulse la opci\u00f3n Mostrar opciones avanzadas.<br \/>\nVaya a Privacidad, Configuraci\u00f3n de contenido.<br \/>\nSeleccione Todas las cookies y datos del sitio.<br \/>\nAparecer\u00e1 un listado con todas las cookies ordenadas por dominio. Para que le sea m\u00e1s f\u00e1cil encontrar las cookies de un determinado dominio introduzca parcial o totalmente la direcci\u00f3n en el campo Buscar cookies. Despu\u00e9s de realizar este filtro aparecer\u00e1n en pantalla una o varias l\u00edneas con las cookies de la web solo \u00c2 requerida. Ahora s\u00f3lo tiene que seleccionarla y pulsar la X para proceder a su eliminaci\u00f3n.<br \/>\nPara acceder a la configuraci\u00f3n de cookies del navegador Internet Explorer hace lo siguiente (pueden variar en funci\u00f3n de la versi\u00f3n del navegador):<\/p>\n<p>Ir a Herramientas, Opciones de Internet<br \/>\nHaga clic en Privacidad.<br \/>\nMueve el deslizador hasta ajustar el nivel de privacidad que desee.<br \/>\nPara acceder a la configuraci\u00f3n de cookies del navegador Firefox hace lo siguiente (pueden variar en funci\u00f3n de la versi\u00f3n del navegador):<\/p>\n<p>Vaya a Opciones o Preferencias seg\u00fan su sistema operativo.<br \/>\nHaga clic en Privacidad.<br \/>\nEn Historial elige utilizar una configuraci\u00f3n personalizada para el historial.<br \/>\nAhora ver\u00e1 la opci\u00f3n Aceptar cookies, puede activar o desactivar seg\u00fan sus preferencias.<br \/>\nPara acceder a la configuraci\u00f3n de cookies del navegador Safari para OS X hace lo siguiente (pueden variar en funci\u00f3n de la versi\u00f3n del navegador):<\/p>\n<p>Vaya a Preferencias, despu\u00e9s Privacidad.<br \/>\nEn este lugar ver\u00e1 la opci\u00f3n Bloquear cookies para que ajuste el tipo de bloqueo que desea realizar.<br \/>\nPara acceder a la configuraci\u00f3n de cookies del navegador Safari para iOS hace lo siguiente (pueden variar en funci\u00f3n de la versi\u00f3n del navegador):<\/p>\n<p>Vaya a Configuraci\u00f3n, luego Safari.<br \/>\nVaya a Privacidad y Seguridad, ver\u00e1 la opci\u00f3n Bloquear cookies para que ajuste el tipo de bloqueo que desea realizar.<br \/>\nPara acceder a la configuraci\u00f3n de cookies del navegador para dispositivos Android hace lo siguiente (pueden variar en funci\u00f3n de la versi\u00f3n del navegador):<\/p>\n<p>Ejecute el navegador y pulse la tecla Men\u00fa, luego Configuraci\u00f3n. Vaya a Confidencialidad, ver\u00e1 la opci\u00f3n Aceptar cookies para que active o desactive la casilla.<br \/>\nPara acceder a la configuraci\u00f3n de cookies del navegador para dispositivos Windows Phone hace lo siguiente (pueden variar en funci\u00f3n de la versi\u00f3n del navegador):<\/p>\n<p>Abra Internet Explorer, despu\u00e9s M\u00e1s, luego Configuraci\u00f3n<br \/>\nAhora puede activar o desactivar la casilla Permitir cookies.[\/vc_column_text][\/vc_column][\/vc_row]<\/p>\n<\/div>","protected":false},"excerpt":{"rendered":"<p>[vc_row css=\u00bb.vc_custom_1616491350158{margin-top: 30px !important;background-color: rgba(81,54,41,0.26) !important;*background-color: rgb(81,54,41) !important;}\u00bb][vc_column][vc_column_text] AVISO LEGAL [\/vc_column_text][\/vc_column][\/vc_row][vc_row][vc_column width=\u00bb1\/4&#8243;][vc_column_text] DATOS IDENTIFICATIVOS [\/vc_column_text][\/vc_column][vc_column width=\u00bb3\/4&#8243;][vc_column_text]De acuerdo con lo dispuesto en el art\u00edculo 10 de la Ley 34\/2002, de Servicios de la Sociedad de la Informaci\u00f3n y de Comercio Electr\u00f3nico, se informa a todos nuestros clientes, usuarios y visitantes en general, sobre la informaci\u00f3n legal&hellip;<\/p>\n","protected":false},"author":1,"featured_media":0,"parent":0,"menu_order":0,"comment_status":"closed","ping_status":"open","template":"","meta":{"footnotes":""},"class_list":["post-2232","page","type-page","status-publish","hentry","description-off"],"yoast_head":"<!-- This site is optimized with the Yoast SEO plugin v27.2 - https:\/\/yoast.com\/product\/yoast-seo-wordpress\/ -->\n<title>Aviso legal - La Moixina<\/title>\n<meta name=\"robots\" content=\"index, follow, max-snippet:-1, max-image-preview:large, max-video-preview:-1\" \/>\n<link rel=\"canonical\" href=\"https:\/\/lamoixina.com\/es\/aviso-legal\/\" \/>\n<meta property=\"og:locale\" content=\"es_ES\" \/>\n<meta property=\"og:type\" content=\"article\" \/>\n<meta property=\"og:title\" content=\"Aviso legal - La Moixina\" \/>\n<meta property=\"og:description\" content=\"[vc_row css=\u00bb.vc_custom_1616491350158{margin-top: 30px !important;background-color: rgba(81,54,41,0.26) !important;*background-color: rgb(81,54,41) !important;}\u00bb][vc_column][vc_column_text] AVISO LEGAL [\/vc_column_text][\/vc_column][\/vc_row][vc_row][vc_column width=\u00bb1\/4&#8243;][vc_column_text] DATOS IDENTIFICATIVOS [\/vc_column_text][\/vc_column][vc_column width=\u00bb3\/4&#8243;][vc_column_text]De acuerdo con lo dispuesto en el art\u00edculo 10 de la Ley 34\/2002, de Servicios de la Sociedad de la Informaci\u00f3n y de Comercio Electr\u00f3nico, se informa a todos nuestros clientes, usuarios y visitantes en general, sobre la informaci\u00f3n legal&hellip;\" \/>\n<meta property=\"og:url\" content=\"https:\/\/lamoixina.com\/es\/aviso-legal\/\" \/>\n<meta property=\"og:site_name\" content=\"La Moixina\" \/>\n<meta property=\"article:modified_time\" content=\"2021-04-03T06:43:32+00:00\" \/>\n<meta name=\"twitter:card\" content=\"summary_large_image\" \/>\n<meta name=\"twitter:label1\" content=\"Tiempo de lectura\" \/>\n\t<meta name=\"twitter:data1\" content=\"8 minutos\" \/>\n<script type=\"application\/ld+json\" class=\"yoast-schema-graph\">{\"@context\":\"https:\/\/schema.org\",\"@graph\":[{\"@type\":\"WebPage\",\"@id\":\"https:\/\/lamoixina.com\/es\/aviso-legal\/\",\"url\":\"https:\/\/lamoixina.com\/es\/aviso-legal\/\",\"name\":\"Aviso legal - La Moixina\",\"isPartOf\":{\"@id\":\"https:\/\/lamoixina.com\/es\/#website\"},\"datePublished\":\"2020-10-14T13:32:05+00:00\",\"dateModified\":\"2021-04-03T06:43:32+00:00\",\"breadcrumb\":{\"@id\":\"https:\/\/lamoixina.com\/es\/aviso-legal\/#breadcrumb\"},\"inLanguage\":\"es\",\"potentialAction\":[{\"@type\":\"ReadAction\",\"target\":[\"https:\/\/lamoixina.com\/es\/aviso-legal\/\"]}]},{\"@type\":\"BreadcrumbList\",\"@id\":\"https:\/\/lamoixina.com\/es\/aviso-legal\/#breadcrumb\",\"itemListElement\":[{\"@type\":\"ListItem\",\"position\":1,\"name\":\"Inici\",\"item\":\"https:\/\/lamoixina.com\/es\/\"},{\"@type\":\"ListItem\",\"position\":2,\"name\":\"Aviso legal\"}]},{\"@type\":\"WebSite\",\"@id\":\"https:\/\/lamoixina.com\/es\/#website\",\"url\":\"https:\/\/lamoixina.com\/es\/\",\"name\":\"La Moixina\",\"description\":\"Restaurant Olot de Cuina Volc\u00e0nica\",\"publisher\":{\"@id\":\"https:\/\/lamoixina.com\/es\/#organization\"},\"potentialAction\":[{\"@type\":\"SearchAction\",\"target\":{\"@type\":\"EntryPoint\",\"urlTemplate\":\"https:\/\/lamoixina.com\/es\/?s={search_term_string}\"},\"query-input\":{\"@type\":\"PropertyValueSpecification\",\"valueRequired\":true,\"valueName\":\"search_term_string\"}}],\"inLanguage\":\"es\"},{\"@type\":\"Organization\",\"@id\":\"https:\/\/lamoixina.com\/es\/#organization\",\"name\":\"La Moixina\",\"url\":\"https:\/\/lamoixina.com\/es\/\",\"logo\":{\"@type\":\"ImageObject\",\"inLanguage\":\"es\",\"@id\":\"https:\/\/lamoixina.com\/es\/#\/schema\/logo\/image\/\",\"url\":\"https:\/\/lamoixina.com\/wp-content\/uploads\/2020\/12\/MoixinaM@2.png\",\"contentUrl\":\"https:\/\/lamoixina.com\/wp-content\/uploads\/2020\/12\/MoixinaM@2.png\",\"width\":300,\"height\":140,\"caption\":\"La Moixina\"},\"image\":{\"@id\":\"https:\/\/lamoixina.com\/es\/#\/schema\/logo\/image\/\"}}]}<\/script>\n<!-- \/ Yoast SEO plugin. -->","yoast_head_json":{"title":"Aviso legal - La Moixina","robots":{"index":"index","follow":"follow","max-snippet":"max-snippet:-1","max-image-preview":"max-image-preview:large","max-video-preview":"max-video-preview:-1"},"canonical":"https:\/\/lamoixina.com\/es\/aviso-legal\/","og_locale":"es_ES","og_type":"article","og_title":"Aviso legal - La Moixina","og_description":"[vc_row css=\u00bb.vc_custom_1616491350158{margin-top: 30px !important;background-color: rgba(81,54,41,0.26) !important;*background-color: rgb(81,54,41) !important;}\u00bb][vc_column][vc_column_text] AVISO LEGAL [\/vc_column_text][\/vc_column][\/vc_row][vc_row][vc_column width=\u00bb1\/4&#8243;][vc_column_text] DATOS IDENTIFICATIVOS [\/vc_column_text][\/vc_column][vc_column width=\u00bb3\/4&#8243;][vc_column_text]De acuerdo con lo dispuesto en el art\u00edculo 10 de la Ley 34\/2002, de Servicios de la Sociedad de la Informaci\u00f3n y de Comercio Electr\u00f3nico, se informa a todos nuestros clientes, usuarios y visitantes en general, sobre la informaci\u00f3n legal&hellip;","og_url":"https:\/\/lamoixina.com\/es\/aviso-legal\/","og_site_name":"La Moixina","article_modified_time":"2021-04-03T06:43:32+00:00","twitter_card":"summary_large_image","twitter_misc":{"Tiempo de lectura":"8 minutos"},"schema":{"@context":"https:\/\/schema.org","@graph":[{"@type":"WebPage","@id":"https:\/\/lamoixina.com\/es\/aviso-legal\/","url":"https:\/\/lamoixina.com\/es\/aviso-legal\/","name":"Aviso legal - La Moixina","isPartOf":{"@id":"https:\/\/lamoixina.com\/es\/#website"},"datePublished":"2020-10-14T13:32:05+00:00","dateModified":"2021-04-03T06:43:32+00:00","breadcrumb":{"@id":"https:\/\/lamoixina.com\/es\/aviso-legal\/#breadcrumb"},"inLanguage":"es","potentialAction":[{"@type":"ReadAction","target":["https:\/\/lamoixina.com\/es\/aviso-legal\/"]}]},{"@type":"BreadcrumbList","@id":"https:\/\/lamoixina.com\/es\/aviso-legal\/#breadcrumb","itemListElement":[{"@type":"ListItem","position":1,"name":"Inici","item":"https:\/\/lamoixina.com\/es\/"},{"@type":"ListItem","position":2,"name":"Aviso legal"}]},{"@type":"WebSite","@id":"https:\/\/lamoixina.com\/es\/#website","url":"https:\/\/lamoixina.com\/es\/","name":"La Moixina","description":"Restaurant Olot de Cuina Volc\u00e0nica","publisher":{"@id":"https:\/\/lamoixina.com\/es\/#organization"},"potentialAction":[{"@type":"SearchAction","target":{"@type":"EntryPoint","urlTemplate":"https:\/\/lamoixina.com\/es\/?s={search_term_string}"},"query-input":{"@type":"PropertyValueSpecification","valueRequired":true,"valueName":"search_term_string"}}],"inLanguage":"es"},{"@type":"Organization","@id":"https:\/\/lamoixina.com\/es\/#organization","name":"La Moixina","url":"https:\/\/lamoixina.com\/es\/","logo":{"@type":"ImageObject","inLanguage":"es","@id":"https:\/\/lamoixina.com\/es\/#\/schema\/logo\/image\/","url":"https:\/\/lamoixina.com\/wp-content\/uploads\/2020\/12\/MoixinaM@2.png","contentUrl":"https:\/\/lamoixina.com\/wp-content\/uploads\/2020\/12\/MoixinaM@2.png","width":300,"height":140,"caption":"La Moixina"},"image":{"@id":"https:\/\/lamoixina.com\/es\/#\/schema\/logo\/image\/"}}]}},"_links":{"self":[{"href":"https:\/\/lamoixina.com\/es\/wp-json\/wp\/v2\/pages\/2232","targetHints":{"allow":["GET"]}}],"collection":[{"href":"https:\/\/lamoixina.com\/es\/wp-json\/wp\/v2\/pages"}],"about":[{"href":"https:\/\/lamoixina.com\/es\/wp-json\/wp\/v2\/types\/page"}],"author":[{"embeddable":true,"href":"https:\/\/lamoixina.com\/es\/wp-json\/wp\/v2\/users\/1"}],"replies":[{"embeddable":true,"href":"https:\/\/lamoixina.com\/es\/wp-json\/wp\/v2\/comments?post=2232"}],"version-history":[{"count":3,"href":"https:\/\/lamoixina.com\/es\/wp-json\/wp\/v2\/pages\/2232\/revisions"}],"predecessor-version":[{"id":2235,"href":"https:\/\/lamoixina.com\/es\/wp-json\/wp\/v2\/pages\/2232\/revisions\/2235"}],"wp:attachment":[{"href":"https:\/\/lamoixina.com\/es\/wp-json\/wp\/v2\/media?parent=2232"}],"curies":[{"name":"wp","href":"https:\/\/api.w.org\/{rel}","templated":true}]}}