{"id":2300,"date":"2021-03-17T14:33:43","date_gmt":"2021-03-17T12:33:43","guid":{"rendered":"https:\/\/lamoixina.com\/eventos\/celebracions\/"},"modified":"2021-04-27T11:56:10","modified_gmt":"2021-04-27T09:56:10","slug":"celebraciones","status":"publish","type":"page","link":"https:\/\/lamoixina.com\/es\/eventos\/celebraciones\/","title":{"rendered":"Celebraciones Familiares Restaurante Olot"},"content":{"rendered":"<div class=\"wpb-content-wrapper\"><p>[vc_row full_width=\u00bbstretch_row_content_no_spaces\u00bb css=\u00bb.vc_custom_1615984596401{margin-top: 0px !important;margin-bottom: 0px !important;border-top-width: 0px !important;border-bottom-width: 0px !important;padding-top: 0px !important;padding-bottom: 0px !important;background-color: #e2e1dc !important;}\u00bb][vc_column width=\u00bb2\/3&#8243; css=\u00bb.vc_custom_1615984578029{margin-top: 0px !important;margin-bottom: 0px !important;border-top-width: 0px !important;border-bottom-width: 0px !important;padding-top: 0px !important;padding-bottom: 0px !important;}\u00bb][vc_single_image image=\u00bb2301&#8243; img_size=\u00bbfull\u00bb css=\u00bb.vc_custom_1615984562421{margin-right: 20% !important;margin-bottom: 0px !important;border-bottom-width: 0px !important;padding-bottom: 0px !important;}\u00bb][\/vc_column][vc_column width=\u00bb1\/3&#8243;][\/vc_column][\/vc_row][vc_row full_width=\u00bbstretch_row_content_no_spaces\u00bb css=\u00bb.vc_custom_1615984464031{margin-top: 0px !important;border-top-width: 0px !important;padding-top: 0px !important;}\u00bb][vc_column css=\u00bb.vc_custom_1614254194584{margin-top: 0px !important;margin-bottom: 3% !important;border-top-width: 0px !important;padding-top: 0px !important;}\u00bb]<div class=\"ult-animation  ult-no-mobile  vc_custom_1614354642043\" data-animate=\"bounceInLeft\" data-animation-delay=\"0\" data-animation-duration=\"3\" data-animation-iteration=\"1\" style=\"\" ><div id=\"ultimate-heading-910269f257cc3fae3\" class=\"uvc-heading ult-adjust-bottom-margin ultimate-heading-910269f257cc3fae3 uvc-8691 \" data-hspacer=\"no_spacer\"  data-halign=\"center\" style=\"text-align:center\"><div class=\"uvc-heading-spacer no_spacer\" style=\"top\"><\/div><div class=\"uvc-main-heading ult-responsive\"  data-ultimate-target='.uvc-heading.ultimate-heading-910269f257cc3fae3 h2'  data-responsive-json-new='{\"font-size\":\"desktop:120px;tablet:100px;tablet_portrait:70px;mobile_landscape:60px;mobile:45px;\",\"line-height\":\"\"}' ><h2 style=\"--font-weight:theme;color:#9e7345;\">CELEBRACIONES<\/h2><\/div><\/div><\/div>[vc_row_inner content_placement=\u00bbmiddle\u00bb css=\u00bb.vc_custom_1615984962911{margin-bottom: 0px !important;border-bottom-width: 0px !important;padding-bottom: 0px !important;}\u00bb][vc_column_inner width=\u00bb2\/6&#8243; css=\u00bb.vc_custom_1615984977103{margin-bottom: 0px !important;border-bottom-width: 0px !important;padding-bottom: 0px !important;}\u00bb][vc_single_image image=\u00bb2020&#8243; img_size=\u00bbfull\u00bb alignment=\u00bbcenter\u00bb css_animation=\u00bbnone\u00bb image_hovers=\u00bbfalse\u00bb css=\u00bb.vc_custom_1615984623226{background-color: #ffffff !important;}\u00bb][vc_single_image image=\u00bb2303&#8243; img_size=\u00bbfull\u00bb alignment=\u00bbright\u00bb css_animation=\u00bbnone\u00bb image_hovers=\u00bbfalse\u00bb css=\u00bb.vc_custom_1615985048000{margin-top: -40% !important;margin-bottom: 0px !important;border-bottom-width: 0px !important;padding-bottom: 0px !important;background-color: #ffffff !important;}\u00bb][\/vc_column_inner][vc_column_inner width=\u00bb3\/6&#8243; css=\u00bb.vc_custom_1615984985110{margin-bottom: 0px !important;border-bottom-width: 0px !important;padding-right: 5% !important;padding-bottom: 0px !important;padding-left: 5% !important;}\u00bb]<div id=\"ultimate-heading-943269f257cc3fb3b\" class=\"uvc-heading ult-adjust-bottom-margin ultimate-heading-943269f257cc3fb3b uvc-660 \" data-hspacer=\"no_spacer\"  data-halign=\"left\" style=\"text-align:left\"><div class=\"uvc-heading-spacer no_spacer\" style=\"top\"><\/div><div class=\"uvc-sub-heading ult-responsive\"  data-ultimate-target='.uvc-heading.ultimate-heading-943269f257cc3fb3b .uvc-sub-heading '  data-responsive-json-new='{\"font-size\":\"desktop:25px;mobile:20px;\",\"line-height\":\"desktop:30px;mobile:25px;\"}'  style=\"font-weight:normal;\">Cumplea\u00f1os, <a href=\"https:\/\/lamoixina.com\/es\/eventos\/bodas\">bodas<\/a>, un nuevo trabajo, las bodas de plata, las de oro, aprobar unas oposiciones, un bautizo, la comunio\u00f3n, comidas de reencuentro&#8230; La vida hay que celebrarla, y si es alrededor de una buena comida en el <a href=\"https:\/\/lamoixina.com\/es\/restaurante-moixina-olot\/\">restaurante la Moixina<\/a>, mucho mejor!<\/p>\n<p><strong>La Moixina es un restaurante en Olot para familias, amigos y celebraciones.<\/strong> Echad un vistazo a los diferentes comedores y espacios, y tambi\u00e9n a nuestra propuesta de <a href=\"https:\/\/lamoixina.com\/es\/cartas-restaurante\/\" target=\"_blank\" rel=\"noopener\">men\u00fas<\/a>, y contactadnos para concretar m\u00e1s detalles. Nos adaptamos a vuestras necesidades.<\/div><\/div>[\/vc_column_inner][vc_column_inner width=\u00bb1\/6&#8243; css=\u00bb.vc_custom_1615985051230{margin-bottom: 0px !important;border-bottom-width: 0px !important;padding-bottom: 0px !important;}\u00bb][\/vc_column_inner][\/vc_row_inner][vc_row_inner content_placement=\u00bbmiddle\u00bb css=\u00bb.vc_custom_1615984956450{margin-top: 0px !important;margin-right: 0px !important;margin-bottom: 0px !important;margin-left: 0px !important;border-top-width: 0px !important;border-right-width: 0px !important;border-bottom-width: 0px !important;border-left-width: 0px !important;padding-top: 0px !important;padding-right: 0px !important;padding-bottom: 0px !important;padding-left: 0px !important;}\u00bb][vc_column_inner width=\u00bb2\/6&#8243;][\/vc_column_inner][vc_column_inner width=\u00bb3\/6&#8243; css=\u00bb.vc_custom_1615984903512{margin-top: 0px !important;border-top-width: 0px !important;padding-top: 0px !important;}\u00bb][vc_single_image image=\u00bb2304&#8243; img_size=\u00bbfull\u00bb alignment=\u00bbright\u00bb css_animation=\u00bbnone\u00bb image_hovers=\u00bbfalse\u00bb css=\u00bb.vc_custom_1615984922963{margin-top: 0px !important;border-top-width: 0px !important;padding-top: 0px !important;background-color: #ffffff !important;}\u00bb][\/vc_column_inner][vc_column_inner width=\u00bb1\/6&#8243;][\/vc_column_inner][\/vc_row_inner][\/vc_column][\/vc_row][vc_row full_width=\u00bbstretch_row_content_no_spaces\u00bb equal_height=\u00bbyes\u00bb bg_type=\u00bbimage\u00bb bg_override=\u00bbfull\u00bb css=\u00bb.vc_custom_1614253944468{margin-top: 0px !important;margin-right: 0px !important;margin-bottom: 0px !important;margin-left: 0px !important;border-top-width: 0px !important;border-right-width: 0px !important;border-bottom-width: 0px !important;border-left-width: 0px !important;padding-top: 0px !important;padding-right: 0px !important;padding-bottom: 0px !important;padding-left: 0px !important;}\u00bb][vc_column width=\u00bb1\/4&#8243; css=\u00bb.vc_custom_1616490550110{margin-top: 0px !important;margin-right: 0px !important;margin-bottom: 0px !important;margin-left: 0px !important;border-top-width: 0px !important;border-right-width: 0px !important;border-bottom-width: 0px !important;border-left-width: 0px !important;padding-top: 0px !important;padding-right: 0px !important;padding-bottom: 0px !important;padding-left: 0px !important;}\u00bb][\/vc_column][vc_column width=\u00bb1\/2&#8243; css=\u00bb.vc_custom_1616490556279{margin-top: 0px !important;border-top-width: 0px !important;padding-top: 0px !important;}\u00bb]<div id=\"ultimate-heading-928769f257cc3fb72\" class=\"uvc-heading ult-adjust-bottom-margin ultimate-heading-928769f257cc3fb72 uvc-2155 \" data-hspacer=\"no_spacer\"  data-halign=\"left\" style=\"text-align:left\"><div class=\"uvc-heading-spacer no_spacer\" style=\"top\"><\/div><div class=\"uvc-main-heading ult-responsive\"  data-ultimate-target='.uvc-heading.ultimate-heading-928769f257cc3fb72 h3'  data-responsive-json-new='{\"font-size\":\"desktop:90px;tablet:90px;tablet_portrait:60px;mobile_landscape:50px;mobile:30px;\",\"line-height\":\"\"}' ><h3 style=\"--font-weight:theme;color:#9e7345;\">UNA EXPERIENCIA COMPLETA<\/h3><\/div><div class=\"uvc-sub-heading ult-responsive\"  data-ultimate-target='.uvc-heading.ultimate-heading-928769f257cc3fb72 .uvc-sub-heading '  data-responsive-json-new='{\"font-size\":\"desktop:25px;mobile:20px;\",\"line-height\":\"desktop:30px;mobile:25px;\"}'  style=\"font-weight:normal;color:#9e7345;\">Celebrar algo comiendo en <strong>la Moixina<\/strong> significa estar tranquilo, comer bien y respirar aire puro. Nosotros cocinamos, servimos y os hacemos sentir como en casa; vosotros s\u00f3lo ten\u00e9is que disfrutar de la comida y de la buena compa\u00f1\u00eda.<\/div><\/div><div id=\"ultimate-heading-266069f257cc3fbb3\" class=\"uvc-heading ult-adjust-bottom-margin ultimate-heading-266069f257cc3fbb3 uvc-3870 \" data-hspacer=\"no_spacer\"  data-halign=\"left\" style=\"text-align:left\"><div class=\"uvc-heading-spacer no_spacer\" style=\"top\"><\/div><div class=\"uvc-sub-heading ult-responsive\"  data-ultimate-target='.uvc-heading.ultimate-heading-266069f257cc3fbb3 .uvc-sub-heading '  data-responsive-json-new='{\"font-size\":\"desktop:25px;mobile:20px;\",\"line-height\":\"desktop:30px;mobile:25px;\"}'  style=\"font-weight:normal;\"><span style=\"font-weight: 400;\">Restaurante muy cerca del centro de Olot<\/span><\/p>\n<p>Entorno respectuoso<\/p>\n<p>Cocina catalana que gusta a mayores y peque\u00f1os<\/p>\n<p>Parking f\u00e1cil y grande<\/p>\n<p>Trato discreto y amable<\/p>\n<p>Comedores amplios con espacio entre mesas<\/p>\n<p>Espacio exterior para que los ni\u00f1os jueguen<\/p>\n<p>Sobremesas en medio de la naturaleza<\/p>\n<p>Bona relaci\u00f3 qualitat-preu<\/p>\n<p>&nbsp;<\/p>\n<p><strong>Si vosotros est\u00e1is a gusto, nosotros tambi\u00e9n.\u00a0 <\/strong><\/div><\/div>[\/vc_column][vc_column width=\u00bb1\/4&#8243; css=\u00bb.vc_custom_1616490562161{margin-top: 0px !important;border-top-width: 0px !important;padding-top: 0px !important;}\u00bb][\/vc_column][\/vc_row][vc_row full_width=\u00bbstretch_row_content_no_spaces\u00bb equal_height=\u00bbyes\u00bb bg_type=\u00bbimage\u00bb bg_override=\u00bbfull\u00bb css=\u00bb.vc_custom_1615985620362{margin-top: 0px !important;margin-right: 0px !important;margin-bottom: 0px !important;margin-left: 0px !important;border-top-width: 0px !important;border-right-width: 0px !important;border-bottom-width: 0px !important;border-left-width: 0px !important;padding-top: 0px !important;padding-right: 0px !important;padding-bottom: 0px !important;padding-left: 0px !important;background-color: #f4eee1 !important;}\u00bb][vc_column width=\u00bb1\/3&#8243; css=\u00bb.vc_custom_1615985623776{margin-top: 0px !important;margin-right: 0px !important;margin-bottom: 0px !important;margin-left: 0px !important;border-top-width: 0px !important;border-right-width: 0px !important;border-bottom-width: 0px !important;border-left-width: 0px !important;padding-top: 0px !important;padding-right: 0px !important;padding-bottom: 0px !important;padding-left: 0px !important;}\u00bb][\/vc_column][vc_column width=\u00bb1\/3&#8243; css=\u00bb.vc_custom_1615985638928{margin-top: 0px !important;margin-right: 0px !important;margin-bottom: 0px !important;margin-left: 0px !important;border-top-width: 0px !important;border-right-width: 0px !important;border-bottom-width: 0px !important;border-left-width: 0px !important;padding-top: 0px !important;padding-right: 0px !important;padding-bottom: 0px !important;padding-left: 0px !important;}\u00bb][\/vc_column][vc_column width=\u00bb1\/3&#8243; css=\u00bb.vc_custom_1615985650645{margin-top: 0px !important;margin-right: 0px !important;margin-bottom: 0px !important;margin-left: 0px !important;border-top-width: 0px !important;border-right-width: 0px !important;border-bottom-width: 0px !important;border-left-width: 0px !important;padding-top: 0px !important;padding-right: 0px !important;padding-bottom: 0px !important;padding-left: 0px !important;}\u00bb][vc_single_image image=\u00bb2305&#8243; img_size=\u00bbfull\u00bb alignment=\u00bbright\u00bb css_animation=\u00bbnone\u00bb image_hovers=\u00bbfalse\u00bb css=\u00bb.vc_custom_1615985659692{margin-top: 0px !important;margin-right: 0px !important;margin-bottom: 0px !important;margin-left: 0px !important;border-top-width: 0px !important;border-right-width: 0px !important;border-bottom-width: 0px !important;border-left-width: 0px !important;padding-top: 0px !important;padding-right: 0px !important;padding-bottom: 0px !important;padding-left: 0px !important;background-color: #ffffff !important;}\u00bb][\/vc_column][\/vc_row][vc_row full_width=\u00bbstretch_row_content_no_spaces\u00bb equal_height=\u00bbyes\u00bb bg_type=\u00bbimage\u00bb bg_override=\u00bbfull\u00bb css=\u00bb.vc_custom_1615986200016{margin-top: 0px !important;margin-right: 0px !important;margin-left: 0px !important;border-top-width: 0px !important;border-right-width: 0px !important;border-left-width: 0px !important;padding-top: 0px !important;padding-right: 0px !important;padding-left: 0px !important;}\u00bb][vc_column width=\u00bb2\/3&#8243; css=\u00bb.vc_custom_1615985873358{margin-top: 0px !important;margin-right: 0px !important;margin-bottom: 0px !important;margin-left: 0px !important;border-top-width: 0px !important;border-right-width: 0px !important;border-bottom-width: 0px !important;border-left-width: 0px !important;padding-top: 0px !important;padding-right: 0px !important;padding-bottom: 0px !important;padding-left: 0px !important;}\u00bb][vc_single_image image=\u00bb2306&#8243; img_size=\u00bbfull\u00bb css_animation=\u00bbnone\u00bb image_hovers=\u00bbfalse\u00bb css=\u00bb.vc_custom_1615986120222{margin-top: 0px !important;margin-right: 0px !important;margin-bottom: 0px !important;margin-left: 0px !important;border-top-width: 0px !important;border-right-width: 0px !important;border-bottom-width: 0px !important;border-left-width: 0px !important;padding-top: 0px !important;padding-right: 0px !important;padding-bottom: 0px !important;padding-left: 0px !important;background-color: #ffffff !important;}\u00bb][\/vc_column][vc_column width=\u00bb1\/3&#8243; css=\u00bb.vc_custom_1615985876270{margin-top: 0px !important;margin-right: 0px !important;margin-bottom: 0px !important;margin-left: 0px !important;border-top-width: 0px !important;border-right-width: 0px !important;border-bottom-width: 0px !important;border-left-width: 0px !important;padding-top: 0px !important;padding-right: 0px !important;padding-bottom: 0px !important;padding-left: 0px !important;}\u00bb][\/vc_column][\/vc_row]<\/p>\n<\/div>","protected":false},"excerpt":{"rendered":"<p>[vc_row full_width=\u00bbstretch_row_content_no_spaces\u00bb css=\u00bb.vc_custom_1615984596401{margin-top: 0px !important;margin-bottom: 0px !important;border-top-width: 0px !important;border-bottom-width: 0px !important;padding-top: 0px !important;padding-bottom: 0px !important;background-color: #e2e1dc !important;}\u00bb][vc_column width=\u00bb2\/3&#8243; css=\u00bb.vc_custom_1615984578029{margin-top: 0px !important;margin-bottom: 0px !important;border-top-width: 0px !important;border-bottom-width: 0px !important;padding-top: 0px !important;padding-bottom: 0px !important;}\u00bb][vc_single_image image=\u00bb2301&#8243; img_size=\u00bbfull\u00bb css=\u00bb.vc_custom_1615984562421{margin-right: 20% !important;margin-bottom: 0px !important;border-bottom-width: 0px !important;padding-bottom: 0px !important;}\u00bb][\/vc_column][vc_column width=\u00bb1\/3&#8243;][\/vc_column][\/vc_row][vc_row full_width=\u00bbstretch_row_content_no_spaces\u00bb css=\u00bb.vc_custom_1615984464031{margin-top: 0px !important;border-top-width: 0px !important;padding-top: 0px !important;}\u00bb][vc_column css=\u00bb.vc_custom_1614254194584{margin-top: 0px !important;margin-bottom: 3%&hellip;<\/p>\n","protected":false},"author":1,"featured_media":0,"parent":2243,"menu_order":0,"comment_status":"closed","ping_status":"closed","template":"","meta":{"footnotes":""},"class_list":["post-2300","page","type-page","status-publish","hentry","description-off"],"yoast_head":"<!-- This site is optimized with the Yoast SEO plugin v27.2 - https:\/\/yoast.com\/product\/yoast-seo-wordpress\/ -->\n<title>Celebraciones, Bautizos, Comuniones | La Moixina Restaurante Olot<\/title>\n<meta name=\"description\" content=\"Restaurante La Moixina, en Olot (Girona) para vuestras celebraciones familiares, bautizos, comuniones, aniversarios y m\u00e1s!\" \/>\n<meta name=\"robots\" content=\"index, follow, max-snippet:-1, max-image-preview:large, max-video-preview:-1\" \/>\n<link rel=\"canonical\" href=\"https:\/\/lamoixina.com\/es\/eventos\/celebraciones\/\" \/>\n<meta property=\"og:locale\" content=\"es_ES\" \/>\n<meta property=\"og:type\" content=\"article\" \/>\n<meta property=\"og:title\" content=\"Celebraciones, Bautizos, Comuniones | La Moixina Restaurante Olot\" \/>\n<meta property=\"og:description\" content=\"Restaurante La Moixina, en Olot (Girona) para vuestras celebraciones familiares, bautizos, comuniones, aniversarios y m\u00e1s!\" \/>\n<meta property=\"og:url\" content=\"https:\/\/lamoixina.com\/es\/eventos\/celebraciones\/\" \/>\n<meta property=\"og:site_name\" content=\"La Moixina\" \/>\n<meta property=\"article:modified_time\" content=\"2021-04-27T09:56:10+00:00\" \/>\n<meta name=\"twitter:card\" content=\"summary_large_image\" \/>\n<meta name=\"twitter:label1\" content=\"Tiempo de lectura\" \/>\n\t<meta name=\"twitter:data1\" content=\"4 minutos\" \/>\n<script type=\"application\/ld+json\" class=\"yoast-schema-graph\">{\"@context\":\"https:\/\/schema.org\",\"@graph\":[{\"@type\":\"WebPage\",\"@id\":\"https:\/\/lamoixina.com\/es\/eventos\/celebraciones\/\",\"url\":\"https:\/\/lamoixina.com\/es\/eventos\/celebraciones\/\",\"name\":\"Celebraciones, Bautizos, Comuniones | La Moixina Restaurante Olot\",\"isPartOf\":{\"@id\":\"https:\/\/lamoixina.com\/es\/#website\"},\"datePublished\":\"2021-03-17T12:33:43+00:00\",\"dateModified\":\"2021-04-27T09:56:10+00:00\",\"description\":\"Restaurante La Moixina, en Olot (Girona) para vuestras celebraciones familiares, bautizos, comuniones, aniversarios y m\u00e1s!\",\"breadcrumb\":{\"@id\":\"https:\/\/lamoixina.com\/es\/eventos\/celebraciones\/#breadcrumb\"},\"inLanguage\":\"es\",\"potentialAction\":[{\"@type\":\"ReadAction\",\"target\":[\"https:\/\/lamoixina.com\/es\/eventos\/celebraciones\/\"]}]},{\"@type\":\"BreadcrumbList\",\"@id\":\"https:\/\/lamoixina.com\/es\/eventos\/celebraciones\/#breadcrumb\",\"itemListElement\":[{\"@type\":\"ListItem\",\"position\":1,\"name\":\"Inici\",\"item\":\"https:\/\/lamoixina.com\/es\/\"},{\"@type\":\"ListItem\",\"position\":2,\"name\":\"Eventos\",\"item\":\"https:\/\/lamoixina.com\/es\/eventos\/\"},{\"@type\":\"ListItem\",\"position\":3,\"name\":\"Celebraciones Familiares Restaurante Olot\"}]},{\"@type\":\"WebSite\",\"@id\":\"https:\/\/lamoixina.com\/es\/#website\",\"url\":\"https:\/\/lamoixina.com\/es\/\",\"name\":\"La Moixina\",\"description\":\"Restaurant Olot de Cuina Volc\u00e0nica\",\"publisher\":{\"@id\":\"https:\/\/lamoixina.com\/es\/#organization\"},\"potentialAction\":[{\"@type\":\"SearchAction\",\"target\":{\"@type\":\"EntryPoint\",\"urlTemplate\":\"https:\/\/lamoixina.com\/es\/?s={search_term_string}\"},\"query-input\":{\"@type\":\"PropertyValueSpecification\",\"valueRequired\":true,\"valueName\":\"search_term_string\"}}],\"inLanguage\":\"es\"},{\"@type\":\"Organization\",\"@id\":\"https:\/\/lamoixina.com\/es\/#organization\",\"name\":\"La Moixina\",\"url\":\"https:\/\/lamoixina.com\/es\/\",\"logo\":{\"@type\":\"ImageObject\",\"inLanguage\":\"es\",\"@id\":\"https:\/\/lamoixina.com\/es\/#\/schema\/logo\/image\/\",\"url\":\"https:\/\/lamoixina.com\/wp-content\/uploads\/2020\/12\/MoixinaM@2.png\",\"contentUrl\":\"https:\/\/lamoixina.com\/wp-content\/uploads\/2020\/12\/MoixinaM@2.png\",\"width\":300,\"height\":140,\"caption\":\"La Moixina\"},\"image\":{\"@id\":\"https:\/\/lamoixina.com\/es\/#\/schema\/logo\/image\/\"}}]}<\/script>\n<!-- \/ Yoast SEO plugin. -->","yoast_head_json":{"title":"Celebraciones, Bautizos, Comuniones | La Moixina Restaurante Olot","description":"Restaurante La Moixina, en Olot (Girona) para vuestras celebraciones familiares, bautizos, comuniones, aniversarios y m\u00e1s!","robots":{"index":"index","follow":"follow","max-snippet":"max-snippet:-1","max-image-preview":"max-image-preview:large","max-video-preview":"max-video-preview:-1"},"canonical":"https:\/\/lamoixina.com\/es\/eventos\/celebraciones\/","og_locale":"es_ES","og_type":"article","og_title":"Celebraciones, Bautizos, Comuniones | La Moixina Restaurante Olot","og_description":"Restaurante La Moixina, en Olot (Girona) para vuestras celebraciones familiares, bautizos, comuniones, aniversarios y m\u00e1s!","og_url":"https:\/\/lamoixina.com\/es\/eventos\/celebraciones\/","og_site_name":"La Moixina","article_modified_time":"2021-04-27T09:56:10+00:00","twitter_card":"summary_large_image","twitter_misc":{"Tiempo de lectura":"4 minutos"},"schema":{"@context":"https:\/\/schema.org","@graph":[{"@type":"WebPage","@id":"https:\/\/lamoixina.com\/es\/eventos\/celebraciones\/","url":"https:\/\/lamoixina.com\/es\/eventos\/celebraciones\/","name":"Celebraciones, Bautizos, Comuniones | La Moixina Restaurante Olot","isPartOf":{"@id":"https:\/\/lamoixina.com\/es\/#website"},"datePublished":"2021-03-17T12:33:43+00:00","dateModified":"2021-04-27T09:56:10+00:00","description":"Restaurante La Moixina, en Olot (Girona) para vuestras celebraciones familiares, bautizos, comuniones, aniversarios y m\u00e1s!","breadcrumb":{"@id":"https:\/\/lamoixina.com\/es\/eventos\/celebraciones\/#breadcrumb"},"inLanguage":"es","potentialAction":[{"@type":"ReadAction","target":["https:\/\/lamoixina.com\/es\/eventos\/celebraciones\/"]}]},{"@type":"BreadcrumbList","@id":"https:\/\/lamoixina.com\/es\/eventos\/celebraciones\/#breadcrumb","itemListElement":[{"@type":"ListItem","position":1,"name":"Inici","item":"https:\/\/lamoixina.com\/es\/"},{"@type":"ListItem","position":2,"name":"Eventos","item":"https:\/\/lamoixina.com\/es\/eventos\/"},{"@type":"ListItem","position":3,"name":"Celebraciones Familiares Restaurante Olot"}]},{"@type":"WebSite","@id":"https:\/\/lamoixina.com\/es\/#website","url":"https:\/\/lamoixina.com\/es\/","name":"La Moixina","description":"Restaurant Olot de Cuina Volc\u00e0nica","publisher":{"@id":"https:\/\/lamoixina.com\/es\/#organization"},"potentialAction":[{"@type":"SearchAction","target":{"@type":"EntryPoint","urlTemplate":"https:\/\/lamoixina.com\/es\/?s={search_term_string}"},"query-input":{"@type":"PropertyValueSpecification","valueRequired":true,"valueName":"search_term_string"}}],"inLanguage":"es"},{"@type":"Organization","@id":"https:\/\/lamoixina.com\/es\/#organization","name":"La Moixina","url":"https:\/\/lamoixina.com\/es\/","logo":{"@type":"ImageObject","inLanguage":"es","@id":"https:\/\/lamoixina.com\/es\/#\/schema\/logo\/image\/","url":"https:\/\/lamoixina.com\/wp-content\/uploads\/2020\/12\/MoixinaM@2.png","contentUrl":"https:\/\/lamoixina.com\/wp-content\/uploads\/2020\/12\/MoixinaM@2.png","width":300,"height":140,"caption":"La Moixina"},"image":{"@id":"https:\/\/lamoixina.com\/es\/#\/schema\/logo\/image\/"}}]}},"_links":{"self":[{"href":"https:\/\/lamoixina.com\/es\/wp-json\/wp\/v2\/pages\/2300","targetHints":{"allow":["GET"]}}],"collection":[{"href":"https:\/\/lamoixina.com\/es\/wp-json\/wp\/v2\/pages"}],"about":[{"href":"https:\/\/lamoixina.com\/es\/wp-json\/wp\/v2\/types\/page"}],"author":[{"embeddable":true,"href":"https:\/\/lamoixina.com\/es\/wp-json\/wp\/v2\/users\/1"}],"replies":[{"embeddable":true,"href":"https:\/\/lamoixina.com\/es\/wp-json\/wp\/v2\/comments?post=2300"}],"version-history":[{"count":6,"href":"https:\/\/lamoixina.com\/es\/wp-json\/wp\/v2\/pages\/2300\/revisions"}],"predecessor-version":[{"id":2416,"href":"https:\/\/lamoixina.com\/es\/wp-json\/wp\/v2\/pages\/2300\/revisions\/2416"}],"up":[{"embeddable":true,"href":"https:\/\/lamoixina.com\/es\/wp-json\/wp\/v2\/pages\/2243"}],"wp:attachment":[{"href":"https:\/\/lamoixina.com\/es\/wp-json\/wp\/v2\/media?parent=2300"}],"curies":[{"name":"wp","href":"https:\/\/api.w.org\/{rel}","templated":true}]}}