{"id":3432,"date":"2024-08-19T09:31:36","date_gmt":"2024-08-19T07:31:36","guid":{"rendered":"https:\/\/lamoixina.com\/cartas-restaurante\/menu-infantil\/"},"modified":"2026-02-20T09:20:13","modified_gmt":"2026-02-20T07:20:13","slug":"carta-infantil","status":"publish","type":"page","link":"https:\/\/lamoixina.com\/es\/cartas-restaurante\/carta-infantil\/","title":{"rendered":"Carta Infantil"},"content":{"rendered":"<div class=\"wpb-content-wrapper\"><p>[vc_row full_width=\u00bbstretch_row_content_no_spaces\u00bb gap=\u00bb5&#8243; equal_height=\u00bbyes\u00bb css=\u00bb.vc_custom_1612978271544{margin-top: 0px !important;margin-right: 0px !important;margin-bottom: 0px !important;margin-left: 0px !important;border-top-width: 0px !important;border-right-width: 0px !important;border-bottom-width: 0px !important;border-left-width: 0px !important;padding-top: 0px !important;padding-right: 0px !important;padding-bottom: 0px !important;padding-left: 0px !important;background-color: #ffffff !important;background-position: 0 0 !important;background-repeat: no-repeat !important;}\u00bb][vc_column css=\u00bb.vc_custom_1612976271551{margin-top: 0px !important;margin-right: 0px !important;margin-bottom: 0px !important;margin-left: 0px !important;border-top-width: 0px !important;border-right-width: 0px !important;border-bottom-width: 0px !important;border-left-width: 0px !important;padding-top: 0px !important;padding-right: 0px !important;padding-bottom: 0px !important;padding-left: 0px !important;background-color: #95493c !important;}\u00bb]<div class=\"ult-animation  ult-animate-viewport  ult-no-mobile  vc_custom_1612966824049\" data-animate=\"bounce\" data-animation-delay=\"0\" data-animation-duration=\"3\" data-animation-iteration=\"1\" style=\"opacity:0;\" data-opacity_start_effect=\"\"><div id=\"ultimate-heading-80316a04bd4f041db\" class=\"uvc-heading ult-adjust-bottom-margin ultimate-heading-80316a04bd4f041db uvc-6602 \" data-hspacer=\"no_spacer\"  data-halign=\"center\" style=\"text-align:center\"><div class=\"uvc-heading-spacer no_spacer\" style=\"top\"><\/div><div class=\"uvc-main-heading ult-responsive\"  data-ultimate-target='.uvc-heading.ultimate-heading-80316a04bd4f041db h1'  data-responsive-json-new='{\"font-size\":\"desktop:60px;tablet:50px;tablet_portrait:50px;mobile_landscape:50px;mobile:40px;\",\"line-height\":\"\"}' ><h1 style=\"--font-weight:theme;color:#ffffff;\">CARTA INFANTIL<\/h1><\/div><\/div><\/div>[\/vc_column][\/vc_row][vc_row][vc_column css=\u00bb.vc_custom_1612977584073{padding-top: 5% !important;padding-bottom: 5% !important;}\u00bb]<div id=\"ultimate-heading-16436a04bd4f04237\" class=\"uvc-heading ult-adjust-bottom-margin ultimate-heading-16436a04bd4f04237 uvc-2823 \" data-hspacer=\"no_spacer\"  data-halign=\"center\" style=\"text-align:center\"><div class=\"uvc-heading-spacer no_spacer\" style=\"top\"><\/div><div class=\"uvc-main-heading ult-responsive\"  data-ultimate-target='.uvc-heading.ultimate-heading-16436a04bd4f04237 h3'  data-responsive-json-new='{\"font-size\":\"desktop:35px;tablet:35px;tablet_portrait:25px;mobile_landscape:35px;mobile:35px;\",\"line-height\":\"\"}' ><h3 style=\"--font-weight:theme;color:#674c41;\">PLATOS<\/h3><\/div><div class=\"uvc-sub-heading ult-responsive\"  data-ultimate-target='.uvc-heading.ultimate-heading-16436a04bd4f04237 .uvc-sub-heading '  data-responsive-json-new='{\"font-size\":\"\",\"line-height\":\"\"}'  style=\"font-weight:normal;color:#674c41;\"><em>*a elegir<\/em><\/div><\/div>[vc_column_text css=\u00bb.vc_custom_1771571887037{padding-top: 3% !important;padding-right: 5% !important;padding-bottom: 3% !important;padding-left: 5% !important;}\u00bb]<\/p>\n<p style=\"text-align: center;\">Macarrones a la bolo\u00f1esa 9,00<br \/>\n<img loading=\"lazy\" decoding=\"async\" class=\"alignbottom wp-image-1033\" src=\"https:\/\/lamoixina.com\/wp-content\/uploads\/2021\/02\/plats-cuina-volcanica-olot.png\" alt=\"\" width=\"22\" height=\"21\" \/> Canelones gratinados 9,90<br \/>\nCroquetas de jam\u00f3n 8,80<br \/>\n<img loading=\"lazy\" decoding=\"async\" class=\"alignbottom wp-image-1033\" src=\"https:\/\/lamoixina.com\/wp-content\/uploads\/2021\/02\/plats-cuina-volcanica-olot.png\" alt=\"\" width=\"22\" height=\"21\" \/> Croquetas de asado 8,80<br \/>\n<img loading=\"lazy\" decoding=\"async\" class=\"alignbottom wp-image-1033\" src=\"https:\/\/lamoixina.com\/wp-content\/uploads\/2021\/02\/plats-cuina-volcanica-olot.png\" alt=\"\" width=\"22\" height=\"21\" \/> Patatas de Olot (4 unidades) 12,85<br \/>\n<img loading=\"lazy\" decoding=\"async\" class=\"alignbottom wp-image-1033\" src=\"https:\/\/lamoixina.com\/wp-content\/uploads\/2021\/02\/plats-cuina-volcanica-olot.png\" alt=\"\" width=\"22\" height=\"21\" \/> Hamburguesa de ternera de Mas la Carrera con patatas fritas naturales 12,35<br \/>\nEscalope de pollo con patatas fritas 12,20<br \/>\n<img loading=\"lazy\" decoding=\"async\" class=\"alignbottom wp-image-1033\" src=\"https:\/\/lamoixina.com\/wp-content\/uploads\/2021\/02\/plats-cuina-volcanica-olot.png\" alt=\"\" width=\"22\" height=\"21\" \/> Longaniza de sal y pimienta con patatas fritas 9,90<\/p>\n<p>[\/vc_column_text]<div id=\"ultimate-heading-92296a04bd4f0427c\" class=\"uvc-heading ult-adjust-bottom-margin ultimate-heading-92296a04bd4f0427c uvc-5355 \" data-hspacer=\"no_spacer\"  data-halign=\"center\" style=\"text-align:center\"><div class=\"uvc-heading-spacer no_spacer\" style=\"top\"><\/div><div class=\"uvc-main-heading ult-responsive\"  data-ultimate-target='.uvc-heading.ultimate-heading-92296a04bd4f0427c h3'  data-responsive-json-new='{\"font-size\":\"desktop:35px;tablet:35px;tablet_portrait:25px;mobile_landscape:35px;mobile:35px;\",\"line-height\":\"\"}' ><h3 style=\"--font-weight:theme;color:#674c41;\">POSTRES<\/h3><\/div><\/div>[vc_column_text css=\u00bb.vc_custom_1771572011966{padding-top: 3% !important;padding-right: 5% !important;padding-bottom: 3% !important;padding-left: 5% !important;}\u00bb]<\/p>\n<p style=\"text-align: center;\"><em><img loading=\"lazy\" decoding=\"async\" src=\"https:\/\/lamoixina.com\/wp-content\/uploads\/2021\/02\/plats-cuina-volcanica-olot.png\" alt=\"\" width=\"20\" height=\"19\" \/><img loading=\"lazy\" decoding=\"async\" src=\"https:\/\/lamoixina.com\/wp-content\/uploads\/2021\/02\/plats-sense-gluten-restaurant-olot.svg\" alt=\"\" width=\"20\" height=\"20\" \/><\/em>\u00a0Crema Catalana 5,10<br \/>\n<em><img loading=\"lazy\" decoding=\"async\" src=\"https:\/\/lamoixina.com\/wp-content\/uploads\/2021\/02\/plats-cuina-volcanica-olot.png\" alt=\"\" width=\"20\" height=\"19\" \/><img loading=\"lazy\" decoding=\"async\" src=\"https:\/\/lamoixina.com\/wp-content\/uploads\/2021\/02\/plats-sense-gluten-restaurant-olot.svg\" alt=\"\" width=\"20\" height=\"20\" \/><\/em>\u00a0Flan de huevo con nata 5,00<br \/>\n<em><img loading=\"lazy\" decoding=\"async\" src=\"https:\/\/lamoixina.com\/wp-content\/uploads\/2021\/02\/plats-sense-gluten-restaurant-olot.svg\" alt=\"\" width=\"20\" height=\"20\" \/><\/em>\u00a0Yogur natural 2,65<br \/>\nHelados del bar<br \/>\n<em><img loading=\"lazy\" decoding=\"async\" src=\"https:\/\/lamoixina.com\/wp-content\/uploads\/2021\/02\/plats-sense-gluten-restaurant-olot.svg\" alt=\"\" width=\"20\" height=\"20\" \/><\/em>\u00a0Helados de bola: nata, vainilla, chocolate, coco (una bola 2,50)<br \/>\n<em><img loading=\"lazy\" decoding=\"async\" src=\"https:\/\/lamoixina.com\/wp-content\/uploads\/2021\/02\/plats-sense-gluten-restaurant-olot.svg\" alt=\"\" width=\"20\" height=\"20\" \/><\/em>\u00a0Sorbetes de bola: mango y fruta de la pasi\u00f3n, fresa, lim\u00f3n (una bola 2,50)<\/p>\n<p>[\/vc_column_text][\/vc_column][\/vc_row][vc_row full_width=\u00bbstretch_row_content_no_spaces\u00bb content_placement=\u00bbmiddle\u00bb css=\u00bb.vc_custom_1616736486138{background-color: #e2e2e2 !important;}\u00bb][vc_column]<div id=\"ultimate-heading-70956a04bd4f042bd\" class=\"uvc-heading ult-adjust-bottom-margin ultimate-heading-70956a04bd4f042bd uvc-205 \" data-hspacer=\"no_spacer\"  data-halign=\"center\" style=\"text-align:center\"><div class=\"uvc-heading-spacer no_spacer\" style=\"top\"><\/div><div class=\"uvc-main-heading ult-responsive\"  data-ultimate-target='.uvc-heading.ultimate-heading-70956a04bd4f042bd h3'  data-responsive-json-new='{\"font-size\":\"desktop:35px;tablet:35px;tablet_portrait:25px;mobile_landscape:35px;mobile:35px;\",\"line-height\":\"\"}' ><h3 style=\"--font-weight:theme;color:#674c41;\">INFORMACI\u00d3N<\/h3><\/div><\/div>[vc_column_text css=\u00bb.vc_custom_1724052037026{padding-top: 3% !important;padding-right: 5% !important;padding-bottom: 3% !important;padding-left: 5% !important;}\u00bb]<\/p>\n<p style=\"text-align: center;\">Se incluye<\/p>\n<p style=\"text-align: center;\">&#8211;<\/p>\n<p style=\"text-align: center;\">Pan (el pan sin gluten tiene un suplemento de 1,70 \u20ac)<br \/>\nAgua mineral San Aniol, 1\u20442 litro por persona<\/p>\n<p style=\"text-align: center;\">&#8211;<\/p>\n<p style=\"text-align: center;\">Precio con IVA incluido<br \/>\nTenemos a su disposici\u00f3n la informaci\u00f3n de los al\u00e9rgenos.<br \/>\nRogamos que informen al camarero de sus alergias, intolerancias y preferencias alimentarias.<br \/>\n<b><img loading=\"lazy\" decoding=\"async\" class=\"alignbottom wp-image-1033\" src=\"https:\/\/lamoixina.com\/wp-content\/uploads\/2021\/02\/plats-cuina-volcanica-olot.png\" alt=\"\" width=\"20\" height=\"19\" \/><\/b>\u00a0Plato de Cocina Volc\u00e1nica <b><img loading=\"lazy\" decoding=\"async\" class=\"alignbottom wp-image-1033\" src=\"https:\/\/lamoixina.com\/wp-content\/uploads\/2021\/02\/plats-cuina-volcanica-olot.png\" alt=\"\" width=\"20\" height=\"19\" \/><\/b>\u00a0Plato apto para vegetariano <img loading=\"lazy\" decoding=\"async\" class=\"size-medium wp-image-935 alignnone\" src=\"https:\/\/lamoixina.com\/wp-content\/uploads\/2021\/02\/plats-vegans-olot.svg\" alt=\"\" width=\"20\" height=\"20\" \/>\u00a0 Plato apto para vegano<\/p>\n<p>[\/vc_column_text][vc_row_inner][vc_column_inner width=\u00bb1\/2&#8243;]<div class=\" ubtn-ctn-center \"><button type=\"button\" id=\"ubtn-3026\"  class=\"ubtn ult-adjust-bottom-margin ult-responsive ubtn-large ubtn-fade-bg  ulta-grow  ubtn-sep-icon ubtn-sep-icon-at-left  ubtn-center   tooltip-6a04bd4f042fb\"  data-hover=\"#ffffff\" data-border-color=\"\" data-bg=\"#95493c\" data-hover-bg=\"#936055\" data-border-hover=\"\" data-shadow-hover=\"\" data-shadow-click=\"none\" data-shadow=\"\" data-shd-shadow=\"\"  data-ultimate-target='#ubtn-3026'  data-responsive-json-new='{\"font-size\":\"\",\"line-height\":\"\"}'  style=\"font-family:&#039;Montserrat&#039;;font-weight:300;border:none;background: #95493c;color: #ffffff;\"><span class=\"ubtn-data ubtn-icon\"><i class=\"icomoon-the7-font-the7-arrow-28\" style=\"font-size:12px;color:#ffffff;\"><\/i><\/span><span class=\"ubtn-hover\" style=\"background-color:#936055\"><\/span><span class=\"ubtn-data ubtn-text \" >VUELVE A CARTA Y MEN\u00daS<\/span><\/button><\/div>[\/vc_column_inner][vc_column_inner width=\u00bb1\/2&#8243;]<div class=\" ubtn-ctn-center \"><button type=\"button\" id=\"ubtn-4799\"  class=\"ubtn ult-adjust-bottom-margin ult-responsive ubtn-large ubtn-fade-bg  ulta-grow  ubtn-sep-icon ubtn-sep-icon-at-left  ubtn-center   tooltip-6a04bd4f04355\"  data-hover=\"#ffffff\" data-border-color=\"\" data-bg=\"#95493c\" data-hover-bg=\"#936055\" data-border-hover=\"\" data-shadow-hover=\"\" data-shadow-click=\"none\" data-shadow=\"\" data-shd-shadow=\"\"  data-ultimate-target='#ubtn-4799'  data-responsive-json-new='{\"font-size\":\"\",\"line-height\":\"\"}'  style=\"font-family:&#039;Montserrat&#039;;font-weight:300;border:none;background: #95493c;color: #ffffff;\"><span class=\"ubtn-data ubtn-icon\"><i class=\"icomoon-the7-font-the7-cart-00\" style=\"font-size:12px;color:#ffffff;\"><\/i><\/span><span class=\"ubtn-hover\" style=\"background-color:#936055\"><\/span><span class=\"ubtn-data ubtn-text \" >REGALAR EL MEN\u00da DE TEMPORADA<\/span><\/button><\/div>[\/vc_column_inner][\/vc_row_inner][\/vc_column][\/vc_row]<\/p>\n<\/div>","protected":false},"excerpt":{"rendered":"<p>[vc_row full_width=\u00bbstretch_row_content_no_spaces\u00bb gap=\u00bb5&#8243; equal_height=\u00bbyes\u00bb css=\u00bb.vc_custom_1612978271544{margin-top: 0px !important;margin-right: 0px !important;margin-bottom: 0px !important;margin-left: 0px !important;border-top-width: 0px !important;border-right-width: 0px !important;border-bottom-width: 0px !important;border-left-width: 0px !important;padding-top: 0px !important;padding-right: 0px !important;padding-bottom: 0px !important;padding-left: 0px !important;background-color: #ffffff !important;background-position: 0 0 !important;background-repeat: no-repeat !important;}\u00bb][vc_column css=\u00bb.vc_custom_1612976271551{margin-top: 0px !important;margin-right: 0px !important;margin-bottom: 0px !important;margin-left: 0px !important;border-top-width: 0px !important;border-right-width: 0px !important;border-bottom-width: 0px !important;border-left-width: 0px !important;padding-top: 0px !important;padding-right:&hellip;<\/p>\n","protected":false},"author":1,"featured_media":0,"parent":2061,"menu_order":0,"comment_status":"closed","ping_status":"closed","template":"","meta":{"footnotes":""},"class_list":["post-3432","page","type-page","status-publish","hentry","description-off"],"yoast_head":"<!-- This site is optimized with the Yoast SEO plugin v27.2 - https:\/\/yoast.com\/product\/yoast-seo-wordpress\/ -->\n<title>Carta Infantil - La Moixina<\/title>\n<meta name=\"description\" content=\"Restaurante la Moixina. Ven y degusta el men\u00fa temporada los mediod\u00edas y v\u00edsperas de entre semana y fin de semana.\" \/>\n<meta name=\"robots\" content=\"index, follow, max-snippet:-1, max-image-preview:large, max-video-preview:-1\" \/>\n<link rel=\"canonical\" href=\"https:\/\/lamoixina.com\/es\/cartas-restaurante\/carta-infantil\/\" \/>\n<meta property=\"og:locale\" content=\"es_ES\" \/>\n<meta property=\"og:type\" content=\"article\" \/>\n<meta property=\"og:title\" content=\"Carta Infantil - La Moixina\" \/>\n<meta property=\"og:description\" content=\"Restaurante la Moixina. Ven y degusta el men\u00fa temporada los mediod\u00edas y v\u00edsperas de entre semana y fin de semana.\" \/>\n<meta property=\"og:url\" content=\"https:\/\/lamoixina.com\/es\/cartas-restaurante\/carta-infantil\/\" \/>\n<meta property=\"og:site_name\" content=\"La Moixina\" \/>\n<meta property=\"article:modified_time\" content=\"2026-02-20T07:20:13+00:00\" \/>\n<meta property=\"og:image\" content=\"https:\/\/lamoixina.com\/wp-content\/uploads\/2021\/02\/plats-cuina-volcanica-olot.png\" \/>\n\t<meta property=\"og:image:width\" content=\"206\" \/>\n\t<meta property=\"og:image:height\" content=\"199\" \/>\n\t<meta property=\"og:image:type\" content=\"image\/png\" \/>\n<meta name=\"twitter:card\" content=\"summary_large_image\" \/>\n<meta name=\"twitter:label1\" content=\"Tiempo de lectura\" \/>\n\t<meta name=\"twitter:data1\" content=\"4 minutos\" \/>\n<script type=\"application\/ld+json\" class=\"yoast-schema-graph\">{\"@context\":\"https:\/\/schema.org\",\"@graph\":[{\"@type\":\"WebPage\",\"@id\":\"https:\/\/lamoixina.com\/es\/cartas-restaurante\/carta-infantil\/\",\"url\":\"https:\/\/lamoixina.com\/es\/cartas-restaurante\/carta-infantil\/\",\"name\":\"Carta Infantil - La Moixina\",\"isPartOf\":{\"@id\":\"https:\/\/lamoixina.com\/es\/#website\"},\"primaryImageOfPage\":{\"@id\":\"https:\/\/lamoixina.com\/es\/cartas-restaurante\/carta-infantil\/#primaryimage\"},\"image\":{\"@id\":\"https:\/\/lamoixina.com\/es\/cartas-restaurante\/carta-infantil\/#primaryimage\"},\"thumbnailUrl\":\"https:\/\/lamoixina.com\/wp-content\/uploads\/2021\/02\/plats-cuina-volcanica-olot.png\",\"datePublished\":\"2024-08-19T07:31:36+00:00\",\"dateModified\":\"2026-02-20T07:20:13+00:00\",\"description\":\"Restaurante la Moixina. Ven y degusta el men\u00fa temporada los mediod\u00edas y v\u00edsperas de entre semana y fin de semana.\",\"breadcrumb\":{\"@id\":\"https:\/\/lamoixina.com\/es\/cartas-restaurante\/carta-infantil\/#breadcrumb\"},\"inLanguage\":\"es\",\"potentialAction\":[{\"@type\":\"ReadAction\",\"target\":[\"https:\/\/lamoixina.com\/es\/cartas-restaurante\/carta-infantil\/\"]}]},{\"@type\":\"ImageObject\",\"inLanguage\":\"es\",\"@id\":\"https:\/\/lamoixina.com\/es\/cartas-restaurante\/carta-infantil\/#primaryimage\",\"url\":\"https:\/\/lamoixina.com\/wp-content\/uploads\/2021\/02\/plats-cuina-volcanica-olot.png\",\"contentUrl\":\"https:\/\/lamoixina.com\/wp-content\/uploads\/2021\/02\/plats-cuina-volcanica-olot.png\"},{\"@type\":\"BreadcrumbList\",\"@id\":\"https:\/\/lamoixina.com\/es\/cartas-restaurante\/carta-infantil\/#breadcrumb\",\"itemListElement\":[{\"@type\":\"ListItem\",\"position\":1,\"name\":\"Inici\",\"item\":\"https:\/\/lamoixina.com\/es\/\"},{\"@type\":\"ListItem\",\"position\":2,\"name\":\"CARTAS RESTAURANTE LA MOXINA\",\"item\":\"https:\/\/lamoixina.com\/es\/cartas-restaurante\/\"},{\"@type\":\"ListItem\",\"position\":3,\"name\":\"Carta Infantil\"}]},{\"@type\":\"WebSite\",\"@id\":\"https:\/\/lamoixina.com\/es\/#website\",\"url\":\"https:\/\/lamoixina.com\/es\/\",\"name\":\"La Moixina\",\"description\":\"Restaurant Olot de Cuina Volc\u00e0nica\",\"publisher\":{\"@id\":\"https:\/\/lamoixina.com\/es\/#organization\"},\"potentialAction\":[{\"@type\":\"SearchAction\",\"target\":{\"@type\":\"EntryPoint\",\"urlTemplate\":\"https:\/\/lamoixina.com\/es\/?s={search_term_string}\"},\"query-input\":{\"@type\":\"PropertyValueSpecification\",\"valueRequired\":true,\"valueName\":\"search_term_string\"}}],\"inLanguage\":\"es\"},{\"@type\":\"Organization\",\"@id\":\"https:\/\/lamoixina.com\/es\/#organization\",\"name\":\"La Moixina\",\"url\":\"https:\/\/lamoixina.com\/es\/\",\"logo\":{\"@type\":\"ImageObject\",\"inLanguage\":\"es\",\"@id\":\"https:\/\/lamoixina.com\/es\/#\/schema\/logo\/image\/\",\"url\":\"https:\/\/lamoixina.com\/wp-content\/uploads\/2020\/12\/MoixinaM@2.png\",\"contentUrl\":\"https:\/\/lamoixina.com\/wp-content\/uploads\/2020\/12\/MoixinaM@2.png\",\"width\":300,\"height\":140,\"caption\":\"La Moixina\"},\"image\":{\"@id\":\"https:\/\/lamoixina.com\/es\/#\/schema\/logo\/image\/\"}}]}<\/script>\n<!-- \/ Yoast SEO plugin. -->","yoast_head_json":{"title":"Carta Infantil - La Moixina","description":"Restaurante la Moixina. Ven y degusta el men\u00fa temporada los mediod\u00edas y v\u00edsperas de entre semana y fin de semana.","robots":{"index":"index","follow":"follow","max-snippet":"max-snippet:-1","max-image-preview":"max-image-preview:large","max-video-preview":"max-video-preview:-1"},"canonical":"https:\/\/lamoixina.com\/es\/cartas-restaurante\/carta-infantil\/","og_locale":"es_ES","og_type":"article","og_title":"Carta Infantil - La Moixina","og_description":"Restaurante la Moixina. Ven y degusta el men\u00fa temporada los mediod\u00edas y v\u00edsperas de entre semana y fin de semana.","og_url":"https:\/\/lamoixina.com\/es\/cartas-restaurante\/carta-infantil\/","og_site_name":"La Moixina","article_modified_time":"2026-02-20T07:20:13+00:00","og_image":[{"width":206,"height":199,"url":"https:\/\/lamoixina.com\/wp-content\/uploads\/2021\/02\/plats-cuina-volcanica-olot.png","type":"image\/png"}],"twitter_card":"summary_large_image","twitter_misc":{"Tiempo de lectura":"4 minutos"},"schema":{"@context":"https:\/\/schema.org","@graph":[{"@type":"WebPage","@id":"https:\/\/lamoixina.com\/es\/cartas-restaurante\/carta-infantil\/","url":"https:\/\/lamoixina.com\/es\/cartas-restaurante\/carta-infantil\/","name":"Carta Infantil - La Moixina","isPartOf":{"@id":"https:\/\/lamoixina.com\/es\/#website"},"primaryImageOfPage":{"@id":"https:\/\/lamoixina.com\/es\/cartas-restaurante\/carta-infantil\/#primaryimage"},"image":{"@id":"https:\/\/lamoixina.com\/es\/cartas-restaurante\/carta-infantil\/#primaryimage"},"thumbnailUrl":"https:\/\/lamoixina.com\/wp-content\/uploads\/2021\/02\/plats-cuina-volcanica-olot.png","datePublished":"2024-08-19T07:31:36+00:00","dateModified":"2026-02-20T07:20:13+00:00","description":"Restaurante la Moixina. Ven y degusta el men\u00fa temporada los mediod\u00edas y v\u00edsperas de entre semana y fin de semana.","breadcrumb":{"@id":"https:\/\/lamoixina.com\/es\/cartas-restaurante\/carta-infantil\/#breadcrumb"},"inLanguage":"es","potentialAction":[{"@type":"ReadAction","target":["https:\/\/lamoixina.com\/es\/cartas-restaurante\/carta-infantil\/"]}]},{"@type":"ImageObject","inLanguage":"es","@id":"https:\/\/lamoixina.com\/es\/cartas-restaurante\/carta-infantil\/#primaryimage","url":"https:\/\/lamoixina.com\/wp-content\/uploads\/2021\/02\/plats-cuina-volcanica-olot.png","contentUrl":"https:\/\/lamoixina.com\/wp-content\/uploads\/2021\/02\/plats-cuina-volcanica-olot.png"},{"@type":"BreadcrumbList","@id":"https:\/\/lamoixina.com\/es\/cartas-restaurante\/carta-infantil\/#breadcrumb","itemListElement":[{"@type":"ListItem","position":1,"name":"Inici","item":"https:\/\/lamoixina.com\/es\/"},{"@type":"ListItem","position":2,"name":"CARTAS RESTAURANTE LA MOXINA","item":"https:\/\/lamoixina.com\/es\/cartas-restaurante\/"},{"@type":"ListItem","position":3,"name":"Carta Infantil"}]},{"@type":"WebSite","@id":"https:\/\/lamoixina.com\/es\/#website","url":"https:\/\/lamoixina.com\/es\/","name":"La Moixina","description":"Restaurant Olot de Cuina Volc\u00e0nica","publisher":{"@id":"https:\/\/lamoixina.com\/es\/#organization"},"potentialAction":[{"@type":"SearchAction","target":{"@type":"EntryPoint","urlTemplate":"https:\/\/lamoixina.com\/es\/?s={search_term_string}"},"query-input":{"@type":"PropertyValueSpecification","valueRequired":true,"valueName":"search_term_string"}}],"inLanguage":"es"},{"@type":"Organization","@id":"https:\/\/lamoixina.com\/es\/#organization","name":"La Moixina","url":"https:\/\/lamoixina.com\/es\/","logo":{"@type":"ImageObject","inLanguage":"es","@id":"https:\/\/lamoixina.com\/es\/#\/schema\/logo\/image\/","url":"https:\/\/lamoixina.com\/wp-content\/uploads\/2020\/12\/MoixinaM@2.png","contentUrl":"https:\/\/lamoixina.com\/wp-content\/uploads\/2020\/12\/MoixinaM@2.png","width":300,"height":140,"caption":"La Moixina"},"image":{"@id":"https:\/\/lamoixina.com\/es\/#\/schema\/logo\/image\/"}}]}},"_links":{"self":[{"href":"https:\/\/lamoixina.com\/es\/wp-json\/wp\/v2\/pages\/3432","targetHints":{"allow":["GET"]}}],"collection":[{"href":"https:\/\/lamoixina.com\/es\/wp-json\/wp\/v2\/pages"}],"about":[{"href":"https:\/\/lamoixina.com\/es\/wp-json\/wp\/v2\/types\/page"}],"author":[{"embeddable":true,"href":"https:\/\/lamoixina.com\/es\/wp-json\/wp\/v2\/users\/1"}],"replies":[{"embeddable":true,"href":"https:\/\/lamoixina.com\/es\/wp-json\/wp\/v2\/comments?post=3432"}],"version-history":[{"count":7,"href":"https:\/\/lamoixina.com\/es\/wp-json\/wp\/v2\/pages\/3432\/revisions"}],"predecessor-version":[{"id":3690,"href":"https:\/\/lamoixina.com\/es\/wp-json\/wp\/v2\/pages\/3432\/revisions\/3690"}],"up":[{"embeddable":true,"href":"https:\/\/lamoixina.com\/es\/wp-json\/wp\/v2\/pages\/2061"}],"wp:attachment":[{"href":"https:\/\/lamoixina.com\/es\/wp-json\/wp\/v2\/media?parent=3432"}],"curies":[{"name":"wp","href":"https:\/\/api.w.org\/{rel}","templated":true}]}}